{"id":498,"date":"2022-04-04T16:21:55","date_gmt":"2022-04-04T14:21:55","guid":{"rendered":"https:\/\/roulettes.vaniseo.top\/index.php\/produit\/petit-crochet-simple-metal-vieilli\/"},"modified":"2022-04-04T17:21:29","modified_gmt":"2022-04-04T15:21:29","slug":"petit-crochet-simple-metal-vieilli","status":"publish","type":"product","link":"https:\/\/roulettes.vaniseo.top\/index.php\/produit\/petit-crochet-simple-metal-vieilli\/","title":{"rendered":"Petit crochet simple m\u00e9tal vieilli"},"content":{"rendered":"<h4>Crochet vieilli petit mod\u00e8le.<\/h4>\n<p>_x000D_nJolie petit\u00a0<strong>crochet simple<\/strong> m\u00e9tal <em><strong>vieilli<\/strong><\/em>\u00a0qui peut servir de porte torchon, porte gant, \u00e0 fixer sur un support en bois pour les clefs ou les bijoux._x000D_n_x000D_nIl est design et \u00e9pur\u00e9 avec une forme pratique._x000D_n_x000D_nCe crochet comporte un syst\u00e8me d&rsquo;accrochage avec ses vis en m\u00e9tal vieilli et\u00a0s&rsquo;adaptera aux\u00a0univers de la maison._x000D_n_x000D_nIl est en zinc vieilli et de petit mod\u00e8le, il permettra de poser de petits objets type bijoux ou torchons._x000D_n_x000D_nFacile \u00e0 poser, ce crochet n\u00e9cessite un tournevis pour la fixation et peut r\u00e9sister \u00e0 un poids de 0,5 kg environ._x000D_n<\/p>\n<h4>Dimensions :<\/h4>\n<p>_x000D_n<\/p>\n<ul>_x000D_n \t<\/p>\n<li>Le crochet 3,3 cm X 1,2 cm<\/li>\n<p>_x000D_n \t<\/p>\n<li>\u00e9cartement maxi 2,1 cm<\/li>\n<p>_x000D_n \t<\/p>\n<li>Vis de 1 cm<\/li>\n<p>_x000D_n<\/ul>\n","protected":false},"excerpt":{"rendered":"<p>Jolie petit\u00a0<strong>crochet simple<\/strong> m\u00e9tal vieilli. Ce crochet petit mod\u00e8le qui peut servir de porte torchon, porte gant et peux se fixer sur un support en bois pour servir de porte clefs ou porte bijoux. Il est design et \u00e9pur\u00e9 avec une forme pratique et permet de poser de petits objets du type de bijoux ou de torchons. Bien fix\u00e9, il permet de supporter un poids d&rsquo;environ 0,5 kg.<\/p>\n","protected":false},"featured_media":2012,"comment_status":"closed","ping_status":"open","template":"","meta":[],"product_cat":[29,20],"product_tag":[26],"class_list":["post-498","product","type-product","status-publish","has-post-thumbnail","hentry","product_cat-chambre-adulte","product_cat-cuisine","product_tag-crochet-patere-patere-design-patere-murale-patere-porte-pateres-porte-serviette-porte-torchon","description-off"],"_links":{"self":[{"href":"https:\/\/roulettes.vaniseo.top\/index.php\/wp-json\/wp\/v2\/product\/498","targetHints":{"allow":["GET"]}}],"collection":[{"href":"https:\/\/roulettes.vaniseo.top\/index.php\/wp-json\/wp\/v2\/product"}],"about":[{"href":"https:\/\/roulettes.vaniseo.top\/index.php\/wp-json\/wp\/v2\/types\/product"}],"replies":[{"embeddable":true,"href":"https:\/\/roulettes.vaniseo.top\/index.php\/wp-json\/wp\/v2\/comments?post=498"}],"version-history":[{"count":0,"href":"https:\/\/roulettes.vaniseo.top\/index.php\/wp-json\/wp\/v2\/product\/498\/revisions"}],"wp:featuredmedia":[{"embeddable":true,"href":"https:\/\/roulettes.vaniseo.top\/index.php\/wp-json\/wp\/v2\/media\/2012"}],"wp:attachment":[{"href":"https:\/\/roulettes.vaniseo.top\/index.php\/wp-json\/wp\/v2\/media?parent=498"}],"wp:term":[{"taxonomy":"product_cat","embeddable":true,"href":"https:\/\/roulettes.vaniseo.top\/index.php\/wp-json\/wp\/v2\/product_cat?post=498"},{"taxonomy":"product_tag","embeddable":true,"href":"https:\/\/roulettes.vaniseo.top\/index.php\/wp-json\/wp\/v2\/product_tag?post=498"}],"curies":[{"name":"wp","href":"https:\/\/api.w.org\/{rel}","templated":true}]}}