{"id":50,"date":"2022-04-04T16:20:06","date_gmt":"2022-04-04T14:20:06","guid":{"rendered":"https:\/\/roulettes.vaniseo.top\/index.php\/produit\/patere-ventouse-porte-gant-arriere-de-kangourou-orange\/"},"modified":"2022-04-04T17:08:42","modified_gmt":"2022-04-04T15:08:42","slug":"patere-ventouse-porte-gant-arriere-de-kangourou-orange","status":"publish","type":"product","link":"https:\/\/roulettes.vaniseo.top\/index.php\/produit\/patere-ventouse-porte-gant-arriere-de-kangourou-orange\/","title":{"rendered":"Pat\u00e8re ventouse porte gant : arri\u00e8re de kangourou orange"},"content":{"rendered":"<h3>Rangement ventouse douche : queue de kangourou comme porte-gant<\/h3>\n<p>_x000D_nSi vous \u00eates \u00e0 la recherche d&rsquo;astuces pour que chacun range ses petites affaires dans la <strong>douche<\/strong>, en voici ici! Tout d&rsquo;abord, oubliez l&rsquo;autorit\u00e9, passez \u00e0 la m\u00e9thode douce et ludique avec l&rsquo;utilisation de <strong>pat\u00e8re ventouse\u00a0porte-gant<\/strong>. Ici, il s&rsquo;agit de la version <strong>arri\u00e8re-train de\u00a0kangourou orange<\/strong>! Franchement, quoi de plus inattendue ?!_x000D_n_x000D_nD\u00e9couvrez donc toutes les informations techniques et d\u00e9coratives de cette pat\u00e8re ci dessous._x000D_n_x000D_nMais tout d&rsquo;abord, voici un bref rappel de ce qu&rsquo;est la marque <a href=\"https:\/\/1001pateres.com\/brand\/1001pateres\/\"><strong>1001 Pat\u00e8res<\/strong><\/a>. En effet, celle-ci est \u00e0 la fois une marque mais surtout un site de vente en ligne de pat\u00e8res fran\u00e7ais. <strong>N\u00b01 en France<\/strong>, il vous offre la possibilit\u00e9 de trouver <strong>choix et qualit\u00e9<\/strong> quelque soit le style et le budget disponible. Il y en a <strong>pour tous les go\u00fbts et pour toute la famille<\/strong>!_x000D_n_x000D_n&nbsp;_x000D_n<\/p>\n<h3>Pat\u00e8re ventouse porte gant : arri\u00e8re de kangourou orange<\/h3>\n<p>_x000D_nC&rsquo;est ainsi que la <strong>pat\u00e8re ventouse porte gant<\/strong> a fait son apparition. Des arri\u00e8res trains d&rsquo;animaux color\u00e9s sont une <strong>bonne astuce<\/strong> ludique de rangement, notamment pour la <strong>douche<\/strong>._x000D_n_x000D_nIci, il s&rsquo;agit de l&rsquo;arri\u00e8re d&rsquo;un kangourou, mais la marque a d\u00e9velopp\u00e9 au total <strong>6 queues et pattes diff\u00e9rentes<\/strong> inspir\u00e9es du <strong>crocodile<\/strong>, du <strong>chien<\/strong>, de l&rsquo;<strong>oie<\/strong>, du <strong>tigre<\/strong> et du <strong>cheval<\/strong>._x000D_n_x000D_nAinsi, 1001 Pat\u00e8res vous propose la vente d&rsquo;un <a href=\"https:\/\/1001pateres.com\/produit\/lot-de-6-pateres-rigolotes-ventouses-animaux\/\"><strong>lot de 6<\/strong><\/a> ou de <strong>chaque ventouse \u00e0 l&rsquo;unit\u00e9<\/strong>._x000D_n_x000D_nC\u00f4t\u00e9 utilisation ensuite, rien de plus simple gr\u00e2ce \u00e0 la <strong>ventouse transparente<\/strong> pr\u00e9sente au dos du produit. En <strong>plastique<\/strong>, elle est id\u00e9ale pour s&rsquo;installer sur les carrelages. Elle peut supporter un <strong>poids d&rsquo;environ 2 kg<\/strong>. Elle conviendra donc aussi bien pour un gant de toilette, que pour un pyjama, ou une serviette de taille moyenne._x000D_n_x000D_nNos clients choisissent notamment cette pat\u00e8re \u00e0 poser au mur car elle ne n\u00e9cessite aucun outil pour sa pose. Ils l&rsquo;installent aussi bien dans la douche, la salle de bain, la cuisine ou encore dans les toilettes. Voici ses <strong>dimensions<\/strong> sp\u00e9cifiques \u00e0 l&rsquo;unit\u00e9:_x000D_n<\/p>\n<ul>_x000D_n \t<\/p>\n<li>Diam\u00e8tre de la ventouse: 4,3\u00a0cm<\/li>\n<p>_x000D_n \t<\/p>\n<li>Ecartement du mur: 3,5 cm<\/li>\n<p>_x000D_n<\/ul>\n","protected":false},"excerpt":{"rendered":"<p>Jolie <strong>pat\u00e8re ventouse<\/strong> <em><strong>kangourou orange<\/strong><\/em>.\u00a0Elle comporte un syst\u00e8me d&rsquo;accrochage form\u00e9 de la queue du kangourou et de ses pattes arri\u00e8res.\u00a0Le design est simple et na\u00eff pour apporter une touche de couleur dans la salle de bain ou dans la cuisine.<\/p>\n","protected":false},"featured_media":810,"comment_status":"closed","ping_status":"open","template":"","meta":[],"product_cat":[20,17,23],"product_tag":[26],"class_list":["post-50","product","type-product","status-publish","has-post-thumbnail","hentry","product_cat-cuisine","product_cat-salle-de-bain","product_cat-toilette-wc","product_tag-crochet-patere-patere-design-patere-murale-patere-porte-pateres-porte-serviette-porte-torchon","description-off"],"_links":{"self":[{"href":"https:\/\/roulettes.vaniseo.top\/index.php\/wp-json\/wp\/v2\/product\/50","targetHints":{"allow":["GET"]}}],"collection":[{"href":"https:\/\/roulettes.vaniseo.top\/index.php\/wp-json\/wp\/v2\/product"}],"about":[{"href":"https:\/\/roulettes.vaniseo.top\/index.php\/wp-json\/wp\/v2\/types\/product"}],"replies":[{"embeddable":true,"href":"https:\/\/roulettes.vaniseo.top\/index.php\/wp-json\/wp\/v2\/comments?post=50"}],"version-history":[{"count":0,"href":"https:\/\/roulettes.vaniseo.top\/index.php\/wp-json\/wp\/v2\/product\/50\/revisions"}],"wp:featuredmedia":[{"embeddable":true,"href":"https:\/\/roulettes.vaniseo.top\/index.php\/wp-json\/wp\/v2\/media\/810"}],"wp:attachment":[{"href":"https:\/\/roulettes.vaniseo.top\/index.php\/wp-json\/wp\/v2\/media?parent=50"}],"wp:term":[{"taxonomy":"product_cat","embeddable":true,"href":"https:\/\/roulettes.vaniseo.top\/index.php\/wp-json\/wp\/v2\/product_cat?post=50"},{"taxonomy":"product_tag","embeddable":true,"href":"https:\/\/roulettes.vaniseo.top\/index.php\/wp-json\/wp\/v2\/product_tag?post=50"}],"curies":[{"name":"wp","href":"https:\/\/api.w.org\/{rel}","templated":true}]}}