{"id":501,"date":"2022-04-04T16:21:55","date_gmt":"2022-04-04T14:21:55","guid":{"rendered":"https:\/\/roulettes.vaniseo.top\/index.php\/produit\/porte-manteaux-bois-brut-4-accroches\/"},"modified":"2022-04-04T17:21:31","modified_gmt":"2022-04-04T15:21:31","slug":"porte-manteaux-bois-brut-4-accroches","status":"publish","type":"product","link":"https:\/\/roulettes.vaniseo.top\/index.php\/produit\/porte-manteaux-bois-brut-4-accroches\/","title":{"rendered":"Porte-manteaux bois brut 4 accroches"},"content":{"rendered":"<h4>Pat\u00e8re bois 4 boutons crochets.<\/h4>\n<p>_x000D_nPorte-manteaux bois brut 4 accroches._x000D_n_x000D_nCe porte-manteaux <strong>BOIS brut<\/strong> comportant 4 boutons pat\u00e8res de la marque <em><strong>1001pateres<\/strong><\/em> est en bois \u00e0 peindre ou \u00e0 vernir. Il est \u00e0 poser dans tous les espaces pour ne plus voir trainer ses affaires._x000D_n_x000D_nAussi, son\u00a0syst\u00e8me d&rsquo;accrochage est simple, viss\u00e9 sur le mur._x000D_n_x000D_nLe porte-manteaux est de belle qualit\u00e9, en bois brut qui peut rendre plus ou moins fonc\u00e9 en fonction du bois._x000D_n_x000D_n<span style=\"line-height: 1.5\">Il\u00a0sait se rendre indispensable dans l&rsquo;entr\u00e9e pour ranger ses v\u00eatements.<\/span>_x000D_n_x000D_n<span style=\"line-height: 1.5\">La fixation\u00a0au mur de ce porte-manteaux bois brut 4 accroches se fait avec 2 vis, vis et chevilles sont fournies. Sa pose n\u00e9cessite l&rsquo;usage d&rsquo;une perceuse.<\/span>_x000D_n<\/p>\n<h4>Dimensions :<\/h4>\n<p>_x000D_n<\/p>\n<ul>_x000D_n \t<\/p>\n<li>Le support 49,5 cm X 4,5 cm<\/li>\n<p>_x000D_n \t<\/p>\n<li>Les pat\u00e8res boutons diam 3,5 cm, \u00e9cartement du mur 6 cm<\/li>\n<p>_x000D_n<\/ul>\n","protected":false},"excerpt":{"rendered":"<p>Ce porte-manteaux <strong>BOIS brut<\/strong> comportant 4 accroches pat\u00e8res de la marque <em><strong>1001pateres<\/strong><\/em> est en bois \u00e0 peindre ou \u00e0 vernir. Il est \u00e0 poser dans l&rsquo;entr\u00e9e pour ne plus voir trainer ses affaires. Son\u00a0syst\u00e8me d&rsquo;accrochage est simple, viss\u00e9 au mur. Il est de belle qualit\u00e9, en bois brut qui peut rendre plus ou moins fonc\u00e9 en fonction du bois.<\/p>\n","protected":false},"featured_media":2017,"comment_status":"closed","ping_status":"open","template":"","meta":[],"product_cat":[20,32,30,17],"product_tag":[25],"class_list":["post-501","product","type-product","status-publish","has-post-thumbnail","hentry","product_cat-cuisine","product_cat-entree-sejour","product_cat-garage-cellier","product_cat-salle-de-bain","product_tag-crochet-patere-patere-design-patere-murale-patere-porte-pateres-porte-manteau-porte-serviette-porte-torchon-vestiaire","description-off"],"_links":{"self":[{"href":"https:\/\/roulettes.vaniseo.top\/index.php\/wp-json\/wp\/v2\/product\/501","targetHints":{"allow":["GET"]}}],"collection":[{"href":"https:\/\/roulettes.vaniseo.top\/index.php\/wp-json\/wp\/v2\/product"}],"about":[{"href":"https:\/\/roulettes.vaniseo.top\/index.php\/wp-json\/wp\/v2\/types\/product"}],"replies":[{"embeddable":true,"href":"https:\/\/roulettes.vaniseo.top\/index.php\/wp-json\/wp\/v2\/comments?post=501"}],"version-history":[{"count":0,"href":"https:\/\/roulettes.vaniseo.top\/index.php\/wp-json\/wp\/v2\/product\/501\/revisions"}],"wp:featuredmedia":[{"embeddable":true,"href":"https:\/\/roulettes.vaniseo.top\/index.php\/wp-json\/wp\/v2\/media\/2017"}],"wp:attachment":[{"href":"https:\/\/roulettes.vaniseo.top\/index.php\/wp-json\/wp\/v2\/media?parent=501"}],"wp:term":[{"taxonomy":"product_cat","embeddable":true,"href":"https:\/\/roulettes.vaniseo.top\/index.php\/wp-json\/wp\/v2\/product_cat?post=501"},{"taxonomy":"product_tag","embeddable":true,"href":"https:\/\/roulettes.vaniseo.top\/index.php\/wp-json\/wp\/v2\/product_tag?post=501"}],"curies":[{"name":"wp","href":"https:\/\/api.w.org\/{rel}","templated":true}]}}