{"id":506,"date":"2022-04-04T16:21:55","date_gmt":"2022-04-04T14:21:55","guid":{"rendered":"https:\/\/roulettes.vaniseo.top\/index.php\/produit\/patere-design-et-deco-en-forme-de-flacon-de-parfum\/"},"modified":"2022-04-04T17:21:33","modified_gmt":"2022-04-04T15:21:33","slug":"patere-design-et-deco-en-forme-de-flacon-de-parfum","status":"publish","type":"product","link":"https:\/\/roulettes.vaniseo.top\/index.php\/produit\/patere-design-et-deco-en-forme-de-flacon-de-parfum\/","title":{"rendered":"Pat\u00e8re design et d\u00e9co en forme de flacon de parfum"},"content":{"rendered":"<h4>Porte-manteau flacon de parfum not\u00e9 beauty potion.<\/h4>\n<p>_x000D_nBelle pat\u00e8re design et d\u00e9co en forme de <em><strong>flacon<\/strong><strong>\u00a0de parfum<\/strong><\/em>._x000D_n_x000D_nEn r\u00e9sine, elle r\u00e9sistera \u00e0 un poids d&rsquo;environ 3 kg._x000D_n_x000D_nA poser dans la chambre ou dans une cabine d&rsquo;essayage de magasin pour ne plus voir trainer ses affaires ou tout simplement pour assurer une d\u00e9co tendance._x000D_n_x000D_nElle comporte un crochet m\u00e9tal avec une petite boule \u00e0 l&rsquo;extr\u00e9mit\u00e9 pour ne pas abimer les affaires et un syst\u00e8me d&rsquo;accrochage\u00a0en m\u00e9tal dor\u00e9._x000D_n_x000D_nLe d\u00e9cor est original de style tendance et de tr\u00e8s belle qualit\u00e9._x000D_n_x000D_nVendue avec son syt\u00e8me de fixation, vis, plaque et cheville. Sa pose n\u00e9cessite l&rsquo;utilisation d&rsquo;une perceuse._x000D_n<\/p>\n<h4>Dimensions :<\/h4>\n<p>_x000D_n<\/p>\n<ul>_x000D_n \t<\/p>\n<li>Le d\u00e9cor est de dimension 9,5 cm X 8 cm<\/li>\n<p>_x000D_n \t<\/p>\n<li>Avec le crochet Hauteur = 15 cm<\/li>\n<p>_x000D_n \t<\/p>\n<li>Ecartement du mur 4,5 cm<\/li>\n<p>_x000D_n<\/ul>\n","protected":false},"excerpt":{"rendered":"<p>Belle pat\u00e8re porte-manteau en forme de <strong>flacon\u00a0de parfum<\/strong>\u00a0<em><strong>tendance<\/strong><\/em>.\u00a0Elle est en r\u00e9sine et peut r\u00e9sister \u00e0 un poids de 3 kg.\u00a0Elle est \u00e0 poser dans la chambre ou dans la cabine d&rsquo;essayage d&rsquo;un magasin pour ne plus voir trainer ses affaires ou tout simplement \u00e0 utiliser en d\u00e9co tendance. Sa pose n\u00e9cessite l&rsquo;usage d&rsquo;une perceuse pour plus de r\u00e9sistance.<\/p>\n","protected":false},"featured_media":2026,"comment_status":"closed","ping_status":"open","template":"","meta":[],"product_cat":[29,21,22,17],"product_tag":[27],"class_list":["post-506","product","type-product","status-publish","has-post-thumbnail","hentry","product_cat-chambre-adulte","product_cat-entreprise","product_cat-pro","product_cat-salle-de-bain","product_tag-crochet-patere-patere-design-patere-murale-patere-porte-pateres-porte-serviette-porte-torchon-vestiaire","description-off"],"_links":{"self":[{"href":"https:\/\/roulettes.vaniseo.top\/index.php\/wp-json\/wp\/v2\/product\/506","targetHints":{"allow":["GET"]}}],"collection":[{"href":"https:\/\/roulettes.vaniseo.top\/index.php\/wp-json\/wp\/v2\/product"}],"about":[{"href":"https:\/\/roulettes.vaniseo.top\/index.php\/wp-json\/wp\/v2\/types\/product"}],"replies":[{"embeddable":true,"href":"https:\/\/roulettes.vaniseo.top\/index.php\/wp-json\/wp\/v2\/comments?post=506"}],"version-history":[{"count":0,"href":"https:\/\/roulettes.vaniseo.top\/index.php\/wp-json\/wp\/v2\/product\/506\/revisions"}],"wp:featuredmedia":[{"embeddable":true,"href":"https:\/\/roulettes.vaniseo.top\/index.php\/wp-json\/wp\/v2\/media\/2026"}],"wp:attachment":[{"href":"https:\/\/roulettes.vaniseo.top\/index.php\/wp-json\/wp\/v2\/media?parent=506"}],"wp:term":[{"taxonomy":"product_cat","embeddable":true,"href":"https:\/\/roulettes.vaniseo.top\/index.php\/wp-json\/wp\/v2\/product_cat?post=506"},{"taxonomy":"product_tag","embeddable":true,"href":"https:\/\/roulettes.vaniseo.top\/index.php\/wp-json\/wp\/v2\/product_tag?post=506"}],"curies":[{"name":"wp","href":"https:\/\/api.w.org\/{rel}","templated":true}]}}