{"id":508,"date":"2022-04-04T16:21:55","date_gmt":"2022-04-04T14:21:55","guid":{"rendered":"https:\/\/roulettes.vaniseo.top\/index.php\/produit\/patere-reglable-a-3-crochets-en-aluminium-brosse\/"},"modified":"2022-04-04T17:21:35","modified_gmt":"2022-04-04T15:21:35","slug":"patere-reglable-a-3-crochets-en-aluminium-brosse","status":"publish","type":"product","link":"https:\/\/roulettes.vaniseo.top\/index.php\/produit\/patere-reglable-a-3-crochets-en-aluminium-brosse\/","title":{"rendered":"Pat\u00e8re r\u00e9glable \u00e0 3 crochets en aluminium bross\u00e9"},"content":{"rendered":"<h3>Patere porte serviette salle de bain aluminium 3 crochets r\u00e9glables<\/h3>\n<p>_x000D_nEnfin profitez de la flexibilit\u00e9 d&rsquo;un <strong>porte manteau multi crochets et inoxydable<\/strong> au meilleur prix! En effet, le leader des pat\u00e8res en France, 1001 Pat\u00e8res dispose maintenant d&rsquo;une belle <strong>pat\u00e8re r\u00e9glable \u00e0 3\u00a0crochets en aluminium bross\u00e9<\/strong>.\u00a0Ci dessous, nous vous d\u00e9voilons toutes ses informations techniques pour concr\u00e9tiser votre achat en toute conscience!_x000D_n_x000D_nPour commencer, rappelons que <a href=\"https:\/\/1001pateres.com\/brand\/1001pateres\/\"><strong>1001 Pat\u00e8res<\/strong><\/a> est le <strong>N\u00b01 en France des porte manteaux<\/strong>\u00a0<strong>design<\/strong> et <strong>qualitatifs<\/strong>. Des <strong>styles vari\u00e9s \u00e0 tous les prix<\/strong>\u00a0vous permettent de trouver votre bonheur pour une maison ou un bureau design et en ordre!_x000D_n_x000D_nAinsi, la patere porte serviette salle de bain est vraiment polyvalente.\u00a0Murale, elle s&rsquo;inscrit dans un design simple et passe-partout.\u00a0Elle comporte <strong>3 crochets pat\u00e8res r\u00e9glables en aluminium<\/strong> et de\u00a0couleur <strong>aluminium bross\u00e9.<\/strong>\u00a0Pr\u00e9f\u00e9rez l&rsquo;utiliser dans des pi\u00e8ces faisant d\u00e9j\u00e0 appel \u00e0 cette finition aluminium bross\u00e9 ou aluminium simple. Sa modernit\u00e9 dans cette unit\u00e9 la confondra avec l&rsquo;ensemble de votre int\u00e9rieur._x000D_n_x000D_nNos clients retiennent ce produit permettant de\u00a0<strong>maximiser le rangement<\/strong> tout en pouvant d\u00e9placer \u00e0 leur convenance les crochets de gauche \u00e0 droite, selon ce qu&rsquo;ils ont besoin de ranger. Par exemple, foulard, bijou et autres accessoires ne n\u00e9cessitent que peu de place. En revanche, un drap de bain ou manteau en imposent plus._x000D_n_x000D_n&nbsp;_x000D_n<\/p>\n<h3>Comment fixer au mur la pat\u00e8re r\u00e9glable \u00e0 3 crochets en aluminium bross\u00e9?<\/h3>\n<p>_x000D_nPour son\u00a0<strong>installation<\/strong>, la patere porte serviette offre son propre syst\u00e8me d&rsquo;accrochage incluant ses vis et chevilles. Ainsi, la fixation est facile et rapide. Toutefois,\u00a0son positionnement n\u00e9cessite une perceuse pour les chevilles._x000D_n_x000D_nPour terminer, pensez \u00e0 tenir compte de ses <strong>dimensions<\/strong>\u00a0que voici ci dessous:_x000D_n<\/p>\n<ul>_x000D_n \t<\/p>\n<li>La base 20,8 cm X 3,4 cm<\/li>\n<p>_x000D_n \t<\/p>\n<li>Ecartement du mur 5 cm<\/li>\n<p>_x000D_n \t<\/p>\n<li>Hauteur de chaque pat\u00e8re 5,5 cm<\/li>\n<p>_x000D_n \t<\/p>\n<li>Vis de 3,2 cm<\/li>\n<p>_x000D_n<\/ul>\n<p>_x000D_nChoisissez plut\u00f4t un pan de mur dans un angle discret, ou peu large. Ainsi, vous jouerez la carte de la discr\u00e9tion et l&rsquo;optimisation de vos espaces._x000D_n_x000D_nEnfin, veuillez noter que ce mod\u00e8le existe aussi avec <a href=\"https:\/\/1001pateres.com\/produit\/patere-double-en-aluminium-brosse\/\">2<\/a>, <a href=\"https:\/\/1001pateres.com\/produit\/patere-4-reglable-en-aluminium-brosse\/\">4<\/a>, <a href=\"https:\/\/1001pateres.com\/produit\/patere-5-crochets-en-aluminium-brosse\/\">5<\/a>, <a href=\"https:\/\/1001pateres.com\/produit\/patere-7-crochets-en-aluminium-brosse-reglable\/\">7<\/a>\u00a0et <a href=\"https:\/\/1001pateres.com\/produit\/patere-8-crochets-en-aluminium-brosse\/\">8<\/a> crochets r\u00e9glables. Vous avez l&#8217;embarras du choix!_x000D_n<\/p>\n<ul>_x000D_n \t<\/p>\n<li><\/li>\n<p>_x000D_n<\/ul>\n","protected":false},"excerpt":{"rendered":"<p><strong>Porte-serviette<\/strong> de salle de bain en aluminium avec 3<em><strong>\u00a0pat\u00e8res<\/strong><\/em>. Belle pat\u00e8re 3 crochets en aluminium bross\u00e9 r\u00e9glable qui peut servir pour de multiples usages dans la maison ou l&rsquo;entreprise et qui est particuli\u00e8rement adapt\u00e9 aux pi\u00e8ces humide.\u00a0Elle est murale au design simple et passe-partout.<\/p>\n","protected":false},"featured_media":2030,"comment_status":"closed","ping_status":"open","template":"","meta":[],"product_cat":[20,17],"product_tag":[25],"class_list":["post-508","product","type-product","status-publish","has-post-thumbnail","hentry","product_cat-cuisine","product_cat-salle-de-bain","product_tag-crochet-patere-patere-design-patere-murale-patere-porte-pateres-porte-manteau-porte-serviette-porte-torchon-vestiaire","description-off"],"_links":{"self":[{"href":"https:\/\/roulettes.vaniseo.top\/index.php\/wp-json\/wp\/v2\/product\/508","targetHints":{"allow":["GET"]}}],"collection":[{"href":"https:\/\/roulettes.vaniseo.top\/index.php\/wp-json\/wp\/v2\/product"}],"about":[{"href":"https:\/\/roulettes.vaniseo.top\/index.php\/wp-json\/wp\/v2\/types\/product"}],"replies":[{"embeddable":true,"href":"https:\/\/roulettes.vaniseo.top\/index.php\/wp-json\/wp\/v2\/comments?post=508"}],"version-history":[{"count":0,"href":"https:\/\/roulettes.vaniseo.top\/index.php\/wp-json\/wp\/v2\/product\/508\/revisions"}],"wp:featuredmedia":[{"embeddable":true,"href":"https:\/\/roulettes.vaniseo.top\/index.php\/wp-json\/wp\/v2\/media\/2030"}],"wp:attachment":[{"href":"https:\/\/roulettes.vaniseo.top\/index.php\/wp-json\/wp\/v2\/media?parent=508"}],"wp:term":[{"taxonomy":"product_cat","embeddable":true,"href":"https:\/\/roulettes.vaniseo.top\/index.php\/wp-json\/wp\/v2\/product_cat?post=508"},{"taxonomy":"product_tag","embeddable":true,"href":"https:\/\/roulettes.vaniseo.top\/index.php\/wp-json\/wp\/v2\/product_tag?post=508"}],"curies":[{"name":"wp","href":"https:\/\/api.w.org\/{rel}","templated":true}]}}