{"id":509,"date":"2022-04-04T16:21:55","date_gmt":"2022-04-04T14:21:55","guid":{"rendered":"https:\/\/roulettes.vaniseo.top\/index.php\/produit\/porte-manteau-umbra-noir-et-blanc-lignes-de-metro\/"},"modified":"2022-04-04T17:21:35","modified_gmt":"2022-04-04T15:21:35","slug":"porte-manteau-umbra-noir-et-blanc-lignes-de-metro","status":"publish","type":"product","link":"https:\/\/roulettes.vaniseo.top\/index.php\/produit\/porte-manteau-umbra-noir-et-blanc-lignes-de-metro\/","title":{"rendered":"Porte manteau Umbra noir et blanc lignes de m\u00e9tro"},"content":{"rendered":"<h3>Pat\u00e8re Subway noire et blanche \u00e0 10 arr\u00eats de m\u00e9tro \/ crochets<\/h3>\n<p>_x000D_n1001 Pat\u00e8res vous propose le <strong>porte manteau Umbra noir et blanc au design de lignes de m\u00e9tro,<\/strong> avec <strong>10<\/strong> arr\u00eats \u00e9tant les <strong>boules d&rsquo;accroche<\/strong>._x000D_n_x000D_nCette <strong>pat\u00e8re Subway<\/strong> comporte <strong>10 pat\u00e8res bouches de m\u00e9tro noires, blanches et grises<\/strong>. Avec des<strong> coloris si passe partout<\/strong>, vous n&rsquo;aurez aucun mal \u00e0 lui trouver une place au sein d&rsquo;une pi\u00e8ce de votre maison, \u00e0 la <strong>d\u00e9coration d\u00e9j\u00e0 urbaine<\/strong>. Au vue du nombre de boutons d&rsquo;accroche, cette r\u00e9f\u00e9rence est id\u00e9ale pour <strong>maximiser votre rangement<\/strong>. Ce porte manteau accueille tout autant vestes et accessoires du quotidien._x000D_n_x000D_nLes <strong>dimensions<\/strong> de ce porte manteau Umbra sont de:_x000D_n<\/p>\n<ul>_x000D_n \t<\/p>\n<li>57,8 cm X 20,2 cm<\/li>\n<p>_x000D_n \t<\/p>\n<li>Ecartement du mur 2,9 cm<\/li>\n<p>_x000D_n<\/ul>\n<p>_x000D_nDe ce fait, la pat\u00e8re Subway aux lignes de m\u00e9tro noire, grise et blanche <a href=\"https:\/\/eu.umbra.com\" target=\"_blank\" rel=\"noopener noreferrer\">UMBRA<\/a>, comportent un syst\u00e8me d&rsquo;accrochage avec 3 vis et chevilles incluses. L&rsquo;<strong>installation est donc facile, rapide<\/strong>, est adapt\u00e9e aux poids que vous pourrez y suspendre. Pensez seulement \u00e0 vous munir d&rsquo;une perceuse._x000D_n_x000D_n&nbsp;_x000D_n<\/p>\n<h3>Valoriser votre int\u00e9rieur \u00e0 la d\u00e9coration urbaine avec un porte manteau Umbra<\/h3>\n<p>_x000D_nAvec <strong><a href=\"https:\/\/1001pateres.com\/brand\/umbra\/\">Umbra<\/a><\/strong>, sur notre site, retrouvez aussi de la m\u00eame collection <strong>Subway<\/strong> la version <a href=\"https:\/\/1001pateres.com\/produit\/pateres-design-lignes-de-metro-multicolor-umbra\/\">multicolor<\/a>. De nombreuses autres r\u00e9f\u00e9rences de cette <strong>marque canadienne<\/strong> sont \u00e0 d\u00e9couvrir sur notre site. Toutes permettent de <strong>valoriser votre int\u00e9rieur<\/strong> tout en apportant des <strong>solutions de rangement vari\u00e9es<\/strong>._x000D_n_x000D_nNos clients retiennent cette r\u00e9f\u00e9rence pour son <strong>originalit\u00e9 de th\u00e9matique<\/strong>, mais aussi pour ses <strong>nombreuses solutions d&rsquo;accroche<\/strong>. Ses<strong> jolies finitions<\/strong>, confondues \u00e0 sa taille, font de lui une <strong>v\u00e9ritable pi\u00e8ce d\u00e9corative urbaine<\/strong>. L&rsquo;ensemble est <strong>en acier peint, ind\u00e9modable, inusable<\/strong>!_x000D_n_x000D_n<span style=\"line-height: 1.5\">Vous l&rsquo;aurez compris, avec le porte manteau Umbra, vous offrez une touche de <strong>modernit\u00e9<\/strong> dans votre maison tout en restant tr\u00e8s pratique. N&rsquo;h\u00e9sitez pas \u00e0 d\u00e9couvrir dans la <strong>th\u00e9matique urbaine<\/strong> de chez <strong>Umbra<\/strong>, la <strong>collection Ville<\/strong> en <a href=\"https:\/\/1001pateres.com\/produit\/porte-manteaux-ville-umbra-blanc\/\">blanc<\/a> et en <a href=\"https:\/\/1001pateres.com\/produit\/porte-manteaux-ville-umbra-noir\/\">noir<\/a>.<\/span>_x000D_n_x000D_nEnfin, n&rsquo;h\u00e9sitez pas \u00e0 nous contacter pour toutes questions compl\u00e9mentaires au sujet de cette r\u00e9f\u00e9rence Umbra. Pour cela, vous pouvez nous \u00e9crire via le formulaire de la page Contact.<\/p>\n","protected":false},"excerpt":{"rendered":"<p>Pat\u00e8res design en forme de lignes de m\u00e9tro <strong>noir et blanc<\/strong> de la marque <em><strong>UMBRA<\/strong><\/em>.\u00a0Ce porte-manteaux subway comporte 10 pat\u00e8res et est \u00e0 poser partout dans la maison pour ne plus voir trainer ses affaires, dans la chambre ou dans l&rsquo;entr\u00e9e.\u00a0Elle est originale et de belle qualit\u00e9 en acier peint.<\/p>\n","protected":false},"featured_media":2031,"comment_status":"closed","ping_status":"open","template":"","meta":[],"product_cat":[29,16,19,32,22],"product_tag":[25],"class_list":["post-509","product","type-product","status-publish","has-post-thumbnail","hentry","product_cat-chambre-adulte","product_cat-chambre-enfant","product_cat-collectivite","product_cat-entree-sejour","product_cat-pro","product_tag-crochet-patere-patere-design-patere-murale-patere-porte-pateres-porte-manteau-porte-serviette-porte-torchon-vestiaire","description-off"],"_links":{"self":[{"href":"https:\/\/roulettes.vaniseo.top\/index.php\/wp-json\/wp\/v2\/product\/509","targetHints":{"allow":["GET"]}}],"collection":[{"href":"https:\/\/roulettes.vaniseo.top\/index.php\/wp-json\/wp\/v2\/product"}],"about":[{"href":"https:\/\/roulettes.vaniseo.top\/index.php\/wp-json\/wp\/v2\/types\/product"}],"replies":[{"embeddable":true,"href":"https:\/\/roulettes.vaniseo.top\/index.php\/wp-json\/wp\/v2\/comments?post=509"}],"version-history":[{"count":0,"href":"https:\/\/roulettes.vaniseo.top\/index.php\/wp-json\/wp\/v2\/product\/509\/revisions"}],"wp:featuredmedia":[{"embeddable":true,"href":"https:\/\/roulettes.vaniseo.top\/index.php\/wp-json\/wp\/v2\/media\/2031"}],"wp:attachment":[{"href":"https:\/\/roulettes.vaniseo.top\/index.php\/wp-json\/wp\/v2\/media?parent=509"}],"wp:term":[{"taxonomy":"product_cat","embeddable":true,"href":"https:\/\/roulettes.vaniseo.top\/index.php\/wp-json\/wp\/v2\/product_cat?post=509"},{"taxonomy":"product_tag","embeddable":true,"href":"https:\/\/roulettes.vaniseo.top\/index.php\/wp-json\/wp\/v2\/product_tag?post=509"}],"curies":[{"name":"wp","href":"https:\/\/api.w.org\/{rel}","templated":true}]}}