{"id":515,"date":"2022-04-04T16:21:55","date_gmt":"2022-04-04T14:21:55","guid":{"rendered":"https:\/\/roulettes.vaniseo.top\/index.php\/produit\/porte-manteau-mural-aluminium-vieilli\/"},"modified":"2022-04-04T17:21:40","modified_gmt":"2022-04-04T15:21:40","slug":"porte-manteau-mural-aluminium-vieilli","status":"publish","type":"product","link":"https:\/\/roulettes.vaniseo.top\/index.php\/produit\/porte-manteau-mural-aluminium-vieilli\/","title":{"rendered":"Porte-manteau mural aluminium vieilli"},"content":{"rendered":"<h4>Pat\u00e8re vestiaire en m\u00e9tal aluminium vieilli.<\/h4>\n<p>_x000D_nPorte-manteau mural aluminium vieilli._x000D_n_x000D_nD&rsquo;abord, ce petit porte-manteau mural aluminium vieilli est id\u00e9al pour des <em><strong>vestiaires<\/strong><\/em>. Il poss\u00e8de\u00a0une accroche de couleur <strong>aluminium<\/strong><b>\u00a0vieilli<\/b>\u00a0 qui peut servir de porte-v\u00eatements, porte-\u00e9charpes, porte-chapeaux._x000D_n_x000D_nIl est mural. De plus il a un design simple et \u00e9pur\u00e9._x000D_n_x000D_nCe dernier se compose d&rsquo;une pat\u00e8re simple petit mod\u00e8le et d&rsquo;un syst\u00e8me d&rsquo;accrochage avec des vis qui sont fournies._x000D_n_x000D_nEn alliage d&rsquo;aluminium\u00a0de couleur aluminium vieilli, il conviendra parfaitement dans un univers de vestiaires de collectivit\u00e9, ou pour tout autre usage dans la maison._x000D_n_x000D_nIl est assez facile \u00e0 poser sur un mur ou sur un bois mais n\u00e9cessite un tournevis._x000D_n<\/p>\n<h4>Ses dimensions :<\/h4>\n<p>_x000D_n<\/p>\n<ul>_x000D_n \t<\/p>\n<li>Hauteur :9 cm<\/li>\n<p>_x000D_n \t<\/p>\n<li>Largeur maxi :2,8 cm<\/li>\n<p>_x000D_n \t<\/p>\n<li>Ecartement du mur :4,5 cm<\/li>\n<p>_x000D_n \t<\/p>\n<li>Vis de 1,5 cm<\/li>\n<p>_x000D_n<\/ul>\n","protected":false},"excerpt":{"rendered":"<p>Belle pat\u00e8re porte-manteau petit mod\u00e8le id\u00e9ale pour les <strong>vestiaires<\/strong> avec simple accroche en <em><strong>m\u00e9tal aluminium vieilli<\/strong><\/em>\u00a0qui peut servir de porte-v\u00eatement, porte-\u00e9charpe, porte-chapeaux.\u00a0Il est au design \u00e9pur\u00e9 pour se fondre dans tout les univers de la maison ou de l&rsquo;entreprise. Id\u00e9al pour les collectivit\u00e9s.<\/p>\n","protected":false},"featured_media":798,"comment_status":"closed","ping_status":"open","template":"","meta":[],"product_cat":[19,21,22,17],"product_tag":[27],"class_list":["post-515","product","type-product","status-publish","has-post-thumbnail","hentry","product_cat-collectivite","product_cat-entreprise","product_cat-pro","product_cat-salle-de-bain","product_tag-crochet-patere-patere-design-patere-murale-patere-porte-pateres-porte-serviette-porte-torchon-vestiaire","description-off"],"_links":{"self":[{"href":"https:\/\/roulettes.vaniseo.top\/index.php\/wp-json\/wp\/v2\/product\/515","targetHints":{"allow":["GET"]}}],"collection":[{"href":"https:\/\/roulettes.vaniseo.top\/index.php\/wp-json\/wp\/v2\/product"}],"about":[{"href":"https:\/\/roulettes.vaniseo.top\/index.php\/wp-json\/wp\/v2\/types\/product"}],"replies":[{"embeddable":true,"href":"https:\/\/roulettes.vaniseo.top\/index.php\/wp-json\/wp\/v2\/comments?post=515"}],"version-history":[{"count":0,"href":"https:\/\/roulettes.vaniseo.top\/index.php\/wp-json\/wp\/v2\/product\/515\/revisions"}],"wp:featuredmedia":[{"embeddable":true,"href":"https:\/\/roulettes.vaniseo.top\/index.php\/wp-json\/wp\/v2\/media\/798"}],"wp:attachment":[{"href":"https:\/\/roulettes.vaniseo.top\/index.php\/wp-json\/wp\/v2\/media?parent=515"}],"wp:term":[{"taxonomy":"product_cat","embeddable":true,"href":"https:\/\/roulettes.vaniseo.top\/index.php\/wp-json\/wp\/v2\/product_cat?post=515"},{"taxonomy":"product_tag","embeddable":true,"href":"https:\/\/roulettes.vaniseo.top\/index.php\/wp-json\/wp\/v2\/product_tag?post=515"}],"curies":[{"name":"wp","href":"https:\/\/api.w.org\/{rel}","templated":true}]}}