{"id":516,"date":"2022-04-04T16:22:00","date_gmt":"2022-04-04T14:22:00","guid":{"rendered":"https:\/\/roulettes.vaniseo.top\/index.php\/produit\/etagere-deco-cuisine-avec-3-crochets-pateres\/"},"modified":"2022-04-04T17:21:41","modified_gmt":"2022-04-04T15:21:41","slug":"etagere-deco-cuisine-avec-3-crochets-pateres","status":"publish","type":"product","link":"https:\/\/roulettes.vaniseo.top\/index.php\/produit\/etagere-deco-cuisine-avec-3-crochets-pateres\/","title":{"rendered":"Etag\u00e8re d\u00e9co cuisine avec 3 crochets pat\u00e8res"},"content":{"rendered":"<h4>Porte-torchons 3 crochets avec \u00e9tag\u00e8re en bois CUISINE.<\/h4>\n<p>_x000D_nEtag\u00e8re d\u00e9co cuisine avec 3 crochets pat\u00e8res.Ce porte-torchons \u00e9tag\u00e8re pour la <strong>CUISINE<\/strong> comportant 3 crochets de la marque <em><strong>1001Pateres<\/strong><\/em> est en bois naturel avec une d\u00e9co traditionnelle de cuisine. Il est id\u00e9al dans la cuisine pour ne plus voir trainer ses torchons avec ses 3 crochets m\u00e9tal vieillis._x000D_n_x000D_nAussi, son\u00a0syst\u00e8me d&rsquo;accrochage est simple avec des attaches au dos qui sauront s&rsquo;adapter \u00e0 toutes les vis ou crochets._x000D_n_x000D_nAinsi, le porte-torchons est\u00a0original et de belle qualit\u00e9, de style traditionnel en bois qui peut comporter de petits coups ou irr\u00e9gularit\u00e9s avec des accroches m\u00e9tal._x000D_n_x000D_n<span style=\"line-height: 1.5\">Il\u00a0permet ainsi une touche de d\u00e9coration dans votre cuisine.<\/span>_x000D_n_x000D_n<span style=\"line-height: 1.5\">La fixation\u00a0au mur de l&rsquo;\u00e9tag\u00e8re d\u00e9co cuisine avec 3 crochets pat\u00e8res se fait avec 2 vis ou crochets. Les vis non fournies. Sa pose n\u00e9cessite l&rsquo;usage d&rsquo;une perceuse.<\/span>_x000D_n<\/p>\n<h4>Dimensions :<\/h4>\n<p>_x000D_n<\/p>\n<ul>_x000D_n \t<\/p>\n<li>Le support 32 cm X 28 cm<\/li>\n<p>_x000D_n \t<\/p>\n<li>Ecartement du mur 7,5 cm<\/li>\n<p>_x000D_n<\/ul>\n","protected":false},"excerpt":{"rendered":"<p>Ce porte-torchons \u00e9tag\u00e8re pour la <strong>CUISINE<\/strong> comportant 3 crochets de la marque <em><strong>1001Pateres<\/strong><\/em> est en bois naturel avec une d\u00e9co traditionnelle de cuisine. Il est id\u00e9al dans la cuisine pour ne plus voir trainer ses torchons avec ses 3 crochets m\u00e9tal vieillis.\u00a0Son\u00a0syst\u00e8me d&rsquo;accrochage est simple avec des attaches au dos qui sauront s&rsquo;adapter \u00e0 toutes les vis ou crochets. Ainsi, le porte-torchons est\u00a0original et de belle qualit\u00e9, de style traditionnel en bois qui peut comporter de petits coups ou irr\u00e9gularit\u00e9s avec des accroches m\u00e9tal.<\/p>\n","protected":false},"featured_media":2046,"comment_status":"closed","ping_status":"open","template":"","meta":[],"product_cat":[20],"product_tag":[27],"class_list":["post-516","product","type-product","status-publish","has-post-thumbnail","hentry","product_cat-cuisine","product_tag-crochet-patere-patere-design-patere-murale-patere-porte-pateres-porte-serviette-porte-torchon-vestiaire","description-off"],"_links":{"self":[{"href":"https:\/\/roulettes.vaniseo.top\/index.php\/wp-json\/wp\/v2\/product\/516","targetHints":{"allow":["GET"]}}],"collection":[{"href":"https:\/\/roulettes.vaniseo.top\/index.php\/wp-json\/wp\/v2\/product"}],"about":[{"href":"https:\/\/roulettes.vaniseo.top\/index.php\/wp-json\/wp\/v2\/types\/product"}],"replies":[{"embeddable":true,"href":"https:\/\/roulettes.vaniseo.top\/index.php\/wp-json\/wp\/v2\/comments?post=516"}],"version-history":[{"count":0,"href":"https:\/\/roulettes.vaniseo.top\/index.php\/wp-json\/wp\/v2\/product\/516\/revisions"}],"wp:featuredmedia":[{"embeddable":true,"href":"https:\/\/roulettes.vaniseo.top\/index.php\/wp-json\/wp\/v2\/media\/2046"}],"wp:attachment":[{"href":"https:\/\/roulettes.vaniseo.top\/index.php\/wp-json\/wp\/v2\/media?parent=516"}],"wp:term":[{"taxonomy":"product_cat","embeddable":true,"href":"https:\/\/roulettes.vaniseo.top\/index.php\/wp-json\/wp\/v2\/product_cat?post=516"},{"taxonomy":"product_tag","embeddable":true,"href":"https:\/\/roulettes.vaniseo.top\/index.php\/wp-json\/wp\/v2\/product_tag?post=516"}],"curies":[{"name":"wp","href":"https:\/\/api.w.org\/{rel}","templated":true}]}}