{"id":523,"date":"2022-04-04T16:22:00","date_gmt":"2022-04-04T14:22:00","guid":{"rendered":"https:\/\/roulettes.vaniseo.top\/index.php\/produit\/patere-deco-marine-mouette-en-bois\/"},"modified":"2022-04-04T17:21:46","modified_gmt":"2022-04-04T15:21:46","slug":"patere-deco-marine-mouette-en-bois","status":"publish","type":"product","link":"https:\/\/roulettes.vaniseo.top\/index.php\/produit\/patere-deco-marine-mouette-en-bois\/","title":{"rendered":"Pat\u00e8re d\u00e9co marine mouette en bois"},"content":{"rendered":"<h4>Porte-manteau mouette en bois peint \u00e0 la main.<\/h4>\n<p>_x000D_nJolie pat\u00e8re d\u00e9co marine<strong>\u00a0mouette<\/strong> en bois peint de la marque <em><strong>1001pat\u00e8res<\/strong><\/em>.\u00a0Elle est \u00e0 poser partout dans la maison pour ne plus voir trainer ses affaires, dans la chambre ou dans l&rsquo;entr\u00e9e pour donner un air de vacances \u00e0 l&rsquo;air marin._x000D_n_x000D_nElle comporte un crochet avec une petite boule \u00e0 l&rsquo;extr\u00e9mit\u00e9 pour ne pas abimer les affaires et un syst\u00e8me d&rsquo;accrochage simple par l&rsquo;anneau en haut._x000D_n_x000D_nLe <em><strong>d\u00e9cor marin<\/strong><\/em> est original et de belle qualit\u00e9 mais la peinture peut comporter des nuances de couleur ou de petites irr\u00e9gularit\u00e9 pour un produit en bois peint \u00e0 la main._x000D_n_x000D_nAussi, elle tient au mur avec un crochet ou une vis de votre choix._x000D_n<\/p>\n<h4>Dimensions :<\/h4>\n<p>_x000D_n<\/p>\n<ul>_x000D_n \t<\/p>\n<li>La mouette est de dimension 10 cm X 6 cm<\/li>\n<p>_x000D_n \t<\/p>\n<li>Hauteur totale = 18 cm<\/li>\n<p>_x000D_n \t<\/p>\n<li>Ecartement du mur 4,5 cm<\/li>\n<p>_x000D_n<\/ul>\n","protected":false},"excerpt":{"rendered":"<p>Jolie pat\u00e8re d\u00e9co marine<strong>\u00a0mouette<\/strong> en bois peint de la marque <em><strong>1001pat\u00e8res<\/strong><\/em>.\u00a0Elle est \u00e0 poser partout dans la maison pour ne plus voir trainer ses affaires, dans la chambre ou dans l&rsquo;entr\u00e9e pour donner un air de vacances \u00e0 l&rsquo;air marin. Le <em><strong>d\u00e9cor marin<\/strong><\/em> est original et de belle qualit\u00e9 mais la peinture peut comporter des nuances de couleur ou de petites irr\u00e9gularit\u00e9 pour un produit en bois peint \u00e0 la main.<\/p>\n","protected":false},"featured_media":2065,"comment_status":"closed","ping_status":"open","template":"","meta":[],"product_cat":[32,17],"product_tag":[27],"class_list":["post-523","product","type-product","status-publish","has-post-thumbnail","hentry","product_cat-entree-sejour","product_cat-salle-de-bain","product_tag-crochet-patere-patere-design-patere-murale-patere-porte-pateres-porte-serviette-porte-torchon-vestiaire","description-off"],"_links":{"self":[{"href":"https:\/\/roulettes.vaniseo.top\/index.php\/wp-json\/wp\/v2\/product\/523","targetHints":{"allow":["GET"]}}],"collection":[{"href":"https:\/\/roulettes.vaniseo.top\/index.php\/wp-json\/wp\/v2\/product"}],"about":[{"href":"https:\/\/roulettes.vaniseo.top\/index.php\/wp-json\/wp\/v2\/types\/product"}],"replies":[{"embeddable":true,"href":"https:\/\/roulettes.vaniseo.top\/index.php\/wp-json\/wp\/v2\/comments?post=523"}],"version-history":[{"count":0,"href":"https:\/\/roulettes.vaniseo.top\/index.php\/wp-json\/wp\/v2\/product\/523\/revisions"}],"wp:featuredmedia":[{"embeddable":true,"href":"https:\/\/roulettes.vaniseo.top\/index.php\/wp-json\/wp\/v2\/media\/2065"}],"wp:attachment":[{"href":"https:\/\/roulettes.vaniseo.top\/index.php\/wp-json\/wp\/v2\/media?parent=523"}],"wp:term":[{"taxonomy":"product_cat","embeddable":true,"href":"https:\/\/roulettes.vaniseo.top\/index.php\/wp-json\/wp\/v2\/product_cat?post=523"},{"taxonomy":"product_tag","embeddable":true,"href":"https:\/\/roulettes.vaniseo.top\/index.php\/wp-json\/wp\/v2\/product_tag?post=523"}],"curies":[{"name":"wp","href":"https:\/\/api.w.org\/{rel}","templated":true}]}}