{"id":526,"date":"2022-04-04T16:22:00","date_gmt":"2022-04-04T14:22:00","guid":{"rendered":"https:\/\/roulettes.vaniseo.top\/index.php\/produit\/porte-manteau-mural-metal-multicolor-enri-presse-citron\/"},"modified":"2022-04-04T17:21:48","modified_gmt":"2022-04-04T15:21:48","slug":"porte-manteau-mural-metal-multicolor-enri-presse-citron","status":"publish","type":"product","link":"https:\/\/roulettes.vaniseo.top\/index.php\/produit\/porte-manteau-mural-metal-multicolor-enri-presse-citron\/","title":{"rendered":"Porte-manteau mural m\u00e9tal multicolor ENRI PRESSE CITRON"},"content":{"rendered":"<h3>Porte-manteau mural m\u00e9tal multicolor PRESSE CITRON<\/h3>\n<p>_x000D_n1001 Pat\u00e8res vous propose de d\u00e9couvrir ici l&rsquo;ensemble des caract\u00e9ristiques de ce <strong>porte-manteau mural m\u00e9tal multicolor ENRI de chez Presse Citron<\/strong>._x000D_n_x000D_nAvec lui, vous d\u00e9couvrirez de nombreuses solutions d\u00e9coratives et de rangement, en version qualitative et design! Place au rangement styl\u00e9 avec <strong>1001 Pat\u00e8res, n\u00b01 des ventes en France de pat\u00e8res.<\/strong>_x000D_n_x000D_nTout d&rsquo;abord, commen\u00e7ons par une br\u00e8ve pr\u00e9sentation de <strong>Presse Citron<\/strong>. Il s&rsquo;agit d&rsquo;une <strong>marque fran\u00e7aise<\/strong> proposant des produits vari\u00e9s, color\u00e9s, toujours dans un rapport qualit\u00e9\/originalit\u00e9\/prix fantastiques._x000D_n_x000D_nIci, il s&rsquo;agit d&rsquo;un pack de 5 modules en <strong>m\u00e9tal teint\u00e9 dans la masse<\/strong>, dans des couleurs vari\u00e9es. Cette r\u00e9f\u00e9rence est aussi \u00e0 retrouver:_x000D_n<\/p>\n<ul>_x000D_n \t<\/p>\n<li>A l&rsquo;unit\u00e9 sous les d\u00e9nominations <a href=\"https:\/\/1001pateres.com\/produit\/patere-murale-design-enri-01-vert-presse-citron\/\">ENRI 01,<\/a> <a href=\"https:\/\/1001pateres.com\/produit\/patere-murale-design-enri-02-rose-presse-citron\/\">ENRI 02<\/a>, <a href=\"https:\/\/1001pateres.com\/produit\/patere-murale-design-enri-04-noir-presse-citron\/\">ENRI 04<\/a>, <a href=\"https:\/\/1001pateres.com\/produit\/patere-murale-design-enri-05-noir-presse-citron\/\">ENRI 05<\/a><\/li>\n<p>_x000D_n \t<\/p>\n<li><a href=\"https:\/\/1001pateres.com\/produit\/pack-de-pateres-enri-noir-presse-citron\/\">En noir<\/a><\/li>\n<p>_x000D_n<\/ul>\n<p>_x000D_nAinsi, pour ce qui concerne cette r\u00e9f\u00e9rence, il est possible d&rsquo;installer le pack entier dans une m\u00eame pi\u00e8ce<strong> les unes \u00e0 c\u00f4t\u00e9 des autres<\/strong>. Ou, il est aussi possible de <strong>les disperser<\/strong> partout dans la maison ou au bureau. Une chose est s\u00fbre, avec <strong>5 modules<\/strong> de porte-manteau mural m\u00e9tal multicolor, vous ne manquerez pas de <strong>solutions de rangement et de d\u00e9corations murales<\/strong>._x000D_n_x000D_n&nbsp;_x000D_n<\/p>\n<h3>Installer les 5 pat\u00e8res multicolor ENRI Presse Citron<\/h3>\n<p>_x000D_nCes 5 pat\u00e8res ENRI multicolor comportent un syst\u00e8me d&rsquo;accrochage avec vis et cheville. Pour autant, il est vraiment facile de les fixer au mur avec une perceuse. Chacune des unit\u00e9s s&rsquo;inscrit dans des <strong>dimensions<\/strong> suivantes:_x000D_n<\/p>\n<ul>_x000D_n \t<\/p>\n<li>Un module mesure 20 cm X 20 cm environ<\/li>\n<p>_x000D_n \t<\/p>\n<li>Ecartement du mur 8,2 cm<\/li>\n<p>_x000D_n<\/ul>\n<p>_x000D_nNous vous conseillerons donc de <strong>pr\u00e9voir une installation plut\u00f4t r\u00e9guli\u00e8re<\/strong> en mati\u00e8re d&rsquo;\u00e9cartement si vous optez pour un am\u00e9nagement c\u00f4te \u00e0 c\u00f4te. Ainsi, vous aurez l&rsquo;assurance de <strong>pouvoir \u00e9carter correctement vos 5 pat\u00e8res de 20 cm de large<\/strong>!_x000D_n_x000D_nEnfin, avec de tels coloris, pr\u00e9voyez une installation dans un <strong>univers blanc ou clair<\/strong>. Gr\u00e2ce \u00e0 cela, vous valorisez l&rsquo;<strong>harmonie pastel<\/strong> de ce porte-manteau mural m\u00e9tal multicolor._x000D_n_x000D_n&nbsp;_x000D_n_x000D_nConsultez nous via la page Contact pour toutes autres questions!<\/p>\n","protected":false},"excerpt":{"rendered":"<p>Pack de pat\u00e8res <strong>ENRI multicolor<\/strong> PRESSE CITRON.\u00a0Cet ensemble de pat\u00e8res de la marque <em><strong>PRESSE CITRON<\/strong><\/em> est \u00e0 poser partout dans la maison pour ne plus voir trainer ses affaires, dans la chambre ou dans l&rsquo;entr\u00e9e tout en restant d\u00e9corative.<\/p>\n","protected":false},"featured_media":804,"comment_status":"closed","ping_status":"open","template":"","meta":[],"product_cat":[19,32,21,22],"product_tag":[25],"class_list":["post-526","product","type-product","status-publish","has-post-thumbnail","hentry","product_cat-collectivite","product_cat-entree-sejour","product_cat-entreprise","product_cat-pro","product_tag-crochet-patere-patere-design-patere-murale-patere-porte-pateres-porte-manteau-porte-serviette-porte-torchon-vestiaire","description-off"],"_links":{"self":[{"href":"https:\/\/roulettes.vaniseo.top\/index.php\/wp-json\/wp\/v2\/product\/526","targetHints":{"allow":["GET"]}}],"collection":[{"href":"https:\/\/roulettes.vaniseo.top\/index.php\/wp-json\/wp\/v2\/product"}],"about":[{"href":"https:\/\/roulettes.vaniseo.top\/index.php\/wp-json\/wp\/v2\/types\/product"}],"replies":[{"embeddable":true,"href":"https:\/\/roulettes.vaniseo.top\/index.php\/wp-json\/wp\/v2\/comments?post=526"}],"version-history":[{"count":0,"href":"https:\/\/roulettes.vaniseo.top\/index.php\/wp-json\/wp\/v2\/product\/526\/revisions"}],"wp:featuredmedia":[{"embeddable":true,"href":"https:\/\/roulettes.vaniseo.top\/index.php\/wp-json\/wp\/v2\/media\/804"}],"wp:attachment":[{"href":"https:\/\/roulettes.vaniseo.top\/index.php\/wp-json\/wp\/v2\/media?parent=526"}],"wp:term":[{"taxonomy":"product_cat","embeddable":true,"href":"https:\/\/roulettes.vaniseo.top\/index.php\/wp-json\/wp\/v2\/product_cat?post=526"},{"taxonomy":"product_tag","embeddable":true,"href":"https:\/\/roulettes.vaniseo.top\/index.php\/wp-json\/wp\/v2\/product_tag?post=526"}],"curies":[{"name":"wp","href":"https:\/\/api.w.org\/{rel}","templated":true}]}}