{"id":527,"date":"2022-04-04T16:22:00","date_gmt":"2022-04-04T14:22:00","guid":{"rendered":"https:\/\/roulettes.vaniseo.top\/index.php\/produit\/porte-manteau-mural-metal-noir-5-pateres-enri-presse-citron\/"},"modified":"2022-04-04T17:21:49","modified_gmt":"2022-04-04T15:21:49","slug":"porte-manteau-mural-metal-noir-5-pateres-enri-presse-citron","status":"publish","type":"product","link":"https:\/\/roulettes.vaniseo.top\/index.php\/produit\/porte-manteau-mural-metal-noir-5-pateres-enri-presse-citron\/","title":{"rendered":"Porte manteau mural m\u00e9tal noir 5 pat\u00e8res ENRI PRESSE CITRON"},"content":{"rendered":"<h3>Porte manteau mural m\u00e9tal noir PRESSE CITRON.<\/h3>\n<p>_x000D_n1001 Pat\u00e8res, n\u00b01 des ventes de pat\u00e8res et porte manteaux en France, vous pr\u00e9sente ici l&rsquo;une des plus belles pi\u00e8ces de la collection <strong>Presse Citron<\/strong>. Il s&rsquo;agit du\u00a0<strong>porte manteau mural m\u00e9tal noir 5 pat\u00e8res<\/strong>. Cet ensemble propose un <strong>design vraiment diff\u00e9rent<\/strong> de celui habituel. Osez le changement pour un <strong>style d\u00e9coratif sans pr\u00e9c\u00e9dent<\/strong>!_x000D_n_x000D_nA noter \u00e9galement que la plupart des formes de module incluses sont disponibles \u00e0 l&rsquo;unit\u00e9 sous les r\u00e9f\u00e9rences <a href=\"https:\/\/1001pateres.com\/produit\/patere-murale-design-enri-01-vert-presse-citron\/\">ENRI 01<\/a>, <a href=\"https:\/\/1001pateres.com\/produit\/patere-murale-design-enri-02-rose-presse-citron\/\">ENRI 02<\/a>, <a href=\"https:\/\/1001pateres.com\/produit\/patere-murale-design-enri-04-noir-presse-citron\/\">ENRI 04<\/a>, <a href=\"https:\/\/1001pateres.com\/produit\/patere-murale-design-enri-05-noir-presse-citron\/\">ENRI 05<\/a>. Certaines d&rsquo;entre elles, ne sont d&rsquo;ailleurs disponibles qu&rsquo;en couleurs._x000D_n_x000D_nEnfin, si vous avez aim\u00e9 ces versions color\u00e9es, le <strong>pack porte manteau mural m\u00e9tal<\/strong> est aussi disponible en <strong><a href=\"https:\/\/1001pateres.com\/produit\/pack-de-pateres-enri-multicolor-presse-citron\/\">multicolor<\/a><\/strong>._x000D_n_x000D_nPar ailleurs, si vous aimez ici la cr\u00e9ativit\u00e9 de la marque fran\u00e7aise <a href=\"https:\/\/1001pateres.com\/brand\/presse-citron\/\">Presse Citron<\/a>, retrouvez sur ce site<strong> d&rsquo;autres portants color\u00e9s innovants<\/strong>._x000D_n_x000D_n&nbsp;_x000D_n_x000D_nQuoiqu&rsquo;il en soit, avec ces 5 modules ENRI, vous vous offrez de <strong>nouvelles solutions de rangement \u00e0 fixer<\/strong> les unes \u00e0 c\u00f4t\u00e9 des autres ou \u00e0 disperser. Il est permis de les installer partout dans la <strong>maison<\/strong> ou au <strong>bureau<\/strong>!_x000D_n_x000D_nBien s\u00fbr, si une pi\u00e8ce reste assez \u00e9pur\u00e9e niveau d\u00e9coration, l&rsquo;association de ces 5 portants offrira sans nul doute un <strong>design \u00e0 la hauteur de vos attentes<\/strong>._x000D_n_x000D_nEnfin, le fait d&rsquo;\u00eatre en m\u00e9tal permet d&rsquo;\u00eatre <strong>teint\u00e9 dans la masse<\/strong> et donc d&rsquo;assurer une <strong>long\u00e9vit\u00e9<\/strong> et une <strong>r\u00e9sistance<\/strong> face \u00e0 une <strong>utilisation quotidienne et sur le long terme<\/strong>._x000D_n_x000D_n&nbsp;_x000D_n<\/p>\n<h3>Installer les 5 pat\u00e8res ENRI Presse Citron<\/h3>\n<p>_x000D_nPour finir, c\u00f4t\u00e9 suspension, ce porte manteau mural m\u00e9tal noir comporte un syst\u00e8me d&rsquo;accrochage avec vis et cheville. Chacune des 5 pat\u00e8res\u00a0<span style=\"line-height: 1.5\">se fixe au mur avec des vis et chevilles. Ces derni\u00e8res sont fournies mais \u00a0n\u00e9cessitent l&rsquo;usage d&rsquo;une perceuse. Voici les <strong>d<\/strong><\/span><strong>imensions<\/strong> de chaque pat\u00e8re \u00e0 l&rsquo;unit\u00e9:_x000D_n<\/p>\n<ul>_x000D_n \t<\/p>\n<li>Chaque pat\u00e8re s&rsquo;inscrit dans 20 cm X 20 cm environ<\/li>\n<p>_x000D_n \t<\/p>\n<li>Ecartement du mur 8,2 cm<\/li>\n<p>_x000D_n<\/ul>\n","protected":false},"excerpt":{"rendered":"<p>Pack de pat\u00e8res <strong>ENRI noir<\/strong>\u00a0PRESSE CITRON.\u00a0Cet ensemble de pat\u00e8res de la marque <em><strong>PRESSE CITRON<\/strong><\/em> est \u00e0 poser partout dans la maison pour ne plus voir trainer ses affaires, dans la chambre ou dans l&rsquo;entr\u00e9e tout en restant d\u00e9corative.<\/p>\n","protected":false},"featured_media":2075,"comment_status":"closed","ping_status":"open","template":"","meta":[],"product_cat":[19,32,21,22],"product_tag":[25],"class_list":["post-527","product","type-product","status-publish","has-post-thumbnail","hentry","product_cat-collectivite","product_cat-entree-sejour","product_cat-entreprise","product_cat-pro","product_tag-crochet-patere-patere-design-patere-murale-patere-porte-pateres-porte-manteau-porte-serviette-porte-torchon-vestiaire","description-off"],"_links":{"self":[{"href":"https:\/\/roulettes.vaniseo.top\/index.php\/wp-json\/wp\/v2\/product\/527","targetHints":{"allow":["GET"]}}],"collection":[{"href":"https:\/\/roulettes.vaniseo.top\/index.php\/wp-json\/wp\/v2\/product"}],"about":[{"href":"https:\/\/roulettes.vaniseo.top\/index.php\/wp-json\/wp\/v2\/types\/product"}],"replies":[{"embeddable":true,"href":"https:\/\/roulettes.vaniseo.top\/index.php\/wp-json\/wp\/v2\/comments?post=527"}],"version-history":[{"count":0,"href":"https:\/\/roulettes.vaniseo.top\/index.php\/wp-json\/wp\/v2\/product\/527\/revisions"}],"wp:featuredmedia":[{"embeddable":true,"href":"https:\/\/roulettes.vaniseo.top\/index.php\/wp-json\/wp\/v2\/media\/2075"}],"wp:attachment":[{"href":"https:\/\/roulettes.vaniseo.top\/index.php\/wp-json\/wp\/v2\/media?parent=527"}],"wp:term":[{"taxonomy":"product_cat","embeddable":true,"href":"https:\/\/roulettes.vaniseo.top\/index.php\/wp-json\/wp\/v2\/product_cat?post=527"},{"taxonomy":"product_tag","embeddable":true,"href":"https:\/\/roulettes.vaniseo.top\/index.php\/wp-json\/wp\/v2\/product_tag?post=527"}],"curies":[{"name":"wp","href":"https:\/\/api.w.org\/{rel}","templated":true}]}}