{"id":528,"date":"2022-04-04T16:22:00","date_gmt":"2022-04-04T14:22:00","guid":{"rendered":"https:\/\/roulettes.vaniseo.top\/index.php\/produit\/porte-vetement-design-enri-01-vert-presse-citron\/"},"modified":"2022-04-04T17:21:50","modified_gmt":"2022-04-04T15:21:50","slug":"porte-vetement-design-enri-01-vert-presse-citron","status":"publish","type":"product","link":"https:\/\/roulettes.vaniseo.top\/index.php\/produit\/porte-vetement-design-enri-01-vert-presse-citron\/","title":{"rendered":"Porte vetement design ENRI 01 vert PRESSE CITRON"},"content":{"rendered":"<h3>Portant vetement design ENRI 01 vert par Presse Citron<\/h3>\n<p>_x000D_nTout d&rsquo;abord, <strong>1001 Pat\u00e8res<\/strong> a s\u00e9lectionn\u00e9 pour vous la collection <strong>ENRI<\/strong> de <strong>Presse Citron<\/strong>. Ci-contre d\u00e9couvrez la r\u00e9f\u00e9rence<strong> ENRI 01<\/strong>, un <strong>porte vetement design vert<\/strong>._x000D_n_x000D_nEn effet, 1001 Pat\u00e8res s\u00e9lectionne aupr\u00e8s de <strong>grands designers internationaux<\/strong>, les plus belles r\u00e9f\u00e9rences de p<strong>orte manteaux aux meilleurs rapports qualit\u00e9 prix<\/strong>._x000D_n_x000D_nAinsi, Presse Citron en fait partie. Depuis 1997, cette marque fran\u00e7aise n&rsquo;a de cesse de nous \u00e9tonner avec des <strong>collections de pat\u00e8res vari\u00e9es et color\u00e9es<\/strong>. Unique, son porte manteaux PIET fa\u00e7on carte de lignes de m\u00e9tro est \u00e9tonnante. Autre exemple, ses cadres photos aux couleurs unies et avec cadre aimant\u00e9 sont rafra\u00eechissants._x000D_n_x000D_nDe ce fait, <strong>ENRI<\/strong> fut l&rsquo;un de nos coups de coeurs. Cette collecte reprend des <strong>formes pr\u00e9historiques<\/strong>, \u00e0 la fois <strong>\u00e9pur\u00e9es<\/strong>, <strong>modernes<\/strong>, aux <strong>couleurs unies<\/strong>. Il est possible de se les offrir:_x000D_n<\/p>\n<ul>_x000D_n \t<\/p>\n<li><strong>A l&rsquo;unit\u00e9<\/strong> via des formes et coloris vari\u00e9s: ENRI 01, 02, 04, 05<\/li>\n<p>_x000D_n \t<\/p>\n<li><strong>En lot<\/strong> de 5 <a href=\"https:\/\/1001pateres.com\/produit\/pack-de-pateres-enri-noir-presse-citron\/\">noir<\/a> ou <a href=\"https:\/\/1001pateres.com\/produit\/pack-de-pateres-enri-multicolor-presse-citron\/\">multicolor<\/a><\/li>\n<p>_x000D_n<\/ul>\n<p>_x000D_nCi-contre, le mod\u00e8le de porte vetement design ENRI 01 est\u00a0couleur verte. Il se pose partout dans la maison pour ranger et d\u00e9corer. Vous aimerez la robustesse de <strong>son m\u00e9tal peint, teint\u00e9 dans la masse<\/strong>._x000D_n_x000D_nEnfin, c\u00f4t\u00e9 am\u00e9nagement, chaque pat\u00e8re de la s\u00e9rie ENRI p<strong>eut \u00eatre combin\u00e9e avec une autre pat\u00e8re de la m\u00eame s\u00e9rie<\/strong> comme on le souhaite. <strong>D\u00e9multiplier<\/strong> la collection en 1, 2 ou via le lot, en 5 unit\u00e9s, c&rsquo;est \u00e0 la fois <strong>s&rsquo;offrir la possibilit\u00e9 d&rsquo;un rangement optimis\u00e9<\/strong> et d&rsquo;une <strong>d\u00e9coration moderne,\u00a0originale et \u00e9l\u00e9gante<\/strong>._x000D_n_x000D_n&nbsp;_x000D_n<\/p>\n<h3>Syst\u00e8me d&rsquo;accrochage du porte vetement design ENRI 01 vert<\/h3>\n<p>_x000D_nPour finir, ce porte vetement design ENRI 01 vert comporte un <strong>syst\u00e8me d&rsquo;accrochage invisible<\/strong> une fois pos\u00e9e. Pour ce faire, il vous est remis <strong>avec vis et cheville<\/strong>, mais n\u00e9cessite l&rsquo;usage de votre perceuse. Pensez \u00e0 tenir compte de ses <strong>dimensions<\/strong> avant tout achat en nombre:_x000D_n<\/p>\n<ul>_x000D_n \t<\/p>\n<li>Dimensions unitaire de la pat\u00e8re ENRI 01: \u00a014,8 cm X 20,9 cm<\/li>\n<p>_x000D_n \t<\/p>\n<li>Ecartement du mur: \u00a08,2 cm<\/li>\n<p>_x000D_n<\/ul>\n","protected":false},"excerpt":{"rendered":"<p>Pat\u00e8res murale design <strong>ENRI 01 vert<\/strong> PRESSE CITRON.\u00a0Cet ensemble de pat\u00e8res de la marque <em><strong>PRESSE CITRON<\/strong><\/em> est \u00e0 poser partout dans la maison pour ne plus voir trainer ses affaires, dans la chambre ou dans l&rsquo;entr\u00e9e tout en restant d\u00e9corative.<\/p>\n","protected":false},"featured_media":2078,"comment_status":"closed","ping_status":"open","template":"","meta":[],"product_cat":[29,19,32,21,22],"product_tag":[27],"class_list":["post-528","product","type-product","status-publish","has-post-thumbnail","hentry","product_cat-chambre-adulte","product_cat-collectivite","product_cat-entree-sejour","product_cat-entreprise","product_cat-pro","product_tag-crochet-patere-patere-design-patere-murale-patere-porte-pateres-porte-serviette-porte-torchon-vestiaire","description-off"],"_links":{"self":[{"href":"https:\/\/roulettes.vaniseo.top\/index.php\/wp-json\/wp\/v2\/product\/528","targetHints":{"allow":["GET"]}}],"collection":[{"href":"https:\/\/roulettes.vaniseo.top\/index.php\/wp-json\/wp\/v2\/product"}],"about":[{"href":"https:\/\/roulettes.vaniseo.top\/index.php\/wp-json\/wp\/v2\/types\/product"}],"replies":[{"embeddable":true,"href":"https:\/\/roulettes.vaniseo.top\/index.php\/wp-json\/wp\/v2\/comments?post=528"}],"version-history":[{"count":0,"href":"https:\/\/roulettes.vaniseo.top\/index.php\/wp-json\/wp\/v2\/product\/528\/revisions"}],"wp:featuredmedia":[{"embeddable":true,"href":"https:\/\/roulettes.vaniseo.top\/index.php\/wp-json\/wp\/v2\/media\/2078"}],"wp:attachment":[{"href":"https:\/\/roulettes.vaniseo.top\/index.php\/wp-json\/wp\/v2\/media?parent=528"}],"wp:term":[{"taxonomy":"product_cat","embeddable":true,"href":"https:\/\/roulettes.vaniseo.top\/index.php\/wp-json\/wp\/v2\/product_cat?post=528"},{"taxonomy":"product_tag","embeddable":true,"href":"https:\/\/roulettes.vaniseo.top\/index.php\/wp-json\/wp\/v2\/product_tag?post=528"}],"curies":[{"name":"wp","href":"https:\/\/api.w.org\/{rel}","templated":true}]}}