{"id":529,"date":"2022-04-04T16:22:00","date_gmt":"2022-04-04T14:22:00","guid":{"rendered":"https:\/\/roulettes.vaniseo.top\/index.php\/produit\/porte-manteau-original-rose-saumon-metal-enri-02-presse-citron\/"},"modified":"2022-04-04T17:21:50","modified_gmt":"2022-04-04T15:21:50","slug":"porte-manteau-original-rose-saumon-metal-enri-02-presse-citron","status":"publish","type":"product","link":"https:\/\/roulettes.vaniseo.top\/index.php\/produit\/porte-manteau-original-rose-saumon-metal-enri-02-presse-citron\/","title":{"rendered":"Porte manteau original rose saumon m\u00e9tal ENRI 02 PRESSE CITRON"},"content":{"rendered":"<h3>Porte-manteaux mural nude ENRI 02 par Presse Citron<\/h3>\n<p>_x000D_n<strong>1001 Pat\u00e8res<\/strong>, <strong>n\u00b01 en France de la vente de pat\u00e8res<\/strong> vous pr\u00e9sente <strong>ENRI 02 par <a href=\"https:\/\/www.pinterest.fr\/Racinecarree\/presse-citron\/\" target=\"_blank\" rel=\"noopener\">Presse Citron<\/a><\/strong>. Il s&rsquo;agit d&rsquo;un <strong>porte manteau original rose saumon m\u00e9tal<\/strong>. D\u00e9couvrez donc ci-dessous l&rsquo;ensemble de ses informations techniques et d\u00e9coratives._x000D_n_x000D_nAinsi, pour mieux comprendre le produit, revenons rapidement sur sa marque, <strong><a href=\"https:\/\/1001pateres.com\/brand\/presse-citron\/\">Presse Citron<\/a><\/strong>. Depuis 1997, cette marque fran\u00e7aise ne cesse de nous \u00e9tonner avec des <strong>produits vari\u00e9s, color\u00e9s mais surtout stylis\u00e9s!<\/strong> Sur notre site, d\u00e9couvrez une pat\u00e8re avec cadre photo aimant\u00e9 p\u00e9tillante, un porte manteaux noir et ses points color\u00e9s fa\u00e7on m\u00e9tro, et la collection <strong>ENRI<\/strong>._x000D_n_x000D_n&nbsp;_x000D_n<\/p>\n<h3>Des formes pr\u00e9historiques originales et color\u00e9es pour ranger et d\u00e9corer<\/h3>\n<p>_x000D_nD&rsquo;ailleurs, le mod\u00e8le ci-contre est issu de cette collection. Celle-ci reprend des <strong>formes pr\u00e9historiques aux couleurs douces<\/strong> et unies de noir, vert, ou nude\/ rose saumon. Les mod\u00e8les sont propos\u00e9s:_x000D_n<\/p>\n<ul>_x000D_n \t<\/p>\n<li><strong>A l&rsquo;unit\u00e9<\/strong> avec des formes vari\u00e9es selon les r\u00e9f\u00e9rences ENRI 01, 02, 04, <a href=\"https:\/\/1001pateres.com\/produit\/patere-murale-design-enri-05-noir-presse-citron\/\">05<\/a><\/li>\n<p>_x000D_n \t<\/p>\n<li><strong>En lot<\/strong> de 5 en <a href=\"https:\/\/1001pateres.com\/produit\/pack-de-pateres-enri-noir-presse-citron\/\">noir<\/a> ou en <a href=\"https:\/\/1001pateres.com\/produit\/pack-de-pateres-enri-multicolor-presse-citron\/\">multicolor<\/a>.<\/li>\n<p>_x000D_n<\/ul>\n<p>_x000D_nCi-contre, le porte manteau original rose saumon est la r\u00e9f\u00e9rence ENRI 02. Elle est en <strong>acier teint\u00e9 dans la masse<\/strong>._x000D_n_x000D_nVous aimerez pouvoir<strong> \u00e0 la fois d\u00e9corer et ranger<\/strong> avec l&rsquo;ensemble de cette collection. Bien s\u00fbr, il vous est vivement <strong>recommand\u00e9 de d\u00e9multiplier<\/strong> selon vos r\u00e9f\u00e9rences favorites, <strong>l&rsquo;installation de plusieurs pat\u00e8res<\/strong>. Ainsi, sur un m\u00eame mur, vous <strong>maximisez votre rangement<\/strong> avec go\u00fbt. Et quand celles-ci ne sont pas utilis\u00e9es, la pat\u00e8re d\u00e9core._x000D_n_x000D_n&nbsp;_x000D_n<\/p>\n<h3>Comment se fixe ce porte manteau original rose saumon m\u00e9tal?<\/h3>\n<p>_x000D_nEnfin, ce <strong>porte-manteaux mural nude<\/strong> comporte un syst\u00e8me d&rsquo;accrochage avec vis et cheville. L&rsquo;installation est rapide et les vis et chevilles incluses. Il faudra seulement vous munir de votre perceuse. Ce que vous aimerez \u00e9galement, c&rsquo;est un <strong>syst\u00e8me de fixation invisible une fois install\u00e9e<\/strong>.\u00a0Pensez donc seulement \u00e0 v\u00e9rifier les <strong>dimensions<\/strong> de chacune avant de r\u00e9aliser votre achat, pour un am\u00e9nagement millim\u00e9tr\u00e9:_x000D_n<\/p>\n<ul>_x000D_n \t<\/p>\n<li>La pat\u00e8re 17,8 cm X 19,1 cm<\/li>\n<p>_x000D_n \t<\/p>\n<li>Ecartement du mur 8,2 cm<\/li>\n<p>_x000D_n<\/ul>\n","protected":false},"excerpt":{"rendered":"<p>Pat\u00e8res murale design <strong>ENRI 02 rose saumon<\/strong>\u00a0PRESSE CITRON.\u00a0Cet ensemble de pat\u00e8res de la marque <em><strong>PRESSE CITRON<\/strong><\/em> est \u00e0 poser partout dans la maison pour ne plus voir trainer ses affaires, dans la chambre ou dans l&rsquo;entr\u00e9e tout en restant d\u00e9corative.<\/p>\n","protected":false},"featured_media":2080,"comment_status":"closed","ping_status":"open","template":"","meta":[],"product_cat":[29,19,32,21,22],"product_tag":[27],"class_list":["post-529","product","type-product","status-publish","has-post-thumbnail","hentry","product_cat-chambre-adulte","product_cat-collectivite","product_cat-entree-sejour","product_cat-entreprise","product_cat-pro","product_tag-crochet-patere-patere-design-patere-murale-patere-porte-pateres-porte-serviette-porte-torchon-vestiaire","description-off"],"_links":{"self":[{"href":"https:\/\/roulettes.vaniseo.top\/index.php\/wp-json\/wp\/v2\/product\/529","targetHints":{"allow":["GET"]}}],"collection":[{"href":"https:\/\/roulettes.vaniseo.top\/index.php\/wp-json\/wp\/v2\/product"}],"about":[{"href":"https:\/\/roulettes.vaniseo.top\/index.php\/wp-json\/wp\/v2\/types\/product"}],"replies":[{"embeddable":true,"href":"https:\/\/roulettes.vaniseo.top\/index.php\/wp-json\/wp\/v2\/comments?post=529"}],"version-history":[{"count":0,"href":"https:\/\/roulettes.vaniseo.top\/index.php\/wp-json\/wp\/v2\/product\/529\/revisions"}],"wp:featuredmedia":[{"embeddable":true,"href":"https:\/\/roulettes.vaniseo.top\/index.php\/wp-json\/wp\/v2\/media\/2080"}],"wp:attachment":[{"href":"https:\/\/roulettes.vaniseo.top\/index.php\/wp-json\/wp\/v2\/media?parent=529"}],"wp:term":[{"taxonomy":"product_cat","embeddable":true,"href":"https:\/\/roulettes.vaniseo.top\/index.php\/wp-json\/wp\/v2\/product_cat?post=529"},{"taxonomy":"product_tag","embeddable":true,"href":"https:\/\/roulettes.vaniseo.top\/index.php\/wp-json\/wp\/v2\/product_tag?post=529"}],"curies":[{"name":"wp","href":"https:\/\/api.w.org\/{rel}","templated":true}]}}