{"id":53,"date":"2022-04-04T16:20:06","date_gmt":"2022-04-04T14:20:06","guid":{"rendered":"https:\/\/roulettes.vaniseo.top\/index.php\/produit\/patere-sur-porte-5-etoiles-acier-chrome\/"},"modified":"2022-04-04T17:08:56","modified_gmt":"2022-04-04T15:08:56","slug":"patere-sur-porte-5-etoiles-acier-chrome","status":"publish","type":"product","link":"https:\/\/roulettes.vaniseo.top\/index.php\/produit\/patere-sur-porte-5-etoiles-acier-chrome\/","title":{"rendered":"pat\u00e8re sur porte 5 \u00e9toiles acier chrom\u00e9"},"content":{"rendered":"<h4>Porte-manteau sur-porte 5 \u00e9toiles multicolor en m\u00e9tal.<\/h4>\n<p>_x000D_nPat\u00e8re <em><strong>sur-porte<\/strong><\/em> <strong>5 \u00e9toiles<\/strong> acier chrom\u00e9\u00a0qui peut servir pour de multiples usages dans la maison ou l&rsquo;entreprise._x000D_n_x000D_nCe porte-manteaux se pose sur le haut d&rsquo;une porte de chambre, de dressing, de salle de bain ou de placard pour un maximum de gain de place._x000D_n_x000D_nElle comporte 5 crochets pat\u00e8res\u00a0avec des boules en c\u00e9ramique de couleur._x000D_n_x000D_nSes boules multi-color peuvent se fondre dans tout environnement et apporter une touche de gait\u00e9._x000D_n_x000D_nFacile \u00e0 poser, cette pat\u00e8re ne n\u00e9cessite aucun outils._x000D_n<\/p>\n<h4>Dimensions :<\/h4>\n<p>_x000D_n<\/p>\n<ul>_x000D_n \t<\/p>\n<li>Hauteur maxi 25\u00a0cm<\/li>\n<p>_x000D_n \t<\/p>\n<li>Largeur 44 cm<\/li>\n<p>_x000D_n \t<\/p>\n<li>Ecartement de la porte 5\u00a0cm<\/li>\n<p>_x000D_n \t<\/p>\n<li>Dim de chaque \u00e9toile environ 11 cm<\/li>\n<p>_x000D_n \t<\/p>\n<li>Largeur maxi de la porte 4\u00a0cm<\/li>\n<p>_x000D_n<\/ul>\n","protected":false},"excerpt":{"rendered":"<p>Belle pat\u00e8re porte-manteau <em><strong>sur-porte<\/strong><\/em> <strong>5 \u00e9toiles<\/strong> acier chrom\u00e9 qui peut servir pour de multiples usages dans la maison ou l&rsquo;entreprise.\u00a0Elle se pose sur le haut d&rsquo;une porte de chambre, de dressing, de salle de bain ou de placard pour un maximum de gain de place.<\/p>\n","protected":false},"featured_media":822,"comment_status":"closed","ping_status":"open","template":"","meta":[],"product_cat":[29,16,20,17],"product_tag":[25],"class_list":["post-53","product","type-product","status-publish","has-post-thumbnail","hentry","product_cat-chambre-adulte","product_cat-chambre-enfant","product_cat-cuisine","product_cat-salle-de-bain","product_tag-crochet-patere-patere-design-patere-murale-patere-porte-pateres-porte-manteau-porte-serviette-porte-torchon-vestiaire","description-off"],"_links":{"self":[{"href":"https:\/\/roulettes.vaniseo.top\/index.php\/wp-json\/wp\/v2\/product\/53","targetHints":{"allow":["GET"]}}],"collection":[{"href":"https:\/\/roulettes.vaniseo.top\/index.php\/wp-json\/wp\/v2\/product"}],"about":[{"href":"https:\/\/roulettes.vaniseo.top\/index.php\/wp-json\/wp\/v2\/types\/product"}],"replies":[{"embeddable":true,"href":"https:\/\/roulettes.vaniseo.top\/index.php\/wp-json\/wp\/v2\/comments?post=53"}],"version-history":[{"count":0,"href":"https:\/\/roulettes.vaniseo.top\/index.php\/wp-json\/wp\/v2\/product\/53\/revisions"}],"wp:featuredmedia":[{"embeddable":true,"href":"https:\/\/roulettes.vaniseo.top\/index.php\/wp-json\/wp\/v2\/media\/822"}],"wp:attachment":[{"href":"https:\/\/roulettes.vaniseo.top\/index.php\/wp-json\/wp\/v2\/media?parent=53"}],"wp:term":[{"taxonomy":"product_cat","embeddable":true,"href":"https:\/\/roulettes.vaniseo.top\/index.php\/wp-json\/wp\/v2\/product_cat?post=53"},{"taxonomy":"product_tag","embeddable":true,"href":"https:\/\/roulettes.vaniseo.top\/index.php\/wp-json\/wp\/v2\/product_tag?post=53"}],"curies":[{"name":"wp","href":"https:\/\/api.w.org\/{rel}","templated":true}]}}