{"id":530,"date":"2022-04-04T16:22:00","date_gmt":"2022-04-04T14:22:00","guid":{"rendered":"https:\/\/roulettes.vaniseo.top\/index.php\/produit\/porte-manteau-design-noir-enri-04-par-presse-citron\/"},"modified":"2022-04-04T17:21:51","modified_gmt":"2022-04-04T15:21:51","slug":"porte-manteau-design-noir-enri-04-par-presse-citron","status":"publish","type":"product","link":"https:\/\/roulettes.vaniseo.top\/index.php\/produit\/porte-manteau-design-noir-enri-04-par-presse-citron\/","title":{"rendered":"Porte-manteau design noir ENRI 04 par Presse Citron"},"content":{"rendered":"<h3 class=\"product_title entry-title\"><strong>Porte manteau mural m\u00e9tal ENRI 05 noir PRESSE CITRON<\/strong><\/h3>\n<p>_x000D_n<strong>1001 Pat\u00e8res<\/strong> a s\u00e9lectionn\u00e9 pour vous le <strong>porte-manteau design noir ENRI 04<\/strong> par <strong>PRESSE CITRON<\/strong>._x000D_n_x000D_nD\u00e9couvrez l&rsquo;ensemble des <strong>informations techniques et d\u00e9coratives<\/strong> de cette r\u00e9f\u00e9rence ci-dessous. Une chose est s\u00fbre vous l&rsquo;adorerez! En effet, c&rsquo;est un passe partout pour toute la maison pour <strong>ranger et d\u00e9corer<\/strong>, aussi bien dans la <strong>chambre<\/strong> que dans l&rsquo;<strong>entr\u00e9e<\/strong>._x000D_n_x000D_nAvec <strong>1001 Pat\u00e8res<\/strong>, il n&rsquo;y a jamais de risque de commettre un impair de style. En effet, ce site est<strong> n\u00b01 en France de la vente de pat\u00e8res<\/strong>. Il s\u00e9lectionne pour vous les <strong>meilleurs designers internationaux<\/strong> pour vous d\u00e9nicher des <strong>r\u00e9f\u00e9rences aux meilleurs rapports qualit\u00e9 prix<\/strong>._x000D_n_x000D_n&nbsp;_x000D_n<\/p>\n<h3>Les pat\u00e8res Presse Citron rangent et d\u00e9corent toute la maison<\/h3>\n<p>_x000D_nAinsi, ici, d\u00e9couvrez <strong><a href=\"https:\/\/1001pateres.com\/brand\/presse-citron\">Presse Citron<\/a> une marque fran\u00e7aise<\/strong>. Avec elle, place aux couleurs pop et aux objets d\u00e9coratifs et pratiques. Pat\u00e8res avec cadre photo aimant\u00e9, modules \u00e0 points color\u00e9s, ou formes pr\u00e9historiques avec la collection <strong>ENRI<\/strong> sont \u00e0 tomber!_x000D_n_x000D_nD&rsquo;ailleurs, la r\u00e9f\u00e9rence ci contre en fait partie. Il est donc possible de retrouver sur notre site les r\u00e9f\u00e9rences ENRI:_x000D_n<\/p>\n<ul>_x000D_n \t<\/p>\n<li><strong>A l&rsquo;unit\u00e9<\/strong> en noir, vert et rose saumon via les r\u00e9f\u00e9rences ENRI 01, 02, 04, 05<\/li>\n<p>_x000D_n \t<\/p>\n<li>Ou <strong>en lot<\/strong> de 5 <a href=\"https:\/\/1001pateres.com\/produit\/pack-de-pateres-enri-multicolor-presse-citron\/\">multicolor<\/a> ou <a href=\"https:\/\/1001pateres.com\/produit\/pack-de-pateres-enri-noir-presse-citron\/\">noir<\/a>.<\/li>\n<p>_x000D_n<\/ul>\n<p>_x000D_nAinsi, chaque pat\u00e8re de la s\u00e9rie ENRI <strong>peut \u00eatre combin\u00e9e avec une autre pat\u00e8re de la m\u00eame s\u00e9rie<\/strong> pour <strong>multiplier les solutions de rangement<\/strong>. Pr\u00e9f\u00e9rez des pans de mur clair pour faciliter le raccord avec toutes les couleurs de la collection, ou un mur ton sur ton si votre choix s&rsquo;arr\u00eate \u00e0 une unit\u00e9._x000D_n_x000D_n&nbsp;_x000D_n<\/p>\n<h3>Accrocher au mural le porte-manteau mural design noir ENRI 04<\/h3>\n<p>_x000D_nEnfin, <strong>pour l&rsquo;accrocher<\/strong>, ce porte-manteau mural design noir ENRI 04 comporte un syst\u00e8me d&rsquo;installation facile, et invisible une fois pos\u00e9. Celui-ci n\u00e9cessite des vis et cheville qui sont incluses. Pensez juste \u00e0 vous munir de votre perceuse et tenir compte de ses <strong>dimensions<\/strong>:_x000D_n<\/p>\n<ul>_x000D_n \t<\/p>\n<li>La pat\u00e8re: 15,8 cm X 15,2 cm<\/li>\n<p>_x000D_n \t<\/p>\n<li>Ecartement du mur: 8,2 cm<\/li>\n<p>_x000D_n<\/ul>\n<p>_x000D_n&nbsp;<\/p>\n","protected":false},"excerpt":{"rendered":"<p>Pat\u00e8res murale design <strong>ENRI 04 noir<\/strong>\u00a0PRESSE CITRON.\u00a0Cet ensemble de pat\u00e8res de la marque <em><strong>PRESSE CITRON<\/strong><\/em> est \u00e0 poser partout dans la maison pour ne plus voir trainer ses affaires, dans la chambre ou dans l&rsquo;entr\u00e9e tout en restant d\u00e9corative.<\/p>\n","protected":false},"featured_media":2082,"comment_status":"closed","ping_status":"open","template":"","meta":[],"product_cat":[29,19,32,21,22],"product_tag":[27],"class_list":["post-530","product","type-product","status-publish","has-post-thumbnail","hentry","product_cat-chambre-adulte","product_cat-collectivite","product_cat-entree-sejour","product_cat-entreprise","product_cat-pro","product_tag-crochet-patere-patere-design-patere-murale-patere-porte-pateres-porte-serviette-porte-torchon-vestiaire","description-off"],"_links":{"self":[{"href":"https:\/\/roulettes.vaniseo.top\/index.php\/wp-json\/wp\/v2\/product\/530","targetHints":{"allow":["GET"]}}],"collection":[{"href":"https:\/\/roulettes.vaniseo.top\/index.php\/wp-json\/wp\/v2\/product"}],"about":[{"href":"https:\/\/roulettes.vaniseo.top\/index.php\/wp-json\/wp\/v2\/types\/product"}],"replies":[{"embeddable":true,"href":"https:\/\/roulettes.vaniseo.top\/index.php\/wp-json\/wp\/v2\/comments?post=530"}],"version-history":[{"count":0,"href":"https:\/\/roulettes.vaniseo.top\/index.php\/wp-json\/wp\/v2\/product\/530\/revisions"}],"wp:featuredmedia":[{"embeddable":true,"href":"https:\/\/roulettes.vaniseo.top\/index.php\/wp-json\/wp\/v2\/media\/2082"}],"wp:attachment":[{"href":"https:\/\/roulettes.vaniseo.top\/index.php\/wp-json\/wp\/v2\/media?parent=530"}],"wp:term":[{"taxonomy":"product_cat","embeddable":true,"href":"https:\/\/roulettes.vaniseo.top\/index.php\/wp-json\/wp\/v2\/product_cat?post=530"},{"taxonomy":"product_tag","embeddable":true,"href":"https:\/\/roulettes.vaniseo.top\/index.php\/wp-json\/wp\/v2\/product_tag?post=530"}],"curies":[{"name":"wp","href":"https:\/\/api.w.org\/{rel}","templated":true}]}}