{"id":531,"date":"2022-04-04T16:22:00","date_gmt":"2022-04-04T14:22:00","guid":{"rendered":"https:\/\/roulettes.vaniseo.top\/index.php\/produit\/porte-manteau-mural-metal-enri-05-noir-presse-citron\/"},"modified":"2022-04-04T17:21:51","modified_gmt":"2022-04-04T15:21:51","slug":"porte-manteau-mural-metal-enri-05-noir-presse-citron","status":"publish","type":"product","link":"https:\/\/roulettes.vaniseo.top\/index.php\/produit\/porte-manteau-mural-metal-enri-05-noir-presse-citron\/","title":{"rendered":"Porte manteau mural m\u00e9tal ENRI 05 noir PRESSE CITRON"},"content":{"rendered":"<h3>Porte-manteau design noir ENRI 05 par Presse Citron<\/h3>\n<p>_x000D_nTout d&rsquo;abord,<strong> 1001 Pat\u00e8res<\/strong> vous propose de d\u00e9couvrir ici toutes les informations concernant le <strong>porte manteau mural m\u00e9tal ENRI 05 noir<\/strong> de <strong>Presse Citron<\/strong>._x000D_n_x000D_nAvec 1001 Pat\u00e8res, profitez d&rsquo;une s\u00e9lection des <strong>meilleurs designers internationaux de d\u00e9coration d&rsquo;int\u00e9rieur<\/strong> et retrouvez <strong>les plus belles pat\u00e8res<\/strong>._x000D_n_x000D_nIci, il s&rsquo;agit de <strong><a href=\"https:\/\/1001pateres.com\/brand\/presse-citron\">Presse Citron<\/a>, une marque fran\u00e7aise<\/strong>. Vous aimerez leurs <strong>gammes<\/strong> \u00e0 la fois <strong>\u00e9pur\u00e9es<\/strong> et <strong>originales<\/strong>. Vous craquerez sur les coloris de la collection <strong>PIET<\/strong> et sur les pat\u00e8res avec<strong> cadre photo aimant\u00e9<\/strong> aux couleurs vari\u00e9es. Ci-contre, il s&rsquo;agit d&rsquo;une r\u00e9f\u00e9rence de la collection <strong>ENRI<\/strong>. Celle-ci propose des pat\u00e8res:_x000D_n<\/p>\n<ul>_x000D_n \t<\/p>\n<li>\u00e0 <strong>l&rsquo;unit\u00e9<\/strong>: en vert, rose saumon, noir via les r\u00e9f\u00e9rences <a href=\"https:\/\/1001pateres.com\/produit\/patere-murale-design-enri-01-vert-presse-citron\/\">ENRI 01<\/a>, <a href=\"https:\/\/1001pateres.com\/produit\/patere-murale-design-enri-02-rose-presse-citron\/\">02<\/a>, <a href=\"https:\/\/1001pateres.com\/produit\/patere-murale-design-enri-04-noir-presse-citron\/\">04<\/a>, et 05<\/li>\n<p>_x000D_n \t<\/p>\n<li>ou <strong>par lot<\/strong> de 5: en <a href=\"https:\/\/1001pateres.com\/produit\/pack-de-pateres-enri-noir-presse-citron\/\">noir<\/a> ou en <a href=\"https:\/\/1001pateres.com\/produit\/pack-de-pateres-enri-multicolor-presse-citron\/\">multicolor<\/a>.<\/li>\n<p>_x000D_n<\/ul>\n<p>_x000D_nD&rsquo;ailleurs, ici, le porte manteau ENRI 05 est en <strong>acier peint de couleur noire,<\/strong> teint\u00e9 dans la masse. Cela vous assure une tenue de couleur sur le long terme. \u00a0Elle arbore une <strong>forme pr\u00e9historique \u00e9pur\u00e9e vraiment design, minimaliste<\/strong>._x000D_n_x000D_nEn conclusion, vous adorerez donc voir ces pat\u00e8res vides sur tout mur de votre maison ou votre bureau comme de <strong>v\u00e9ritables objets d\u00e9coratifs muraux<\/strong>. Tout comme vous profitez de <strong>solutions \u00e9l\u00e9gantes de rangement<\/strong>. Chaque pat\u00e8re de la s\u00e9rie ENRI peut bien s\u00fbr \u00eatre <strong>combin\u00e9e avec une autre pat\u00e8re de la m\u00eame s\u00e9rie<\/strong> au gr\u00e9 de vos besoins et envies._x000D_n_x000D_n&nbsp;_x000D_n<\/p>\n<h3>Comment fixer au mur ce porte manteau mural m\u00e9tal ENRI 05?<\/h3>\n<p>_x000D_nCe porte-manteau mural m\u00e9tal noir ENRI 05 PRESSE CITRON dispose d&rsquo;un syst\u00e8me de fixation avec vis et cheville. Bien s\u00fbr, ces vis et chevilles sont incluses dans votre achat. Toutefois, il sera n\u00e9cessaire d&rsquo;utiliser votre perceuse. Avec facilit\u00e9 et efficacit\u00e9, vous aimerez <strong>pouvoir rapidement en profiter<\/strong> sans voir ce syst\u00e8me d&rsquo;installation, invisible une fois install\u00e9e._x000D_n_x000D_nEnfin, pensez \u00e0 v\u00e9rifier les <strong>dimensions<\/strong> de ce porte manteau mural m\u00e9tal ENRI 05 avant de r\u00e9aliser votre achat et votre am\u00e9nagement:_x000D_n<\/p>\n<ul>_x000D_n \t<\/p>\n<li>La pat\u00e8re: 22,5 cm X 9,2 cm<\/li>\n<p>_x000D_n \t<\/p>\n<li>Ecartement du mur: 8,2 cm<\/li>\n<p>_x000D_n<\/ul>\n","protected":false},"excerpt":{"rendered":"<p>Pat\u00e8res murale design <strong>ENRI 05 noir<\/strong>\u00a0PRESSE CITRON.\u00a0Cet ensemble de pat\u00e8res de la marque <em><strong>PRESSE CITRON<\/strong><\/em> est \u00e0 poser partout dans la maison pour ne plus voir trainer ses affaires, dans la chambre ou dans l&rsquo;entr\u00e9e tout en restant d\u00e9corative.<\/p>\n","protected":false},"featured_media":2084,"comment_status":"closed","ping_status":"open","template":"","meta":[],"product_cat":[29,19,32,21,22],"product_tag":[27],"class_list":["post-531","product","type-product","status-publish","has-post-thumbnail","hentry","product_cat-chambre-adulte","product_cat-collectivite","product_cat-entree-sejour","product_cat-entreprise","product_cat-pro","product_tag-crochet-patere-patere-design-patere-murale-patere-porte-pateres-porte-serviette-porte-torchon-vestiaire","description-off"],"_links":{"self":[{"href":"https:\/\/roulettes.vaniseo.top\/index.php\/wp-json\/wp\/v2\/product\/531","targetHints":{"allow":["GET"]}}],"collection":[{"href":"https:\/\/roulettes.vaniseo.top\/index.php\/wp-json\/wp\/v2\/product"}],"about":[{"href":"https:\/\/roulettes.vaniseo.top\/index.php\/wp-json\/wp\/v2\/types\/product"}],"replies":[{"embeddable":true,"href":"https:\/\/roulettes.vaniseo.top\/index.php\/wp-json\/wp\/v2\/comments?post=531"}],"version-history":[{"count":0,"href":"https:\/\/roulettes.vaniseo.top\/index.php\/wp-json\/wp\/v2\/product\/531\/revisions"}],"wp:featuredmedia":[{"embeddable":true,"href":"https:\/\/roulettes.vaniseo.top\/index.php\/wp-json\/wp\/v2\/media\/2084"}],"wp:attachment":[{"href":"https:\/\/roulettes.vaniseo.top\/index.php\/wp-json\/wp\/v2\/media?parent=531"}],"wp:term":[{"taxonomy":"product_cat","embeddable":true,"href":"https:\/\/roulettes.vaniseo.top\/index.php\/wp-json\/wp\/v2\/product_cat?post=531"},{"taxonomy":"product_tag","embeddable":true,"href":"https:\/\/roulettes.vaniseo.top\/index.php\/wp-json\/wp\/v2\/product_tag?post=531"}],"curies":[{"name":"wp","href":"https:\/\/api.w.org\/{rel}","templated":true}]}}