{"id":532,"date":"2022-04-04T16:22:00","date_gmt":"2022-04-04T14:22:00","guid":{"rendered":"https:\/\/roulettes.vaniseo.top\/index.php\/produit\/support-mural-porte-guitare-et-autres-instruments-de-musique\/"},"modified":"2022-04-04T17:21:52","modified_gmt":"2022-04-04T15:21:52","slug":"support-mural-porte-guitare-et-autres-instruments-de-musique","status":"publish","type":"product","link":"https:\/\/roulettes.vaniseo.top\/index.php\/produit\/support-mural-porte-guitare-et-autres-instruments-de-musique\/","title":{"rendered":"Support mural porte guitare et autres instruments de musique"},"content":{"rendered":"<h3><strong>Support instrument de musique en acier et protection mousse<\/strong><\/h3>\n<p>_x000D_n<strong>1001 Pat\u00e8res<\/strong> vous propose de d\u00e9couvrir ici toutes les informations techniques et utiles au sujet de ce <strong>support mural porte guitare et autres instruments de musique<\/strong>._x000D_n_x000D_nEn effet, <strong>1001 Pat\u00e8res<\/strong> est le <strong>n\u00b01 en France de la vente en ligne de pat\u00e8res et porte manteaux<\/strong>. Mais son catalogue ne s&rsquo;arr\u00eate pas l\u00e0, il propose aussi des produits sp\u00e9cifiques de rangement comme ici avec un porte guitare, ou encore avec un <a href=\"https:\/\/1001pateres.com\/produit\/porte-balais-mural-rangement-cuisine\/\">porte balai<\/a> tr\u00e8s efficace etc. Cette boutique en ligne r\u00e9pertorie donc les meilleures <strong>marques internationales<\/strong> proposant des r\u00e9f\u00e9rences aux <strong>meilleures rapports qualit\u00e9 prix<\/strong>._x000D_n_x000D_nAinsi, ci-contre, ce\u00a0<strong>support mural porte guitare<\/strong>\u00a0et autres instruments de musique est en <strong>acier<\/strong> avec des protections en mousses de support pour ne pas abimer l&rsquo;instrument maintenu. Ce type de support est donc id\u00e9al pour visualiser son instrument sans housse \u00e0 ouvrir et fermer fr\u00e9quemment. Il permet aussi de d\u00e9corer n&rsquo;importe quel espace avec sur un mur._x000D_n_x000D_nD&rsquo;ailleurs, les amateurs de guitares \u00e9lectriques par exemple, qui en ont plusieurs, pourront toutes les fixer au mur \u00e0 l&rsquo;aide de plusieurs supports comme celui-ci. En d&rsquo;autres termes, les guitares remplaceront les tableaux! Elles seront vraiment <strong>mises en valeur sans les abimer<\/strong>!_x000D_n_x000D_n&nbsp;_x000D_n<\/p>\n<h3>Comment se fixe le support mural porte guitare au mur?<\/h3>\n<p>_x000D_nEnsuite, le support mural porte guitare se fixe au mur avec <strong>quatre vis et chevilles qui sont incluses<\/strong>. <span style=\"line-height: 1.5\">Sa pose n\u00e9cessite l&rsquo;utilisation d&rsquo;une perceuse.<\/span>_x000D_n_x000D_nPar ailleurs, il comporte des <strong>tiges recouvertes de mousse<\/strong> pour supporter la guitare ou autre instrument.\u00a0Les <strong>bras de support sont fixes.<\/strong>_x000D_n_x000D_nPensez \u00e0 toujours tenir compte des <strong>dimensions<\/strong> de chacun de vos achats. Voici celles de ce support ci-dessous:_x000D_n<\/p>\n<ul>_x000D_n \t<\/p>\n<li>Dimensions du support mural: 10 cm X 5 cm<\/li>\n<p>_x000D_n \t<\/p>\n<li>Ecartement int\u00e9rieur des supports: 5 cm<\/li>\n<p>_x000D_n \t<\/p>\n<li>Ecartement du mur: 11 cm<\/li>\n<p>_x000D_n<\/ul>\n<p>_x000D_nPour tout compl\u00e9ment d&rsquo;informations, n&rsquo;h\u00e9sitez pas \u00e0 nous contacter via le formulaire disponible en page Contact ou par t\u00e9l\u00e9phone.<\/p>\n","protected":false},"excerpt":{"rendered":"<p>Support mural <strong>porte-guitare<\/strong> instrument de musique.\u00a0Ce support est \u00e0 poser partout dans la maison pour ne plus voir trainer son instrument de musique pr\u00e9f\u00e9r\u00e9.\u00a0Cette <em><strong>pat\u00e8re<\/strong><\/em> permet de mettre en valeur sa guitare sans l&rsquo;abimer.<\/p>\n","protected":false},"featured_media":2087,"comment_status":"closed","ping_status":"open","template":"","meta":[],"product_cat":[29,16],"product_tag":[27],"class_list":["post-532","product","type-product","status-publish","has-post-thumbnail","hentry","product_cat-chambre-adulte","product_cat-chambre-enfant","product_tag-crochet-patere-patere-design-patere-murale-patere-porte-pateres-porte-serviette-porte-torchon-vestiaire","description-off"],"_links":{"self":[{"href":"https:\/\/roulettes.vaniseo.top\/index.php\/wp-json\/wp\/v2\/product\/532","targetHints":{"allow":["GET"]}}],"collection":[{"href":"https:\/\/roulettes.vaniseo.top\/index.php\/wp-json\/wp\/v2\/product"}],"about":[{"href":"https:\/\/roulettes.vaniseo.top\/index.php\/wp-json\/wp\/v2\/types\/product"}],"replies":[{"embeddable":true,"href":"https:\/\/roulettes.vaniseo.top\/index.php\/wp-json\/wp\/v2\/comments?post=532"}],"version-history":[{"count":0,"href":"https:\/\/roulettes.vaniseo.top\/index.php\/wp-json\/wp\/v2\/product\/532\/revisions"}],"wp:featuredmedia":[{"embeddable":true,"href":"https:\/\/roulettes.vaniseo.top\/index.php\/wp-json\/wp\/v2\/media\/2087"}],"wp:attachment":[{"href":"https:\/\/roulettes.vaniseo.top\/index.php\/wp-json\/wp\/v2\/media?parent=532"}],"wp:term":[{"taxonomy":"product_cat","embeddable":true,"href":"https:\/\/roulettes.vaniseo.top\/index.php\/wp-json\/wp\/v2\/product_cat?post=532"},{"taxonomy":"product_tag","embeddable":true,"href":"https:\/\/roulettes.vaniseo.top\/index.php\/wp-json\/wp\/v2\/product_tag?post=532"}],"curies":[{"name":"wp","href":"https:\/\/api.w.org\/{rel}","templated":true}]}}