{"id":535,"date":"2022-04-04T16:22:00","date_gmt":"2022-04-04T14:22:00","guid":{"rendered":"https:\/\/roulettes.vaniseo.top\/index.php\/produit\/patere-antique-metallique-et-double-embouts-porcelaine-blanc\/"},"modified":"2022-04-04T17:21:54","modified_gmt":"2022-04-04T15:21:54","slug":"patere-antique-metallique-et-double-embouts-porcelaine-blanc","status":"publish","type":"product","link":"https:\/\/roulettes.vaniseo.top\/index.php\/produit\/patere-antique-metallique-et-double-embouts-porcelaine-blanc\/","title":{"rendered":"Pat\u00e8re antique m\u00e9tallique et double embouts porcelaine blanc"},"content":{"rendered":"<h3>Porte manteau vestiaire double en m\u00e9tal noir et embouts porcelaine blanc<\/h3>\n<p>_x000D_n1001 Pat\u00e8res vous propose de d\u00e9couvrir ici toutes les informations techniques et quelques conseils d&rsquo;installation pour l&rsquo;une de ses meilleures ventes: la pat\u00e8re <strong>antique m\u00e9tallique<\/strong>. Il s&rsquo;agit d&rsquo;un\u00a0porte manteau type vestiaire double embouts en\u00a0<em><strong>porcelaine blanc<\/strong><\/em>._x000D_n_x000D_nCette pat\u00e8re antique fait parti de nos <strong>meilleures ventes<\/strong>! Avec son style <strong>authentique<\/strong>, elle apporte beaucoup de <strong>cachet<\/strong> \u00e0 tout int\u00e9rieur. Ses embouts doubles sont arrondis et en porcelaine blanc. La texture <strong>douce<\/strong> et la forme <strong>arrondie<\/strong> offrent ainsi un respect de toute mati\u00e8re suspendue dessus. Les foulards et v\u00eatements <strong>ne sont ainsi pas accroch\u00e9s, ni d\u00e9form\u00e9s<\/strong>. Cela fait donc de ce produit, une r\u00e9f\u00e9rence particuli\u00e8rement adapt\u00e9e pour l&rsquo;<a href=\"https:\/\/1001pateres.com\/categorie-produit\/entree-sejour\/\">entr\u00e9e<\/a> afin d&rsquo;y d\u00e9poser son manteau, son \u00e9charpe ou son chapeau.\u00a0Bien s\u00fbr la base des embouts en porcelaine peut laisser apparaitre la porcelaine brute et l&rsquo;\u00e9mail peut comporter de petits d\u00e9fauts de couleur et de petites taches dans l&rsquo;\u00e9mail._x000D_n_x000D_nPar ailleurs, si votre <a href=\"https:\/\/1001pateres.com\/categorie-produit\/salle-de-bain\/\">salle de bain<\/a> ou votre <a href=\"https:\/\/1001pateres.com\/categorie-produit\/chambre-adulte\/\">chambre<\/a> ont un esprit <strong>boudoir<\/strong>, le style <strong>antique<\/strong> de cette pat\u00e8re m\u00e9tallique se mariera parfaitement avec.\u00a0Ainsi, d\u00e9couvrez \u00e9galement cette r\u00e9f\u00e9rence en d&rsquo;<strong>autres coloris<\/strong> comme le <a href=\"https:\/\/1001pateres.com\/produit\/patere-antique-deco-porte-manteaux-porcelaine-vert\/\">vert<\/a>, le <a href=\"https:\/\/1001pateres.com\/produit\/patere-antique-deco-porte-manteaux-porcelaine-rouge\/\">rouge<\/a> et le <a href=\"https:\/\/1001pateres.com\/produit\/patere-antique-deco-porte-manteaux-porcelaine-jaune\/\">jaune<\/a>. Et amusez vous donc \u00e0 parfaitement accorder votre int\u00e9rieur quelque soit les couleurs n\u00e9cessaires! Il y a le choix!_x000D_n_x000D_n&nbsp;_x000D_n<\/p>\n<h2>Installation d&rsquo;une pat\u00e8re antique m\u00e9tallique<\/h2>\n<p>_x000D_nEnsuite, c\u00f4t\u00e9 <strong>installation<\/strong>, il faut savoir cette pat\u00e8re antique est fabriqu\u00e9e de fa\u00e7on <strong>traditionnelle<\/strong>. Elle comporte donc un <strong>syst\u00e8me d&rsquo;accrochage simple<\/strong> avec deux vis fournies. Toutefois, sa pose n\u00e9cessite l&rsquo;usage d&rsquo;un tournevis._x000D_n_x000D_n<span style=\"line-height: 1.5\">Ind\u00e9niablement, nos clients aiment ce porte manteau vestiaire pour son <strong>originalit\u00e9\u00a0<\/strong>et sa tr\u00e8s belle qualit\u00e9.<\/span>_x000D_n_x000D_nA noter que si vous souhaitez comme vestiaire en <a href=\"https:\/\/1001pateres.com\/categorie-produit\/entreprise\/\">entreprise<\/a>, il sera bon de tenir compte de ses <strong>dimensions<\/strong> sp\u00e9cifiques afin de savoir combien vous pourrez en multiplier sur un m\u00eame pan de mur. Voici donc pour ce faire ses dimensions unitaires:_x000D_n<\/p>\n<ul>_x000D_n \t<\/p>\n<li>Hauteur du porte manteau vestiaire: 18 cm.<\/li>\n<p>_x000D_n \t<\/p>\n<li>Diam\u00e8tre de l&#8217;embout arrondi en porcelaine blanche: 3,5 cm<\/li>\n<p>_x000D_n \t<\/p>\n<li>Crochet bas \u00e9cartement du mur: 9,5 cm<\/li>\n<p>_x000D_n \t<\/p>\n<li>Le crochet haut \u00e9cartement du mur 7 cm.<\/li>\n<p>_x000D_n<\/ul>\n","protected":false},"excerpt":{"rendered":"<p>Pat\u00e8re <strong>antique d\u00e9co<\/strong> porte-manteaux <em><strong>porcelaine blanc<\/strong><\/em>.\u00a0Cette pat\u00e8re design en m\u00e9tal noir avec des embouts en porcelaine blanc est \u00e0 poser partout dans la maison pour ne plus laisser trainer ses affaires.\u00a0Elle est particuli\u00e8rement adapt\u00e9e pour l&rsquo;entr\u00e9e afin d&rsquo;y d\u00e9poser son manteau, son \u00e9charpe ou son chapeau.\u00a0Bien s\u00fbr la base des embouts en porcelaine peut laisser apparaitre la porcelaine brute et l&rsquo;\u00e9mail peut comporter de petits d\u00e9fauts de couleur et de petites taches dans l&rsquo;\u00e9mail.<\/p>\n","protected":false},"featured_media":2095,"comment_status":"closed","ping_status":"open","template":"","meta":[],"product_cat":[29,19,32,21,22,17],"product_tag":[27],"class_list":["post-535","product","type-product","status-publish","has-post-thumbnail","hentry","product_cat-chambre-adulte","product_cat-collectivite","product_cat-entree-sejour","product_cat-entreprise","product_cat-pro","product_cat-salle-de-bain","product_tag-crochet-patere-patere-design-patere-murale-patere-porte-pateres-porte-serviette-porte-torchon-vestiaire","description-off"],"_links":{"self":[{"href":"https:\/\/roulettes.vaniseo.top\/index.php\/wp-json\/wp\/v2\/product\/535","targetHints":{"allow":["GET"]}}],"collection":[{"href":"https:\/\/roulettes.vaniseo.top\/index.php\/wp-json\/wp\/v2\/product"}],"about":[{"href":"https:\/\/roulettes.vaniseo.top\/index.php\/wp-json\/wp\/v2\/types\/product"}],"replies":[{"embeddable":true,"href":"https:\/\/roulettes.vaniseo.top\/index.php\/wp-json\/wp\/v2\/comments?post=535"}],"version-history":[{"count":0,"href":"https:\/\/roulettes.vaniseo.top\/index.php\/wp-json\/wp\/v2\/product\/535\/revisions"}],"wp:featuredmedia":[{"embeddable":true,"href":"https:\/\/roulettes.vaniseo.top\/index.php\/wp-json\/wp\/v2\/media\/2095"}],"wp:attachment":[{"href":"https:\/\/roulettes.vaniseo.top\/index.php\/wp-json\/wp\/v2\/media?parent=535"}],"wp:term":[{"taxonomy":"product_cat","embeddable":true,"href":"https:\/\/roulettes.vaniseo.top\/index.php\/wp-json\/wp\/v2\/product_cat?post=535"},{"taxonomy":"product_tag","embeddable":true,"href":"https:\/\/roulettes.vaniseo.top\/index.php\/wp-json\/wp\/v2\/product_tag?post=535"}],"curies":[{"name":"wp","href":"https:\/\/api.w.org\/{rel}","templated":true}]}}