{"id":536,"date":"2022-04-04T16:22:03","date_gmt":"2022-04-04T14:22:03","guid":{"rendered":"https:\/\/roulettes.vaniseo.top\/index.php\/produit\/patere-metal-vieilli-coeur\/"},"modified":"2022-04-04T17:21:56","modified_gmt":"2022-04-04T15:21:56","slug":"patere-metal-vieilli-coeur","status":"publish","type":"product","link":"https:\/\/roulettes.vaniseo.top\/index.php\/produit\/patere-metal-vieilli-coeur\/","title":{"rendered":"Pat\u00e8re m\u00e9tal vieilli coeur"},"content":{"rendered":"<h3>Porte manteau mural m\u00e9tal noir fa\u00e7on acier vieilli en forme de coeur<\/h3>\n<p>_x000D_n<strong>1001 Pat\u00e8res<\/strong>, <strong>N\u00b01 en France de la vente en ligne de pat\u00e8re et porte manteau<\/strong> vous propose cette <strong>pat\u00e8re m\u00e9tal vieilli coeur<\/strong>. Ci dessous, d\u00e9couvrez toutes les <strong>informations techniques et d\u00e9coratives<\/strong> li\u00e9es \u00e0 ce produit._x000D_n_x000D_nPour commencer, sachez que 1001 Pat\u00e8res mets un point d&rsquo;honneur \u00e0 choisir des <strong>marques partout dans le monde<\/strong> proposant un <strong>avantageux rapport qualit\u00e9 prix<\/strong>. Ainsi, vous avez toujours la certitude de pouvoir \u00e0 la fois vous amusez \u00e0 <strong>compl\u00e9ter votre d\u00e9coration d&rsquo;int\u00e9rieur<\/strong> et \u00e0 la fois vous offrir une <strong>solution de rangement de qualit\u00e9<\/strong>._x000D_n_x000D_n&nbsp;_x000D_n<\/p>\n<h3>Pat\u00e8re m\u00e9tal vieilli coeur murale<\/h3>\n<p>_x000D_nPour ce faire, d\u00e9couvrez dans la marque propre de la boutique 1001 Pat\u00e8res, ce doux <strong>porte manteau mural m\u00e9tal noir en forme de coeur<\/strong>._x000D_n_x000D_nD&rsquo;abord, cette pat\u00e8re m\u00e9tal vieilli <strong>coeur<\/strong> est id\u00e9al pour servir de\u00a0<strong>vestiaire<\/strong>. En acier brut de couleur <strong>noir fa\u00e7on<\/strong><b>\u00a0vieilli, <\/b>il\u00a0peut servir de porte-v\u00eatements, porte-\u00e9charpes, porte-chapeaux. V\u00e9ritablement polyvalent, il se fixe au <strong>mur<\/strong> uniquement._x000D_n_x000D_nDe plus, son design est \u00e0 la fois<strong> simple et \u00e9pur\u00e9<\/strong>. On aime le<strong> c\u00f4t\u00e9 non lisse, irr\u00e9gulier<\/strong>, comme <strong>fait-main<\/strong>. Ce crochet unique dispose d&rsquo;un <strong>embout rond<\/strong> afin de ne pas abimer les v\u00eatements mais de bien les maintenir suspendus._x000D_n_x000D_n&nbsp;_x000D_n<\/p>\n<h3>Installation de la pat\u00e8re coeur \u00e0 crochet unique<\/h3>\n<p>_x000D_nEnfin, ce portant se compose d&rsquo;une pat\u00e8re simple et d&rsquo;un syst\u00e8me d&rsquo;accrochage avec une <strong>vis qui est fournie<\/strong>.\u00a0Il est assez facile \u00e0 poser sur un mur ou sur un bois mais n\u00e9cessite un <strong>tournevis<\/strong>. Pensez \u00e0 en pr\u00e9parer un adapt\u00e9 pour son installation!_x000D_n_x000D_nEn acier de couleur noir vieilli, il conviendra parfaitement dans un univers de vestiaires d&rsquo;entreprise, ou pour tout autre usage dans la maison._x000D_n_x000D_nVoici ses <strong>dimensions<\/strong>, utiles notamment si vous souhaitez <strong>le d\u00e9multiplier<\/strong> sur un m\u00eame pan de mur:_x000D_n<\/p>\n<ul>_x000D_n \t<\/p>\n<li>Hauteur 11,5 cm<\/li>\n<p>_x000D_n \t<\/p>\n<li>Largeur 5,4 cm<\/li>\n<p>_x000D_n \t<\/p>\n<li>Ecartement du mur 4 cm<\/li>\n<p>_x000D_n<\/ul>\n","protected":false},"excerpt":{"rendered":"<p>Belle\u00a0pat\u00e8re m\u00e9tal vieilli <strong>coeur<\/strong> est id\u00e9al pour servir de\u00a0<em><strong>vestiaire<\/strong><\/em>. En acier brut de couleur <strong>noir fa\u00e7on<\/strong><b>\u00a0vieilli, <\/b>il\u00a0peut servir de porte-v\u00eatements, porte-\u00e9charpes, porte-chapeaux.\u00a0Il est mural. De plus il a un design simple et \u00e9pur\u00e9 avec un embout rond afin de ne pas abimer les v\u00eatements.\u00a0Il est au design \u00e9pur\u00e9 pour se fondre dans tout les univers de la maison ou de l&rsquo;entreprise. Id\u00e9al pour les collectivit\u00e9s.<\/p>\n","protected":false},"featured_media":2099,"comment_status":"closed","ping_status":"open","template":"","meta":[],"product_cat":[29,16,17],"product_tag":[27],"class_list":["post-536","product","type-product","status-publish","has-post-thumbnail","hentry","product_cat-chambre-adulte","product_cat-chambre-enfant","product_cat-salle-de-bain","product_tag-crochet-patere-patere-design-patere-murale-patere-porte-pateres-porte-serviette-porte-torchon-vestiaire","description-off"],"_links":{"self":[{"href":"https:\/\/roulettes.vaniseo.top\/index.php\/wp-json\/wp\/v2\/product\/536","targetHints":{"allow":["GET"]}}],"collection":[{"href":"https:\/\/roulettes.vaniseo.top\/index.php\/wp-json\/wp\/v2\/product"}],"about":[{"href":"https:\/\/roulettes.vaniseo.top\/index.php\/wp-json\/wp\/v2\/types\/product"}],"replies":[{"embeddable":true,"href":"https:\/\/roulettes.vaniseo.top\/index.php\/wp-json\/wp\/v2\/comments?post=536"}],"version-history":[{"count":0,"href":"https:\/\/roulettes.vaniseo.top\/index.php\/wp-json\/wp\/v2\/product\/536\/revisions"}],"wp:featuredmedia":[{"embeddable":true,"href":"https:\/\/roulettes.vaniseo.top\/index.php\/wp-json\/wp\/v2\/media\/2099"}],"wp:attachment":[{"href":"https:\/\/roulettes.vaniseo.top\/index.php\/wp-json\/wp\/v2\/media?parent=536"}],"wp:term":[{"taxonomy":"product_cat","embeddable":true,"href":"https:\/\/roulettes.vaniseo.top\/index.php\/wp-json\/wp\/v2\/product_cat?post=536"},{"taxonomy":"product_tag","embeddable":true,"href":"https:\/\/roulettes.vaniseo.top\/index.php\/wp-json\/wp\/v2\/product_tag?post=536"}],"curies":[{"name":"wp","href":"https:\/\/api.w.org\/{rel}","templated":true}]}}