{"id":537,"date":"2022-04-04T16:22:03","date_gmt":"2022-04-04T14:22:03","guid":{"rendered":"https:\/\/roulettes.vaniseo.top\/index.php\/produit\/patere-bois-peint-fleur-verte\/"},"modified":"2022-04-04T17:21:57","modified_gmt":"2022-04-04T15:21:57","slug":"patere-bois-peint-fleur-verte","status":"publish","type":"product","link":"https:\/\/roulettes.vaniseo.top\/index.php\/produit\/patere-bois-peint-fleur-verte\/","title":{"rendered":"Pat\u00e8re bois peint fleur verte"},"content":{"rendered":"<h4>Porte-manteau pour enfant en bois en forme de fleur verte.<\/h4>\n<p>_x000D_nPat\u00e8re <strong>bois peint<\/strong>\u00a0<b><i>fleur verte<\/i><\/b>._x000D_n_x000D_nElle comporte un crochet et un syst\u00e8me d&rsquo;accrochage\u00a0en m\u00e9tal avec un embout form\u00e9 d&rsquo;une boule en bois de couleur vert pour plus de s\u00e9curit\u00e9._x000D_n_x000D_nLe design est simple et na\u00eff id\u00e9al pour une chambre d\u2019enfant._x000D_n_x000D_nCe porte-manteau est peint \u00e0 la main et peut comporter quelques petites diff\u00e9rences avec la photo._x000D_n_x000D_nElle tient au mur avec un crochet de votre choix et peut supporter un poids d&rsquo;environ 5 kg._x000D_n<\/p>\n<h4>Dimensions :<\/h4>\n<p>_x000D_n<\/p>\n<ul>_x000D_n \t<\/p>\n<li>La fleur comporte un diam\u00e8tre de 7 cm<\/li>\n<p>_x000D_n \t<\/p>\n<li>Avec le crochet Hauteur = 10,5 cm<\/li>\n<p>_x000D_n \t<\/p>\n<li>Ecartement du mur 4 cm<\/li>\n<p>_x000D_n<\/ul>\n","protected":false},"excerpt":{"rendered":"<p>Jolie pat\u00e8re <strong>bois peint<\/strong> <em><strong>fleur verte<\/strong><\/em>.\u00a0Le design est simple et na\u00eff id\u00e9al pour une chambre d\u2019enfant.\u00a0Elle comporte un crochet et un syst\u00e8me d&rsquo;accrochage\u00a0en m\u00e9tal avec un embout form\u00e9 d&rsquo;une boule en bois de couleur verte pour plus de s\u00e9curit\u00e9.<\/p>\n","protected":false},"featured_media":2102,"comment_status":"closed","ping_status":"open","template":"","meta":[],"product_cat":[16],"product_tag":[27],"class_list":["post-537","product","type-product","status-publish","has-post-thumbnail","hentry","product_cat-chambre-enfant","product_tag-crochet-patere-patere-design-patere-murale-patere-porte-pateres-porte-serviette-porte-torchon-vestiaire","description-off"],"_links":{"self":[{"href":"https:\/\/roulettes.vaniseo.top\/index.php\/wp-json\/wp\/v2\/product\/537","targetHints":{"allow":["GET"]}}],"collection":[{"href":"https:\/\/roulettes.vaniseo.top\/index.php\/wp-json\/wp\/v2\/product"}],"about":[{"href":"https:\/\/roulettes.vaniseo.top\/index.php\/wp-json\/wp\/v2\/types\/product"}],"replies":[{"embeddable":true,"href":"https:\/\/roulettes.vaniseo.top\/index.php\/wp-json\/wp\/v2\/comments?post=537"}],"version-history":[{"count":0,"href":"https:\/\/roulettes.vaniseo.top\/index.php\/wp-json\/wp\/v2\/product\/537\/revisions"}],"wp:featuredmedia":[{"embeddable":true,"href":"https:\/\/roulettes.vaniseo.top\/index.php\/wp-json\/wp\/v2\/media\/2102"}],"wp:attachment":[{"href":"https:\/\/roulettes.vaniseo.top\/index.php\/wp-json\/wp\/v2\/media?parent=537"}],"wp:term":[{"taxonomy":"product_cat","embeddable":true,"href":"https:\/\/roulettes.vaniseo.top\/index.php\/wp-json\/wp\/v2\/product_cat?post=537"},{"taxonomy":"product_tag","embeddable":true,"href":"https:\/\/roulettes.vaniseo.top\/index.php\/wp-json\/wp\/v2\/product_tag?post=537"}],"curies":[{"name":"wp","href":"https:\/\/api.w.org\/{rel}","templated":true}]}}