{"id":54,"date":"2022-04-04T16:20:06","date_gmt":"2022-04-04T14:20:06","guid":{"rendered":"https:\/\/roulettes.vaniseo.top\/index.php\/produit\/patere-sur-porte-6-acier-chrome\/"},"modified":"2022-04-04T17:09:02","modified_gmt":"2022-04-04T15:09:02","slug":"patere-sur-porte-6-acier-chrome","status":"publish","type":"product","link":"https:\/\/roulettes.vaniseo.top\/index.php\/produit\/patere-sur-porte-6-acier-chrome\/","title":{"rendered":"pat\u00e8re sur porte 6 acier chrom\u00e9"},"content":{"rendered":"<h4>Porte-manteaux sur porte en acier chrom\u00e9 simple.<\/h4>\n<p>_x000D_nPat\u00e8re <strong>sur-porte<\/strong> <em><strong>6 acier chrom\u00e9<\/strong><\/em>\u00a0qui peut servir pour de multiples usages dans la maison ou l&rsquo;entreprise._x000D_n_x000D_nCette pat\u00e8re\u00a0se pose sur le haut d&rsquo;une porte de chambre, de dressing, de salle de bain ou de placard pour un maximum de gain de place dans la maison._x000D_n_x000D_nCompos\u00e9e de\u00a06 crochets pat\u00e8res, elle comporte de petites boules en m\u00e9tal pour \u00e9viter d&rsquo;abimer les v\u00eatements._x000D_n_x000D_nElle est tr\u00e8s facile \u00e0 poser et ne n\u00e9cessite aucun outils._x000D_n<\/p>\n<h4>Dimensions :<\/h4>\n<p>_x000D_n<\/p>\n<ul>_x000D_n \t<\/p>\n<li>Hauteur maxi 21 cm<\/li>\n<p>_x000D_n \t<\/p>\n<li>Largeur 44,5 cm<\/li>\n<p>_x000D_n \t<\/p>\n<li>Ecartement de la porte 6 cm<\/li>\n<p>_x000D_n \t<\/p>\n<li>Largeur maxi de la porte 4\u00a0cm<\/li>\n<p>_x000D_n<\/ul>\n","protected":false},"excerpt":{"rendered":"<p>Belle <strong>pat\u00e8re sur-porte<\/strong> 6 acier chrom\u00e9 qui peut servir pour de multiples usages dans la maison ou l&rsquo;entreprise.\u00a0Elle se pose sur le haut d&rsquo;une porte de chambre, de dressing, de salle de bain ou de placard pour un maximum de <em><strong>gain de place<\/strong><\/em>. Elle poss\u00e8de de petits embouts boules pour \u00e9viter d&rsquo;abimer les v\u00eatements.<\/p>\n","protected":false},"featured_media":824,"comment_status":"closed","ping_status":"open","template":"","meta":[],"product_cat":[29,16,30,17],"product_tag":[25],"class_list":["post-54","product","type-product","status-publish","has-post-thumbnail","hentry","product_cat-chambre-adulte","product_cat-chambre-enfant","product_cat-garage-cellier","product_cat-salle-de-bain","product_tag-crochet-patere-patere-design-patere-murale-patere-porte-pateres-porte-manteau-porte-serviette-porte-torchon-vestiaire","description-off"],"_links":{"self":[{"href":"https:\/\/roulettes.vaniseo.top\/index.php\/wp-json\/wp\/v2\/product\/54","targetHints":{"allow":["GET"]}}],"collection":[{"href":"https:\/\/roulettes.vaniseo.top\/index.php\/wp-json\/wp\/v2\/product"}],"about":[{"href":"https:\/\/roulettes.vaniseo.top\/index.php\/wp-json\/wp\/v2\/types\/product"}],"replies":[{"embeddable":true,"href":"https:\/\/roulettes.vaniseo.top\/index.php\/wp-json\/wp\/v2\/comments?post=54"}],"version-history":[{"count":0,"href":"https:\/\/roulettes.vaniseo.top\/index.php\/wp-json\/wp\/v2\/product\/54\/revisions"}],"wp:featuredmedia":[{"embeddable":true,"href":"https:\/\/roulettes.vaniseo.top\/index.php\/wp-json\/wp\/v2\/media\/824"}],"wp:attachment":[{"href":"https:\/\/roulettes.vaniseo.top\/index.php\/wp-json\/wp\/v2\/media?parent=54"}],"wp:term":[{"taxonomy":"product_cat","embeddable":true,"href":"https:\/\/roulettes.vaniseo.top\/index.php\/wp-json\/wp\/v2\/product_cat?post=54"},{"taxonomy":"product_tag","embeddable":true,"href":"https:\/\/roulettes.vaniseo.top\/index.php\/wp-json\/wp\/v2\/product_tag?post=54"}],"curies":[{"name":"wp","href":"https:\/\/api.w.org\/{rel}","templated":true}]}}