{"id":540,"date":"2022-04-04T16:22:03","date_gmt":"2022-04-04T14:22:03","guid":{"rendered":"https:\/\/roulettes.vaniseo.top\/index.php\/produit\/patere-originale-autocollante-nuage-rose\/"},"modified":"2022-04-04T17:21:59","modified_gmt":"2022-04-04T15:21:59","slug":"patere-originale-autocollante-nuage-rose","status":"publish","type":"product","link":"https:\/\/roulettes.vaniseo.top\/index.php\/produit\/patere-originale-autocollante-nuage-rose\/","title":{"rendered":"Pat\u00e8re originale autocollante nuage rose"},"content":{"rendered":"<h4>Porte-torchon nuage rose.<\/h4>\n<p>_x000D_nPat\u00e8re originale autocollante nuage rose,\u00a0ce porte-torchon se placera \u00e0 l&rsquo;int\u00e9rieur des placards ou sur le carrelage dans les univers de la cuisine comme de la salle de bain._x000D_n_x000D_nJolie <strong>pat\u00e8re simple autocollante<\/strong> en m\u00e9tal peint id\u00e9ale pour accrocher vos torchons, maniques, serviettes ou gants._x000D_n_x000D_nElle est\u00a0\u00e0 coller partout o\u00f9 vous en avez besoin._x000D_n_x000D_nCe porte-torchon comporte un crochet et un syst\u00e8me d&rsquo;accrochage avec un patin autocollant._x000D_n_x000D_nIl apportera\u00a0une touche de modernit\u00e9\u00a0\u00e0 votre univers._x000D_n_x000D_nFacile \u00e0 poser, il ne n\u00e9cessite aucun outils._x000D_n<\/p>\n<h4>Dimensions :<\/h4>\n<p>_x000D_n<\/p>\n<ul>_x000D_n \t<\/p>\n<li>La pat\u00e8re 5 cm X 5,5 cm<\/li>\n<p>_x000D_n \t<\/p>\n<li>\u00e9cartement maxi 2 cm<\/li>\n<p>_x000D_n<\/ul>\n","protected":false},"excerpt":{"rendered":"<p>Jolie pat\u00e8re simple <strong>autocollante<\/strong> en m\u00e9tal peint id\u00e9ale pour accrocher torchons, maniques, serviettes ou gants.\u00a0Cette pat\u00e8re autocollante <em><strong>nuage rose<\/strong><\/em>\u00a0se placera \u00e0 l&rsquo;int\u00e9rieur des placards ou sur le carrelage dans les univers de la cuisine comme de la salle de bain.\u00a0Elle est \u00e0 coller partout o\u00f9 vous en avez besoin.<\/p>\n","protected":false},"featured_media":810,"comment_status":"closed","ping_status":"open","template":"","meta":[],"product_cat":[20,17,23],"product_tag":[26],"class_list":["post-540","product","type-product","status-publish","has-post-thumbnail","hentry","product_cat-cuisine","product_cat-salle-de-bain","product_cat-toilette-wc","product_tag-crochet-patere-patere-design-patere-murale-patere-porte-pateres-porte-serviette-porte-torchon","description-off"],"_links":{"self":[{"href":"https:\/\/roulettes.vaniseo.top\/index.php\/wp-json\/wp\/v2\/product\/540","targetHints":{"allow":["GET"]}}],"collection":[{"href":"https:\/\/roulettes.vaniseo.top\/index.php\/wp-json\/wp\/v2\/product"}],"about":[{"href":"https:\/\/roulettes.vaniseo.top\/index.php\/wp-json\/wp\/v2\/types\/product"}],"replies":[{"embeddable":true,"href":"https:\/\/roulettes.vaniseo.top\/index.php\/wp-json\/wp\/v2\/comments?post=540"}],"version-history":[{"count":0,"href":"https:\/\/roulettes.vaniseo.top\/index.php\/wp-json\/wp\/v2\/product\/540\/revisions"}],"wp:featuredmedia":[{"embeddable":true,"href":"https:\/\/roulettes.vaniseo.top\/index.php\/wp-json\/wp\/v2\/media\/810"}],"wp:attachment":[{"href":"https:\/\/roulettes.vaniseo.top\/index.php\/wp-json\/wp\/v2\/media?parent=540"}],"wp:term":[{"taxonomy":"product_cat","embeddable":true,"href":"https:\/\/roulettes.vaniseo.top\/index.php\/wp-json\/wp\/v2\/product_cat?post=540"},{"taxonomy":"product_tag","embeddable":true,"href":"https:\/\/roulettes.vaniseo.top\/index.php\/wp-json\/wp\/v2\/product_tag?post=540"}],"curies":[{"name":"wp","href":"https:\/\/api.w.org\/{rel}","templated":true}]}}