{"id":542,"date":"2022-04-04T16:22:03","date_gmt":"2022-04-04T14:22:03","guid":{"rendered":"https:\/\/roulettes.vaniseo.top\/index.php\/produit\/porte-manteau-design-8-pateres-metal-umbra-laque-blanc\/"},"modified":"2022-04-04T17:22:00","modified_gmt":"2022-04-04T15:22:00","slug":"porte-manteau-design-8-pateres-metal-umbra-laque-blanc","status":"publish","type":"product","link":"https:\/\/roulettes.vaniseo.top\/index.php\/produit\/porte-manteau-design-8-pateres-metal-umbra-laque-blanc\/","title":{"rendered":"Porte manteau design 8 pat\u00e8res m\u00e9tal UMBRA laqu\u00e9 blanc"},"content":{"rendered":"<h3><strong>Porte manteau Umbra laqu\u00e9 blanc avec 8 pat\u00e8res d\u00e9ployantes m\u00e9tal<\/strong><\/h3>\n<p>_x000D_nD\u00e9couvrez sur la<strong> boutique en ligne n\u00b01 de la pat\u00e8re en France<\/strong>, 1001 Pat\u00e8res, le <strong>porte manteau design 8 pat\u00e8res m\u00e9tal<\/strong>, et son support <strong>laqu\u00e9 blanc<\/strong>, de la marque <strong><a href=\"https:\/\/eu.umbra.com\" target=\"_blank\" rel=\"noopener noreferrer\">Umbra<\/a>.<\/strong>_x000D_n_x000D_n<a href=\"https:\/\/1001pateres.com\/brand\/umbra\/\">Umbra<\/a> est la marque choisie par 1001 Pat\u00e8res pour vous proposer un <strong>objet \u00e0 la fois d\u00e9coratif et d&rsquo;aide au rangement<\/strong>. Cette marque d\u00e9veloppe largement le concept de la <strong>pat\u00e8re d\u00e9ployante<\/strong>. Ainsi, quand une pat\u00e8re n&rsquo;est pas utilis\u00e9e, elle est <strong>encastr\u00e9e dans son support<\/strong>. Une simple <strong>pression<\/strong>\u00a0sur celle-ci permet de <strong>l&rsquo;ouvrir<\/strong> pour l&rsquo;utiliser._x000D_n_x000D_nRetrouvez dans le m\u00eame esprit sur ce site de <strong>nombreuses autres r\u00e9f\u00e9rences d\u00e9ployantes<\/strong> comme Picket, Sticks, et Skyline._x000D_n_x000D_n&nbsp;_x000D_n<\/p>\n<h3>Umbra porte manteau design blanc et m\u00e9tal \u00e0 8 pat\u00e8res d\u00e9ployantes<\/h3>\n<p>_x000D_nAinsi, ici, la collection compl\u00e8te de cette r\u00e9f\u00e9rence offre <strong>diff\u00e9rents coloris<\/strong> de supports et de pat\u00e8res, mais aussi un <strong>nombre vari\u00e9 de pat\u00e8res d\u00e9ployantes<\/strong> de 3 \u00e0 8, comme ci-contre._x000D_n_x000D_nCe <strong>porte manteau design avec 8 accroches en acier bross\u00e9<\/strong>\u00a0est \u00e0 poser et fixer partout dans la maison\u00a0pour d\u00e9corer et ranger avec design. Cette pat\u00e8re\u00a0est <strong>originale<\/strong> et <strong>de belle qualit\u00e9<\/strong>. <span style=\"line-height: 1.5\">Elle\u00a0permet une touche de <strong>modernit\u00e9<\/strong> dans votre int\u00e9rieur et<\/span>\u00a0s&rsquo;int\u00e8grera facilement \u00e0 tout int\u00e9rieur. Pr\u00e9f\u00e9rez une installation sur mur blanc pour <strong>valoriser la brillance du laquage<\/strong>._x000D_n_x000D_n&nbsp;_x000D_n<\/p>\n<h3>Dimensions pat\u00e8re design Umbra 8 pat\u00e8res<\/h3>\n<p>_x000D_nD&rsquo;ailleurs, pour son installation, le\u00a0<strong>syst\u00e8me d&rsquo;accroche<\/strong> est au dos. Il est simple, encastr\u00e9 dans le bois et <strong>non visible une fois pos\u00e9<\/strong> sur le mur.\u00a0<span style=\"line-height: 1.5\">Sa fixation se fait\u00a0au mur \u00e0 l&rsquo;aide de<strong> 2 vis et chevilles fournies<\/strong>. Pensez donc seulement \u00e0 pr\u00e9voir pour s<\/span><span style=\"line-height: 1.5\">a pose, l&rsquo;usage de votre <strong>perceuse<\/strong>.<\/span>_x000D_n_x000D_nEnfin, au vue du nombre de pat\u00e8res disponibles, il est \u00e9vident que pour ce porte manteau design, il est n\u00e9cessaire avant tout achat de <strong>valider la faisabilit\u00e9 de son installation<\/strong> chez vous. Pour ce faire, d\u00e9couvrez ci-dessous les <strong>dimensions<\/strong> de cette r\u00e9f\u00e9rence:_x000D_n<\/p>\n<ul>_x000D_n \t<\/p>\n<li>Porte manteau design: 81,3 X 6,4 cm<\/li>\n<p>_x000D_n \t<\/p>\n<li>Epaisseur du mur: 3,2 cm<\/li>\n<p>_x000D_n<\/ul>\n<p>_x000D_nJetez un oeil pour finir aux mod\u00e8les \u00e9quivalents en coloris <a href=\"https:\/\/1001pateres.com\/produit\/porte-manteaux-8-pateres-metal-umbra-en-bois\/\">bois et m\u00e9tal<\/a>, et\u00a0<a href=\"https:\/\/1001pateres.com\/produit\/porte-manteaux-8-pateres-metal-umbra-espresso\/\">noir et m\u00e9tal<\/a>.<\/p>\n","protected":false},"excerpt":{"rendered":"<p>Porte-manteaux comportant 8 pat\u00e8res d\u00e9ployantes en m\u00e9tal de la marque <em><strong>UMBRA<\/strong><\/em> <strong>laqu\u00e9 blanc<\/strong>.\u00a0Ce porte-manteaux avec 8 pat\u00e8res est \u00e0 poser partout dans la maison pour ne plus voir trainer ses affaires.\u00a0Il comporte 8 pat\u00e8res en acier bross\u00e9 d\u00e9ployantes et est un tr\u00e8s bel objet de d\u00e9coration.<\/p>\n","protected":false},"featured_media":2112,"comment_status":"closed","ping_status":"open","template":"","meta":[],"product_cat":[29,19,32,21,22,17],"product_tag":[25],"class_list":["post-542","product","type-product","status-publish","has-post-thumbnail","hentry","product_cat-chambre-adulte","product_cat-collectivite","product_cat-entree-sejour","product_cat-entreprise","product_cat-pro","product_cat-salle-de-bain","product_tag-crochet-patere-patere-design-patere-murale-patere-porte-pateres-porte-manteau-porte-serviette-porte-torchon-vestiaire","description-off"],"_links":{"self":[{"href":"https:\/\/roulettes.vaniseo.top\/index.php\/wp-json\/wp\/v2\/product\/542","targetHints":{"allow":["GET"]}}],"collection":[{"href":"https:\/\/roulettes.vaniseo.top\/index.php\/wp-json\/wp\/v2\/product"}],"about":[{"href":"https:\/\/roulettes.vaniseo.top\/index.php\/wp-json\/wp\/v2\/types\/product"}],"replies":[{"embeddable":true,"href":"https:\/\/roulettes.vaniseo.top\/index.php\/wp-json\/wp\/v2\/comments?post=542"}],"version-history":[{"count":0,"href":"https:\/\/roulettes.vaniseo.top\/index.php\/wp-json\/wp\/v2\/product\/542\/revisions"}],"wp:featuredmedia":[{"embeddable":true,"href":"https:\/\/roulettes.vaniseo.top\/index.php\/wp-json\/wp\/v2\/media\/2112"}],"wp:attachment":[{"href":"https:\/\/roulettes.vaniseo.top\/index.php\/wp-json\/wp\/v2\/media?parent=542"}],"wp:term":[{"taxonomy":"product_cat","embeddable":true,"href":"https:\/\/roulettes.vaniseo.top\/index.php\/wp-json\/wp\/v2\/product_cat?post=542"},{"taxonomy":"product_tag","embeddable":true,"href":"https:\/\/roulettes.vaniseo.top\/index.php\/wp-json\/wp\/v2\/product_tag?post=542"}],"curies":[{"name":"wp","href":"https:\/\/api.w.org\/{rel}","templated":true}]}}