{"id":543,"date":"2022-04-04T16:22:03","date_gmt":"2022-04-04T14:22:03","guid":{"rendered":"https:\/\/roulettes.vaniseo.top\/index.php\/produit\/porte-manteaux-8-pateres-metal-umbra-espresso\/"},"modified":"2022-04-04T17:22:01","modified_gmt":"2022-04-04T15:22:01","slug":"porte-manteaux-8-pateres-metal-umbra-espresso","status":"publish","type":"product","link":"https:\/\/roulettes.vaniseo.top\/index.php\/produit\/porte-manteaux-8-pateres-metal-umbra-espresso\/","title":{"rendered":"Porte-manteaux 8 pat\u00e8res m\u00e9tal UMBRA espresso"},"content":{"rendered":"<h3><strong>Porte manteau mural design \u00e0 8 pat\u00e8res UMBRA espresso en bois et m\u00e9tal<\/strong><\/h3>\n<p>_x000D_n1001 Pat\u00e8res vous propose de d\u00e9couvrir cette<strong> pat\u00e8re bois et metal<\/strong> de la marque <a href=\"https:\/\/eu.umbra.com\" target=\"_blank\" rel=\"noopener noreferrer\"><strong>Umbra<\/strong><\/a>. Elle comporte <strong>8 crochets gris<\/strong> et un <strong>support couleur espresso<\/strong>._x000D_n_x000D_nCe <strong>porte manteau mural design<\/strong> vous propose <strong>8 pat\u00e8res d\u00e9ployantes en m\u00e9tal<\/strong>. Inutilis\u00e9s, les crochets sont <strong>encastr\u00e9s<\/strong> dans le support bois espresso. A l&rsquo;aide d&rsquo;une simple pression, le crochet se d\u00e9ploie pour ainsi pouvoir <strong>mieux ranger accessoires et v\u00eatements<\/strong>. Avec des <strong>coloris<\/strong> espresso et gris, c&rsquo;est la combinaison <strong>passe partout<\/strong>. Vous pourrez ainsi l&rsquo;installer autant dans votre salle de bain, que dans votre chambre ou encore bien s\u00fbr dans votre entr\u00e9e. Libre \u00e0 vous de laisser votre imagination vous guider!_x000D_n_x000D_nChoisir cette<strong> pat\u00e8re bois et metal Umbra<\/strong>, c&rsquo;est choisir de maximiser les espaces de rangement avec <strong>modernit\u00e9, design et go\u00fbt<\/strong>. En effet, ses\u00a0<strong>8 pat\u00e8res en acier bross\u00e9\u00a0d\u00e9ployantes<\/strong> font de lui un <strong>bel objet de d\u00e9coration<\/strong>._x000D_n_x000D_nAussi, son\u00a0<strong>syst\u00e8me d&rsquo;accrochage est simple<\/strong>, encastr\u00e9 dans le bois et non visible une fois pos\u00e9e sur le mur. <span style=\"line-height: 1.5\">Sa fixation se fait\u00a0au mur \u00e0 l&rsquo;aide de 2 vis. Les<strong> vis et les chevilles sont fournies<\/strong>. Sa pose n\u00e9cessite l&rsquo;usage d&rsquo;une perceuse. Pensez \u00e0 v\u00e9rifier les <strong>dimensions<\/strong> de l&rsquo;espace allou\u00e9 par rapport \u00e0 celles de la pat\u00e8re bois et metal d\u00e9taill\u00e9es ci apr\u00e8s:<\/span>_x000D_n<\/p>\n<ul>_x000D_n \t<\/p>\n<li>Le porte manteau mural design: 81,3 cm X 6,4 cm<\/li>\n<p>_x000D_n \t<\/p>\n<li>Ecartement du mur: 3,2 cm<\/li>\n<p>_x000D_n<\/ul>\n<p>_x000D_nDans le m\u00eame esprit de <strong>modernit\u00e9<\/strong>, n&rsquo;h\u00e9sitez pas \u00e0 jeter un oeil \u00e0 l&rsquo;ensemble des produits de cette marque canadienne, <a href=\"https:\/\/1001pateres.com\/brand\/umbra\">Umbra<\/a>. Tout d&rsquo;abord de nombreuses autres r\u00e9f\u00e9rences de <strong>pat\u00e8res d\u00e9ployantes<\/strong> de ce design sont disponibles. Ainsi, vous aurez le <strong>choix en mati\u00e8re de tailles et de nombres de crochets<\/strong>. D\u00e9couvrez ci dessous les liens pour:_x000D_n<\/p>\n<ul>_x000D_n \t<\/p>\n<li>Pat\u00e8re bois et m\u00e9tal <a href=\"https:\/\/1001pateres.com\/produit\/porte-manteaux-5-pateres-metal-umbra-espresso\/\">5 crochets<\/a>, <a href=\"https:\/\/1001pateres.com\/produit\/porte-manteaux-3-pateres-bois-flotte-et-metal-umbra\/\">3 crochets<\/a> de couleur espresso<\/li>\n<p>_x000D_n \t<\/p>\n<li>Existe aussi en <a href=\"https:\/\/1001pateres.com\/produit\/porte-manteaux-8-pateres-metal-umbra-laque-blanc\/\">m\u00e9tal et laqu\u00e9 blanc<\/a>, ou <a href=\"https:\/\/1001pateres.com\/produit\/porte-manteaux-8-pateres-metal-umbra-en-bois\/\">bois clair<\/a><\/li>\n<p>_x000D_n \t<\/p>\n<li>Enfin en bois et m\u00e9tal noir <a href=\"https:\/\/1001pateres.com\/produit\/porte-manteaux-3-pateres-metal-umbra-noir\/\">3 pat\u00e8res<\/a>\u00a0et <a href=\"https:\/\/1001pateres.com\/produit\/porte-manteaux-5-pateres-metal-umbra-noir\/\">5 pat\u00e8res<\/a><\/li>\n<p>_x000D_n<\/ul>\n","protected":false},"excerpt":{"rendered":"<p>Porte-manteaux comportant 8 pat\u00e8res d\u00e9ployantes en m\u00e9tal de la marque <em><strong>UMBRA<\/strong><\/em>\u00a0<b>espresso.\u00a0<\/b>Ce porte-manteaux avec 8 pat\u00e8res est \u00e0 poser partout dans la maison pour ne plus voir trainer ses affaires.\u00a0Il comporte 8 pat\u00e8res en acier bross\u00e9 d\u00e9ployantes et est un tr\u00e8s bel objet de d\u00e9coration.<\/p>\n","protected":false},"featured_media":2115,"comment_status":"closed","ping_status":"open","template":"","meta":[],"product_cat":[29,19,32,21,22,17],"product_tag":[25],"class_list":["post-543","product","type-product","status-publish","has-post-thumbnail","hentry","product_cat-chambre-adulte","product_cat-collectivite","product_cat-entree-sejour","product_cat-entreprise","product_cat-pro","product_cat-salle-de-bain","product_tag-crochet-patere-patere-design-patere-murale-patere-porte-pateres-porte-manteau-porte-serviette-porte-torchon-vestiaire","description-off"],"_links":{"self":[{"href":"https:\/\/roulettes.vaniseo.top\/index.php\/wp-json\/wp\/v2\/product\/543","targetHints":{"allow":["GET"]}}],"collection":[{"href":"https:\/\/roulettes.vaniseo.top\/index.php\/wp-json\/wp\/v2\/product"}],"about":[{"href":"https:\/\/roulettes.vaniseo.top\/index.php\/wp-json\/wp\/v2\/types\/product"}],"replies":[{"embeddable":true,"href":"https:\/\/roulettes.vaniseo.top\/index.php\/wp-json\/wp\/v2\/comments?post=543"}],"version-history":[{"count":0,"href":"https:\/\/roulettes.vaniseo.top\/index.php\/wp-json\/wp\/v2\/product\/543\/revisions"}],"wp:featuredmedia":[{"embeddable":true,"href":"https:\/\/roulettes.vaniseo.top\/index.php\/wp-json\/wp\/v2\/media\/2115"}],"wp:attachment":[{"href":"https:\/\/roulettes.vaniseo.top\/index.php\/wp-json\/wp\/v2\/media?parent=543"}],"wp:term":[{"taxonomy":"product_cat","embeddable":true,"href":"https:\/\/roulettes.vaniseo.top\/index.php\/wp-json\/wp\/v2\/product_cat?post=543"},{"taxonomy":"product_tag","embeddable":true,"href":"https:\/\/roulettes.vaniseo.top\/index.php\/wp-json\/wp\/v2\/product_tag?post=543"}],"curies":[{"name":"wp","href":"https:\/\/api.w.org\/{rel}","templated":true}]}}