{"id":544,"date":"2022-04-04T16:22:03","date_gmt":"2022-04-04T14:22:03","guid":{"rendered":"https:\/\/roulettes.vaniseo.top\/index.php\/produit\/pateres-bois-et-metal-umbra-avec-8-accroches-deployantes\/"},"modified":"2022-04-04T17:22:01","modified_gmt":"2022-04-04T15:22:01","slug":"pateres-bois-et-metal-umbra-avec-8-accroches-deployantes","status":"publish","type":"product","link":"https:\/\/roulettes.vaniseo.top\/index.php\/produit\/pateres-bois-et-metal-umbra-avec-8-accroches-deployantes\/","title":{"rendered":"Pat\u00e8res bois et m\u00e9tal UMBRA avec 8 accroches d\u00e9ployantes"},"content":{"rendered":"<h3><strong>Porte manteau bois naturel avec 8 pat\u00e8res m\u00e9tal UMBRA<\/strong><\/h3>\n<p>_x000D_n1001 Pat\u00e8res, n\u00b01 de la vente en ligne de pat\u00e8res en France, vous propose de d\u00e9couvrir ici toutes les informations concernant la r\u00e9f\u00e9rence <strong><a href=\"https:\/\/eu.umbra.com\" target=\"_blank\" rel=\"noopener noreferrer\">Umbra<\/a><\/strong> de p<strong>at\u00e8res bois et m\u00e9tal incluant 8 accroches d\u00e9ployantes<\/strong>._x000D_n_x000D_nD&rsquo;ailleurs, une vaste <strong>collection<\/strong> de la marque <strong>Umbra<\/strong> reprend cette m\u00eame id\u00e9e de <strong>support rectangulaire et bomb\u00e9<\/strong>, offrant de <strong>3 \u00e0 8 accroches d\u00e9ployantes<\/strong> diff\u00e9rentes, et aux <strong>coloris vari\u00e9s<\/strong>._x000D_n_x000D_nCependant, cette collection n&rsquo;est pas la seule imagin\u00e9e par <a href=\"https:\/\/1001pateres.com\/brand\/umbra\/\">Umbra<\/a> pour <strong>d\u00e9corer et ranger avec des pat\u00e8res d\u00e9ployantes<\/strong>. Pensez \u00e0 jeter un oeil \u00e9galement aux produits <a href=\"https:\/\/1001pateres.com\/produit\/porte-manteaux-ville-umbra-noir\/\">Skyline<\/a>, <a href=\"https:\/\/1001pateres.com\/produit\/porte-manteaux-en-bois-naturel-picket-umbra\/\">Picket<\/a>, et <a href=\"https:\/\/1001pateres.com\/produit\/porte-manteaux-sticks-umbra-noir\/\">Sticks<\/a>._x000D_n_x000D_n&nbsp;_x000D_n<\/p>\n<h3>8 Pat\u00e8res bois et m\u00e9tal Umbra<\/h3>\n<p>_x000D_nAinsi, ci-contre, d\u00e9couvrez la <strong>version extra large en bois naturel et ses 8 pat\u00e8res en acier bross\u00e9 d\u00e9ployantes<\/strong>. Ce <strong>bel objet de d\u00e9coration<\/strong>\u00a0est \u00e0 fixer partout dans la maison\u00a0pour <strong>moderniser<\/strong> votre int\u00e9rieur tout en lui offrant une <strong>solution de plus de rangement<\/strong>. Nos clients aiment cette r\u00e9f\u00e9rence de pat\u00e8res bois pour son <strong>originalit\u00e9<\/strong>, ses belles <strong>finitions<\/strong> et son <strong>\u00e9l\u00e9gance<\/strong>._x000D_n_x000D_nPour ce faire, son\u00a0syst\u00e8me d&rsquo;<strong>accrochage<\/strong> est <strong>simple<\/strong>. Les points de fixation sont encastr\u00e9s dans le bois et deviennent <strong>non visibles une fois pos\u00e9s<\/strong> sur le mur.\u00a0<span style=\"line-height: 1.5\">Sa fixation se fait\u00a0au mur \u00e0 l&rsquo;aide de 2 vis et de votre perceuse. Les <strong>vis et les chevilles sont fournies<\/strong>.\u00a0<\/span>_x000D_n_x000D_nNous vous sugg\u00e9rons toutefois de penser \u00e0 <strong>comparer dimensions de votre pan de mur \u00e0 celui de ce produit.<\/strong> En effet, cette r\u00e9f\u00e9rence propose tout de m\u00eame 8 pat\u00e8res d\u00e9ployantes. Au vue de cette taille extra large, il est n\u00e9cessaire de v\u00e9rifier sp\u00e9cifiquement. Ainsi, voici ci dessous l&rsquo;ensemble de ses dimensions:_x000D_n<\/p>\n<ul>_x000D_n \t<\/p>\n<li>Porte manteau bois naturel: 81,3 cm X 6,4 cm<\/li>\n<p>_x000D_n \t<\/p>\n<li>Epaisseur du mur: 3,2 cm<\/li>\n<p>_x000D_n<\/ul>\n<p>_x000D_nEnfin, n&rsquo;h\u00e9sitez pas une seconde \u00e0 nous contacter en cas de <strong>question sp\u00e9cifique ou de commande en grosse quantit\u00e9<\/strong> via le formulaire en page Contact. Nous serons \u00e0 m\u00eame de vous r\u00e9pondre dans les meilleurs d\u00e9lais.<\/p>\n","protected":false},"excerpt":{"rendered":"<p>Porte-manteaux comportant 8 pat\u00e8res d\u00e9ployantes en m\u00e9tal de la marque <em><strong>UMBRA<\/strong><\/em>\u00a0<b>en bois naturel.\u00a0<\/b>Ce porte-manteaux avec 8 pat\u00e8res est \u00e0 poser partout dans la maison pour ne plus voir trainer ses affaires.\u00a0Il comporte 8 pat\u00e8res en acier bross\u00e9 d\u00e9ployantes et est un tr\u00e8s bel objet de d\u00e9coration.<\/p>\n","protected":false},"featured_media":2118,"comment_status":"closed","ping_status":"open","template":"","meta":[],"product_cat":[29,19,32,21,22,17],"product_tag":[25],"class_list":["post-544","product","type-product","status-publish","has-post-thumbnail","hentry","product_cat-chambre-adulte","product_cat-collectivite","product_cat-entree-sejour","product_cat-entreprise","product_cat-pro","product_cat-salle-de-bain","product_tag-crochet-patere-patere-design-patere-murale-patere-porte-pateres-porte-manteau-porte-serviette-porte-torchon-vestiaire","description-off"],"_links":{"self":[{"href":"https:\/\/roulettes.vaniseo.top\/index.php\/wp-json\/wp\/v2\/product\/544","targetHints":{"allow":["GET"]}}],"collection":[{"href":"https:\/\/roulettes.vaniseo.top\/index.php\/wp-json\/wp\/v2\/product"}],"about":[{"href":"https:\/\/roulettes.vaniseo.top\/index.php\/wp-json\/wp\/v2\/types\/product"}],"replies":[{"embeddable":true,"href":"https:\/\/roulettes.vaniseo.top\/index.php\/wp-json\/wp\/v2\/comments?post=544"}],"version-history":[{"count":0,"href":"https:\/\/roulettes.vaniseo.top\/index.php\/wp-json\/wp\/v2\/product\/544\/revisions"}],"wp:featuredmedia":[{"embeddable":true,"href":"https:\/\/roulettes.vaniseo.top\/index.php\/wp-json\/wp\/v2\/media\/2118"}],"wp:attachment":[{"href":"https:\/\/roulettes.vaniseo.top\/index.php\/wp-json\/wp\/v2\/media?parent=544"}],"wp:term":[{"taxonomy":"product_cat","embeddable":true,"href":"https:\/\/roulettes.vaniseo.top\/index.php\/wp-json\/wp\/v2\/product_cat?post=544"},{"taxonomy":"product_tag","embeddable":true,"href":"https:\/\/roulettes.vaniseo.top\/index.php\/wp-json\/wp\/v2\/product_tag?post=544"}],"curies":[{"name":"wp","href":"https:\/\/api.w.org\/{rel}","templated":true}]}}