{"id":545,"date":"2022-04-04T16:22:03","date_gmt":"2022-04-04T14:22:03","guid":{"rendered":"https:\/\/roulettes.vaniseo.top\/index.php\/produit\/porte-vetement-salle-de-bain-aluminium-4-crochets\/"},"modified":"2022-04-04T17:22:02","modified_gmt":"2022-04-04T15:22:02","slug":"porte-vetement-salle-de-bain-aluminium-4-crochets","status":"publish","type":"product","link":"https:\/\/roulettes.vaniseo.top\/index.php\/produit\/porte-vetement-salle-de-bain-aluminium-4-crochets\/","title":{"rendered":"Porte vetement salle de bain aluminium 4 crochets"},"content":{"rendered":"<h3>Patere porte serviette salle de bain avec 4 crochets en aluminium<\/h3>\n<p>_x000D_n1001 Pat\u00e8res, leader en France de la vente en ligne de porte manteaux et pat\u00e8res pour professionnel et particulier vous pr\u00e9sente ici une belle <strong>pat\u00e8re porte<\/strong> <strong>serviette<\/strong>. D\u00e9couvrez ainsi toutes les informations techniques et d\u00e9coratives au sujet de ce <strong>porte vetement salle de bain aluminium 4 crochets\u00a0<\/strong>ci-dessous._x000D_n_x000D_nConseill\u00e9 pour le rangement des serviettes de bain, \u00a0il peut servir \u00e9videmment pour de <strong>multiples usages<\/strong> dans la <strong>maison<\/strong> ou dans toute <strong>entreprise<\/strong>. Bien s\u00fbr, <a href=\"https:\/\/1001pateres.com\/brand\/1001pateres\/\">1001 Pat\u00e8res<\/a> parle surtout de son efficacit\u00e9 dans une salle de bain pour son c\u00f4t\u00e9 <strong>inoxydable<\/strong>. Gr\u00e2ce \u00e0 lui, sa <strong>long\u00e9vit\u00e9 d&rsquo;utilisation<\/strong> sera parfaite m\u00eame au contact d&rsquo;\u00e9l\u00e9ment mouill\u00e9 ou humide. Pas d&rsquo;oxydation, pas de peinture qui disparait, seul subsiste un <strong>design parfait et adapt\u00e9<\/strong> pour le rangement de n&rsquo;importe quel \u00e9l\u00e9ment, sans se poser de questions!_x000D_n_x000D_nC\u00f4t\u00e9 design, cette patere porte serviette murale est <strong>\u00e9l\u00e9gante et moderne<\/strong>. Simple, elle illumine par des <strong>lignes minimalistes<\/strong> et une couleur aluminum <strong>passe-partout<\/strong>. Elle convient parfaitement \u00e0 <strong>tout univers contemporain<\/strong>. Pr\u00e9f\u00e9rez bien s\u00fbr une association avec des \u00e9l\u00e9ments non pas cuivr\u00e9s mais plut\u00f4t <strong>m\u00e9tallis\u00e9s gris<\/strong>._x000D_n_x000D_n&nbsp;_x000D_n<\/p>\n<h3>Installation du porte vetement salle de bain aluminium avec 4 crochets<\/h3>\n<p>_x000D_nDe plus, cette pat\u00e8re porte serviette salle de bain dispose de\u00a0<strong>4 crochets<\/strong>. Chaque crochet\u00a0r\u00e9siste \u00e0 un poids de<strong> 5 kg de charge<\/strong>. Vous aurez donc l\u00e0 aussi une parfaite qui\u00e9tude quand \u00e0 son utilisation pour des draps de bain mouill\u00e9s assez lourds par exemple&#8230;_x000D_n_x000D_nEn outre, compos\u00e9 de 4 crochets, le porte vetement salle de bain poss\u00e8de un syst\u00e8me de fixation <strong>incluant ses propres vis et chevilles<\/strong>. Ces derni\u00e8res ne sont pas visibles une fois pos\u00e9es.\u00a0<strong>Facile \u00e0 fixer<\/strong>, le porte vetement n\u00e9cessite cependant l&rsquo;utilisation de votre perceuse pour positionner les chevilles._x000D_n_x000D_nPour finir, pensez toujours \u00e0 tenir compte des <strong>dimensions<\/strong> de chaque r\u00e9f\u00e9rence avant de valider l&rsquo;achat. Voici ses dimensions ici:_x000D_n<\/p>\n<ul>_x000D_n \t<\/p>\n<li>La base: 29,5 cm X 3,4 cm<\/li>\n<p>_x000D_n \t<\/p>\n<li>Ecartement maxi: 4,5 cm<\/li>\n<p>_x000D_n<\/ul>\n","protected":false},"excerpt":{"rendered":"<p>Belle<strong> pat\u00e8re salle de bain<\/strong> aluminium <em><strong>4 crochets<\/strong><\/em> pour serviettes de bain qui peut servir pour de multiples usages dans la maison ou l&rsquo;entreprise et particuli\u00e8rement adapt\u00e9e pour la salle de bain. Murale au design simple et moderne. Elle est, ainsi, de couleur aluminium qui conviendra parfaitement dans un univers contemporain.\u00a0En outre, compos\u00e9e de 4 crochets pat\u00e8res, elle poss\u00e8de un syst\u00e8me de fixation avec ses vis et ses chevilles non visibles une fois pos\u00e9e.<\/p>\n","protected":false},"featured_media":2121,"comment_status":"closed","ping_status":"open","template":"","meta":[],"product_cat":[20,17],"product_tag":[25],"class_list":["post-545","product","type-product","status-publish","has-post-thumbnail","hentry","product_cat-cuisine","product_cat-salle-de-bain","product_tag-crochet-patere-patere-design-patere-murale-patere-porte-pateres-porte-manteau-porte-serviette-porte-torchon-vestiaire","description-off"],"_links":{"self":[{"href":"https:\/\/roulettes.vaniseo.top\/index.php\/wp-json\/wp\/v2\/product\/545","targetHints":{"allow":["GET"]}}],"collection":[{"href":"https:\/\/roulettes.vaniseo.top\/index.php\/wp-json\/wp\/v2\/product"}],"about":[{"href":"https:\/\/roulettes.vaniseo.top\/index.php\/wp-json\/wp\/v2\/types\/product"}],"replies":[{"embeddable":true,"href":"https:\/\/roulettes.vaniseo.top\/index.php\/wp-json\/wp\/v2\/comments?post=545"}],"version-history":[{"count":0,"href":"https:\/\/roulettes.vaniseo.top\/index.php\/wp-json\/wp\/v2\/product\/545\/revisions"}],"wp:featuredmedia":[{"embeddable":true,"href":"https:\/\/roulettes.vaniseo.top\/index.php\/wp-json\/wp\/v2\/media\/2121"}],"wp:attachment":[{"href":"https:\/\/roulettes.vaniseo.top\/index.php\/wp-json\/wp\/v2\/media?parent=545"}],"wp:term":[{"taxonomy":"product_cat","embeddable":true,"href":"https:\/\/roulettes.vaniseo.top\/index.php\/wp-json\/wp\/v2\/product_cat?post=545"},{"taxonomy":"product_tag","embeddable":true,"href":"https:\/\/roulettes.vaniseo.top\/index.php\/wp-json\/wp\/v2\/product_tag?post=545"}],"curies":[{"name":"wp","href":"https:\/\/api.w.org\/{rel}","templated":true}]}}