{"id":546,"date":"2022-04-04T16:22:03","date_gmt":"2022-04-04T14:22:03","guid":{"rendered":"https:\/\/roulettes.vaniseo.top\/index.php\/produit\/vide-poche-mural-entree-hammock-gris\/"},"modified":"2022-04-04T17:22:03","modified_gmt":"2022-04-04T15:22:03","slug":"vide-poche-mural-entree-hammock-gris","status":"publish","type":"product","link":"https:\/\/roulettes.vaniseo.top\/index.php\/produit\/vide-poche-mural-entree-hammock-gris\/","title":{"rendered":"Vide poche mural entr\u00e9e HAMMOCK gris"},"content":{"rendered":"<h3>Pat\u00e8re avec rangement HAMMOCK gris en m\u00e9tal chrom\u00e9<\/h3>\n<p>_x000D_n1001 Pat\u00e8res vous propose le vide poche mural entr\u00e9e r\u00e9f\u00e9renc\u00e9 HAMMOCK gris de chez <a href=\"https:\/\/1001pateres.com\/brand\/umbra\/\">UMBRA<\/a>, avec\u00a0plusieurs pat\u00e8res._x000D_n_x000D_nCe porte manteau dispose de 5 pat\u00e8res avec rangement. Comme son nom l&rsquo;indique, il permet d\u00e8s l&rsquo;entr\u00e9e de vider ses poches gr\u00e2ce \u00e0 un compartiment au dos du produit. L&rsquo;ext\u00e9rieur avec <strong>5 pat\u00e8res<\/strong>\u00a0est en <strong>m\u00e9tal chrom\u00e9<\/strong>. Le <strong>vide poche<\/strong> est en\u00a0<strong>tissu \u00ab\u00a0peau de p\u00e8che\u00a0\u00bb gris<\/strong>. C&rsquo;est vraiment l&rsquo;id\u00e9al <strong>pour l&rsquo;entr\u00e9e<\/strong> d&rsquo;une maison, d&rsquo;un appartement ou d&rsquo;un bureau._x000D_n_x000D_nCette r\u00e9f\u00e9rence Umbra est aussi disponible en couleur <strong><a href=\"https:\/\/1001pateres.com\/produit\/vide-poches-vestiaire-entree-umbra-hammock-noir\/\">noire<\/a><\/strong>._x000D_n_x000D_nAussi, c\u00f4t\u00e9 installation, la proc\u00e9dure est <strong>simple, rapide et \u00e0 la port\u00e9e de tous<\/strong>. Cette pat\u00e8re avec rangement comporte un syst\u00e8me d&rsquo;accrochage avec 2 vis et 2 chevilles au dos. <span style=\"line-height: 1.5\">Hamock se fixe au mur avec deux vis. Pour ce faire, les <strong>vis et chevilles sont fournis<\/strong>. Sa pose n\u00e9cessite l&rsquo;usage d&rsquo;une perceuse. Pensez seulement \u00e0 v\u00e9rifier les <strong>dimensions<\/strong> de l&rsquo;espace o\u00f9 vous pr\u00e9voyez de l&rsquo;installer et comparez les \u00e0 celles du vide poche que voici ci-apr\u00e8s:<\/span>_x000D_n<\/p>\n<ul>_x000D_n \t<\/p>\n<li>Support vide poche mural: 41,3 cm X 17,8 cm.<\/li>\n<p>_x000D_n \t<\/p>\n<li>Ecartement du mur: 8,3 cm<\/li>\n<p>_x000D_n<\/ul>\n<p>_x000D_n&nbsp;_x000D_n<\/p>\n<h3>D\u00e9couvrez LA pat\u00e8re vide poche mural Umbra si\u00a0pratique!<\/h3>\n<p>_x000D_nNos clients retiennent ce vide poche mural pour son <strong>minimalisme<\/strong>, sa <strong>modernit\u00e9<\/strong> et sa <strong>praticit\u00e9<\/strong>. En effet, en un minimum de place, il est possible de ranger porte monnaie, courrier, t\u00e9l\u00e9phone, lunette, cl\u00e9s, sac, \u00e9charpe et veste. En toute saison, son nombre de pat\u00e8res vous permet de ranger tout ce que vous portiez \u00e0 l&rsquo;ext\u00e9rieur! Par ailleurs, l&rsquo;originalit\u00e9 du <strong>m\u00e9lange acier chrom\u00e9 et tissu gris<\/strong> font de lui un <strong>objet design<\/strong>._x000D_n_x000D_n<span style=\"line-height: 1.5\">Dans le m\u00eame esprit, chez <a href=\"https:\/\/eu.umbra.com\" target=\"_blank\" rel=\"noopener noreferrer\">Umbra<\/a>, de nombreuses r\u00e9f\u00e9rences sont \u00e0 d\u00e9couvrir pour permettre \u00e0 la fois une touche de <strong>modernit\u00e9<\/strong> \u00e0 votre maison tout en restant <strong>pratique<\/strong>. Par exemple, d\u00e9couvrez les <strong>vestiaires muraux<\/strong>\u00a0<a href=\"https:\/\/1001pateres.com\/produit\/porte-manteaux-vestiaire-avec-miroir-cubiko-umbra\/\">Cubiko<\/a>, <a href=\"https:\/\/1001pateres.com\/produit\/rangement-pateres-metal-blanc-cradle-umbra\/\">Cradle<\/a>, <a href=\"https:\/\/1001pateres.com\/produit\/casier-mural-3-pateres-umbra-laque-blanc-petit-modele-cubby\/\">Cubby<\/a>, <a href=\"https:\/\/1001pateres.com\/produit\/vide-poche-pateres-de-rangement-estique-organizer-umbra\/\">Estique<\/a> et <a href=\"https:\/\/1001pateres.com\/produit\/vide-poche-4-pateres-de-rangement-yook-organizer-umbra-blanc\/\">Yook<\/a>. Cette marque <strong>canadienne<\/strong> est tr\u00e8s repr\u00e9sent\u00e9e aussi sur notre site pour ses nombreuses <strong><a href=\"https:\/\/1001pateres.com\/produit\/porte-manteaux-5-pateres-metal-umbra-espresso\/\">pat\u00e8res d\u00e9ployables<\/a><\/strong>.<\/span><\/p>\n","protected":false},"excerpt":{"rendered":"<p>Vide-poche vestiaire entr\u00e9e UMBRA HAMMOCK gris avec\u00a0plusieurs pat\u00e8res.\u00a0Ce porte-manteaux vide-poche mod\u00e8le \u00ab\u00a0<strong>HAMMOCK ORGANIZER<\/strong>\u00a0\u00bb de la marque <em><strong>UMBRA<\/strong><\/em> poss\u00e8de 5 pat\u00e8res en m\u00e9tal chrom\u00e9 ainsi qu&rsquo;un vide poche en tissu \u00ab\u00a0peau de p\u00e8che\u00a0\u00bb gris, id\u00e9al pour une entr\u00e9e d&rsquo;appartement ou de maison pour y d\u00e9poser son portable ou ses courriers. Il est original et de belle qualit\u00e9 en acier chrom\u00e9 et tissu. A fixer au mur, il peut supporter jusqu&rsquo;a 2,3 kg.<\/p>\n","protected":false},"featured_media":2123,"comment_status":"closed","ping_status":"open","template":"","meta":[],"product_cat":[32],"product_tag":[25],"class_list":["post-546","product","type-product","status-publish","has-post-thumbnail","hentry","product_cat-entree-sejour","product_tag-crochet-patere-patere-design-patere-murale-patere-porte-pateres-porte-manteau-porte-serviette-porte-torchon-vestiaire","description-off"],"_links":{"self":[{"href":"https:\/\/roulettes.vaniseo.top\/index.php\/wp-json\/wp\/v2\/product\/546","targetHints":{"allow":["GET"]}}],"collection":[{"href":"https:\/\/roulettes.vaniseo.top\/index.php\/wp-json\/wp\/v2\/product"}],"about":[{"href":"https:\/\/roulettes.vaniseo.top\/index.php\/wp-json\/wp\/v2\/types\/product"}],"replies":[{"embeddable":true,"href":"https:\/\/roulettes.vaniseo.top\/index.php\/wp-json\/wp\/v2\/comments?post=546"}],"version-history":[{"count":0,"href":"https:\/\/roulettes.vaniseo.top\/index.php\/wp-json\/wp\/v2\/product\/546\/revisions"}],"wp:featuredmedia":[{"embeddable":true,"href":"https:\/\/roulettes.vaniseo.top\/index.php\/wp-json\/wp\/v2\/media\/2123"}],"wp:attachment":[{"href":"https:\/\/roulettes.vaniseo.top\/index.php\/wp-json\/wp\/v2\/media?parent=546"}],"wp:term":[{"taxonomy":"product_cat","embeddable":true,"href":"https:\/\/roulettes.vaniseo.top\/index.php\/wp-json\/wp\/v2\/product_cat?post=546"},{"taxonomy":"product_tag","embeddable":true,"href":"https:\/\/roulettes.vaniseo.top\/index.php\/wp-json\/wp\/v2\/product_tag?post=546"}],"curies":[{"name":"wp","href":"https:\/\/api.w.org\/{rel}","templated":true}]}}