{"id":547,"date":"2022-04-04T16:22:03","date_gmt":"2022-04-04T14:22:03","guid":{"rendered":"https:\/\/roulettes.vaniseo.top\/index.php\/produit\/patere-chambre-bebe-de-4-ours-couleur-sable\/"},"modified":"2022-04-04T17:22:03","modified_gmt":"2022-04-04T15:22:03","slug":"patere-chambre-bebe-de-4-ours-couleur-sable","status":"publish","type":"product","link":"https:\/\/roulettes.vaniseo.top\/index.php\/produit\/patere-chambre-bebe-de-4-ours-couleur-sable\/","title":{"rendered":"Pat\u00e8re chambre b\u00e9b\u00e9 de 4 OURS couleur sable"},"content":{"rendered":"<h3>Porte manteau chambre b\u00e9b\u00e9 de 4 ours couleur sable en plastique<\/h3>\n<p>_x000D_nD\u00e9couvrez chez 1001 Pat\u00e8res, la marque NESU et sa <strong>pat\u00e8re chambre b\u00e9b\u00e9 avec 4 OURS de couleur sable<\/strong>, en plastique. Nous vous en d\u00e9voilons tous ses d\u00e9tails._x000D_n_x000D_nD&rsquo;ailleurs, 1001 Pat\u00e8res a choisi la marque <a href=\"https:\/\/1001pateres.com\/brand\/nesu\/\">NESU<\/a> pour son <strong>style efficace<\/strong> et ses <strong>mat\u00e9riaux de qualit\u00e9<\/strong>. Vous retrouvez dans la majorit\u00e9 de nos r\u00e9f\u00e9rences en vente sur ce site, un support bois et des pat\u00e8res avec formes design et tr\u00e8s personnalis\u00e9es._x000D_n_x000D_nAinsi, cette pat\u00e8re pour la chambre de votre b\u00e9b\u00e9 permet d&rsquo;optimiser l&rsquo;espace de change, et maintenir son bon rangement. Ce porte manteau est compos\u00e9 d&rsquo;un<strong> support laqu\u00e9 blanc<\/strong> et de <strong>4 suspensions ours<\/strong> de couleur<strong>\u00a0sable beige<\/strong>. Il existe en <a href=\"https:\/\/1001pateres.com\/produit\/patere-ours-blanc\/\">blanc<\/a>, en <a href=\"https:\/\/1001pateres.com\/produit\/patere-ours-bleu\/\">bleu<\/a>, en <a href=\"https:\/\/1001pateres.com\/produit\/patere-ours-rose\/\">rose<\/a> et de couleur sable._x000D_n_x000D_nC\u00f4t\u00e9 mat\u00e9riaux, le porte-manteaux est\u00a0<strong>original<\/strong> et <strong>robuste<\/strong>. Il est en <strong>plastique PVC<\/strong> pour le support et en <strong>bois laqu\u00e9 teint\u00e9 dans la masse<\/strong> pour les ours._x000D_n_x000D_n&nbsp;_x000D_n<\/p>\n<h3>Porte manteau \u00e0 fixer au mur<\/h3>\n<p>_x000D_nAussi, son\u00a0syst\u00e8me d&rsquo;accrochage est simple. Il n\u00e9cessite <strong>2 vis et chevilles<\/strong> qui sont <strong>fournis<\/strong> avec la pat\u00e8re. Bien s\u00fbr, il vous faudra vous munir d&rsquo;une <strong>perceuse<\/strong> pour r\u00e9aliser l&rsquo;installation. En revanche, vous aimerez profiter d&rsquo;une <strong>finition \u00e9l\u00e9gante<\/strong>. En effet, les vis sont <strong>au dos du support et non visibles<\/strong> une fois pos\u00e9es sur le mur._x000D_n_x000D_nPar ailleurs, vous appr\u00e9cierez cette\u00a0<span style=\"line-height: 1.5\">touche <strong>d&rsquo;\u00e9l\u00e9gance<\/strong> dans la chambre de votre b\u00e9b\u00e9. Pensez seulement \u00e0 comparer la dimension du pan de mur o\u00f9 vous pensez l&rsquo;accrocher \u00e0 celle de la pat\u00e8re:<\/span>_x000D_n<\/p>\n<ul>_x000D_n \t<\/p>\n<li>Support en bois laqu\u00e9 blanc: 41 cm X 6 cm, \u00e9paisseur 1,5 cm<\/li>\n<p>_x000D_n \t<\/p>\n<li>Pat\u00e8res ours en plastique PVC sable teint\u00e9es dans la masse: 6,5 cm X 5,7 cm,<\/li>\n<p>_x000D_n \t<\/p>\n<li>Ecartement du support face au mur: 4,9 cm<\/li>\n<p>_x000D_n<\/ul>\n<p>_x000D_n&nbsp;_x000D_n_x000D_nN&rsquo;h\u00e9sitez pas \u00e0 nous contacter pour profiter de nos conseils professionnels d&rsquo;exp\u00e9rience, en nous contactant via la page <a href=\"https:\/\/1001pateres.com\/contactez-nous\/\">Contact<\/a>. Nous pourrons aussi r\u00e9aliser pour vous un devis sp\u00e9cial en fonction des quantit\u00e9s recherch\u00e9es.<\/p>\n","protected":false},"excerpt":{"rendered":"<p>Ce porte-manteaux <strong>OURS SABLE beige<\/strong>\u00a0comportant 4 pat\u00e8res de la marque <em><strong>NESU<\/strong><\/em> est en plastique r\u00e9sistant\u00a0et en bois laqu\u00e9. Il est \u00e0 poser partout dans la chambre de b\u00e9b\u00e9 pour ne plus voir trainer ses affaires. Son\u00a0syst\u00e8me d&rsquo;accrochage est simple, au dos du support et non visible une fois pos\u00e9e sur le mur. Il\u00a0est original et de belle qualit\u00e9 en PVC pour le support et en bois laqu\u00e9 pour les pat\u00e8res.<\/p>\n","protected":false},"featured_media":2126,"comment_status":"closed","ping_status":"open","template":"","meta":[],"product_cat":[16],"product_tag":[25],"class_list":["post-547","product","type-product","status-publish","has-post-thumbnail","hentry","product_cat-chambre-enfant","product_tag-crochet-patere-patere-design-patere-murale-patere-porte-pateres-porte-manteau-porte-serviette-porte-torchon-vestiaire","description-off"],"_links":{"self":[{"href":"https:\/\/roulettes.vaniseo.top\/index.php\/wp-json\/wp\/v2\/product\/547","targetHints":{"allow":["GET"]}}],"collection":[{"href":"https:\/\/roulettes.vaniseo.top\/index.php\/wp-json\/wp\/v2\/product"}],"about":[{"href":"https:\/\/roulettes.vaniseo.top\/index.php\/wp-json\/wp\/v2\/types\/product"}],"replies":[{"embeddable":true,"href":"https:\/\/roulettes.vaniseo.top\/index.php\/wp-json\/wp\/v2\/comments?post=547"}],"version-history":[{"count":0,"href":"https:\/\/roulettes.vaniseo.top\/index.php\/wp-json\/wp\/v2\/product\/547\/revisions"}],"wp:featuredmedia":[{"embeddable":true,"href":"https:\/\/roulettes.vaniseo.top\/index.php\/wp-json\/wp\/v2\/media\/2126"}],"wp:attachment":[{"href":"https:\/\/roulettes.vaniseo.top\/index.php\/wp-json\/wp\/v2\/media?parent=547"}],"wp:term":[{"taxonomy":"product_cat","embeddable":true,"href":"https:\/\/roulettes.vaniseo.top\/index.php\/wp-json\/wp\/v2\/product_cat?post=547"},{"taxonomy":"product_tag","embeddable":true,"href":"https:\/\/roulettes.vaniseo.top\/index.php\/wp-json\/wp\/v2\/product_tag?post=547"}],"curies":[{"name":"wp","href":"https:\/\/api.w.org\/{rel}","templated":true}]}}