{"id":550,"date":"2022-04-04T16:22:03","date_gmt":"2022-04-04T14:22:03","guid":{"rendered":"https:\/\/roulettes.vaniseo.top\/index.php\/produit\/pateres-murales-set-de-3-buddy-hooks-nuances-de-rose-umbra\/"},"modified":"2022-04-04T17:22:04","modified_gmt":"2022-04-04T15:22:04","slug":"pateres-murales-set-de-3-buddy-hooks-nuances-de-rose-umbra","status":"publish","type":"product","link":"https:\/\/roulettes.vaniseo.top\/index.php\/produit\/pateres-murales-set-de-3-buddy-hooks-nuances-de-rose-umbra\/","title":{"rendered":"Pat\u00e8res murales : set de 3 BUDDY HOOKS nuances de rose UMBRA"},"content":{"rendered":"<h3>Porte manteau mural design BUDDY HOOKS nuances de rose en lot de trois.<\/h3>\n<p>_x000D_nAvec 1001 Pat\u00e8res, d\u00e9couvrez les d\u00e9tails de ces 3 pat\u00e8res murales, <strong>nuances de rose,\u00a0<\/strong>r\u00e9f\u00e9renc\u00e9es sous le nom de\u00a0<strong>BUDDY HOOKS <\/strong>par la marque\u00a0\u00a0<a href=\"https:\/\/1001pateres.com\/brand\/umbra\/\" target=\"_blank\" rel=\"noopener noreferrer\">UMBRA<\/a>._x000D_n_x000D_nUmbra est une marque canadienne proposant des pat\u00e8res murales \u00e0 la fois pratique et \u00e9l\u00e9gante. La collection <a href=\"https:\/\/1001pateres.com\/produit\/porte-manteaux-sticks-umbra-noir\/\">Sticks<\/a> utilise par exemple le concept de pat\u00e8re d\u00e9ployante sur un support bois joliment travaill\u00e9._x000D_n_x000D_nIci, le set de 3 en nuances de rose int\u00e8gre la collection nomm\u00e9e Buddy Hooks. Celle-ci d\u00e9veloppe des <strong>petits personnages sans d\u00e9tail, escaladant le mur<\/strong>. Retrouvez d&rsquo;autres r\u00e9f\u00e9rences aux coloris <a href=\"https:\/\/1001pateres.com\/produit\/set-de-3-pateres-buddy-hooks-pastel-umbra\/\">pastel<\/a>, <a href=\"https:\/\/1001pateres.com\/produit\/set-de-3-pateres-buddy-hooks-blanc-umbra\/\">blanc<\/a>, et <a href=\"https:\/\/1001pateres.com\/produit\/set-de-3-pateres-buddy-hooks-color-umbra\/\">multicolor<\/a>. Tous sont aux prix de <strong>16,90\u20ac<\/strong>._x000D_n_x000D_nCe set de 3 pat\u00e8res mod\u00e8le BUDDY HOOKS nuances de rose de la marque <em><strong>UMBRA<\/strong> <\/em>est \u00e0 poser <strong>partout dans la maison<\/strong> pour ne plus voir trainer ses affaires, dans la chambre ou dans l&rsquo;entr\u00e9e._x000D_n_x000D_nEnfin, ces pat\u00e8res\u00a0sont <strong>originales<\/strong> et de <strong>belle qualit\u00e9<\/strong>, avec\u00a0de tr\u00e8s <strong>belles finitions<\/strong>.\u00a0<span style=\"line-height: 1.5\">Elles permettent une touche de modernit\u00e9 dans votre maison tout en restant tr\u00e8s pratiques pour y accrocher des <strong>v\u00eatements<\/strong> ou des <strong>serviettes<\/strong>.<\/span>_x000D_n_x000D_n&nbsp;_x000D_n<\/p>\n<h3>3 Pat\u00e8res murales rose Buddy Hooks Umbra : descriptif technique<\/h3>\n<p>_x000D_nAussi, chaque pat\u00e8re est en <strong>plastique dur.<\/strong> Vous aimerez son <strong>toucher doux<\/strong>._x000D_n_x000D_nC\u00f4t\u00e9 accrochage, celles-ci disposent de<strong> fixations non visibles<\/strong>. Ce mod\u00e8le comporte\u00a0un <strong>syst\u00e8me d&rsquo;accrochage avec vis et chevilles<\/strong>. D&rsquo;ailleurs, elles s<span style=\"line-height: 1.5\">e fixent au mur avec des\u00a0<strong>chevilles fournies<\/strong>. La pose n\u00e9cessite donc l&rsquo;usage d&rsquo;une perceuse. Elles peuvent \u00eatre dispos\u00e9es en ligne ou d\u00e9cal\u00e9es, comme on le souhaite pour sa d\u00e9coration.<\/span>_x000D_n_x000D_nUne fois install\u00e9e, chaque personnage permet de <strong>supporter un poids de 2,3 kg<\/strong>._x000D_n<\/p>\n<h4><\/h4>\n<p>_x000D_n<\/p>\n<h4><strong>Dimensions porte manteau fix\u00e9 au mur<\/strong><\/h4>\n<p>_x000D_nD\u00e9couvrez pour finir une derni\u00e8re v\u00e9rification importante quelque soit votre projet: les dimensions de ce porte manteau \u00e0 fixer au mur:_x000D_n<\/p>\n<ul>_x000D_n \t<\/p>\n<li><strong>Dimension d&rsquo;un personnage: 17 cm X 9 cm<\/strong><\/li>\n<p>_x000D_n \t<\/p>\n<li><strong>Ecartement du mur: 8 cm<\/strong><\/li>\n<p>_x000D_n<\/ul>\n<p>_x000D_nVous l&rsquo;aurez compris, il y a peu de risque pour que ceux ci ne s&rsquo;ins\u00e8rent pas l\u00e0 o\u00f9 vous les imaginez!<\/p>\n","protected":false},"excerpt":{"rendered":"<p>Ce set de 3 pat\u00e8res mod\u00e8le <strong>BUDDY HOOKS nuances de rose<\/strong>\u00a0de la marque <em><strong>UMBRA<\/strong> <\/em>est \u00e0 poser partout dans la maison pour ne plus voir trainer ses affaires, dans la chambre ou dans l&rsquo;entr\u00e9e.\u00a0Chaque pat\u00e8re personnage en nuances de rose est en plastique dur au toucher doux avec des fixations non visibles. Chaque personnage permet de supporter un poids de 2,3 kg. Ces\u00a0pat\u00e8res\u00a0sont originales et de belle qualit\u00e9 et peuvent se fixer en ligne ou d\u00e9cal\u00e9es comme l&rsquo;on souhaite pour changer sa d\u00e9coration.\u00a0<span style=\"line-height: 1.5\">Elles permettent une touche de modernit\u00e9 dans votre maison tout en restant tr\u00e8s pratiques pour y accrocher des v\u00eatements ou des serviettes.<\/span><\/p>\n","protected":false},"featured_media":2129,"comment_status":"closed","ping_status":"open","template":"","meta":[],"product_cat":[29,16,32,17],"product_tag":[25],"class_list":["post-550","product","type-product","status-publish","has-post-thumbnail","hentry","product_cat-chambre-adulte","product_cat-chambre-enfant","product_cat-entree-sejour","product_cat-salle-de-bain","product_tag-crochet-patere-patere-design-patere-murale-patere-porte-pateres-porte-manteau-porte-serviette-porte-torchon-vestiaire","description-off"],"_links":{"self":[{"href":"https:\/\/roulettes.vaniseo.top\/index.php\/wp-json\/wp\/v2\/product\/550","targetHints":{"allow":["GET"]}}],"collection":[{"href":"https:\/\/roulettes.vaniseo.top\/index.php\/wp-json\/wp\/v2\/product"}],"about":[{"href":"https:\/\/roulettes.vaniseo.top\/index.php\/wp-json\/wp\/v2\/types\/product"}],"replies":[{"embeddable":true,"href":"https:\/\/roulettes.vaniseo.top\/index.php\/wp-json\/wp\/v2\/comments?post=550"}],"version-history":[{"count":0,"href":"https:\/\/roulettes.vaniseo.top\/index.php\/wp-json\/wp\/v2\/product\/550\/revisions"}],"wp:featuredmedia":[{"embeddable":true,"href":"https:\/\/roulettes.vaniseo.top\/index.php\/wp-json\/wp\/v2\/media\/2129"}],"wp:attachment":[{"href":"https:\/\/roulettes.vaniseo.top\/index.php\/wp-json\/wp\/v2\/media?parent=550"}],"wp:term":[{"taxonomy":"product_cat","embeddable":true,"href":"https:\/\/roulettes.vaniseo.top\/index.php\/wp-json\/wp\/v2\/product_cat?post=550"},{"taxonomy":"product_tag","embeddable":true,"href":"https:\/\/roulettes.vaniseo.top\/index.php\/wp-json\/wp\/v2\/product_tag?post=550"}],"curies":[{"name":"wp","href":"https:\/\/api.w.org\/{rel}","templated":true}]}}