{"id":553,"date":"2022-04-04T16:22:03","date_gmt":"2022-04-04T14:22:03","guid":{"rendered":"https:\/\/roulettes.vaniseo.top\/index.php\/produit\/patere-vintage-skateboard\/"},"modified":"2022-04-04T17:22:05","modified_gmt":"2022-04-04T15:22:05","slug":"patere-vintage-skateboard","status":"publish","type":"product","link":"https:\/\/roulettes.vaniseo.top\/index.php\/produit\/patere-vintage-skateboard\/","title":{"rendered":"Pat\u00e8re vintage SKATEBOARD"},"content":{"rendered":"<h3>Porte manteau m\u00e9tal imprim\u00e9 Skateboard avec 4 crochets en porcelaine<\/h3>\n<p>_x000D_n1001 Pat\u00e8res vous pr\u00e9sente ici la <strong>pat\u00e8re vintage en m\u00e9tal imprim\u00e9 de skateboard<\/strong> avec <strong>4 crochets en porcelaine<\/strong> de la marque <a href=\"https:\/\/1001pateres.com\/brand\/nesu\">NESU<\/a>._x000D_n_x000D_nCe porte manteau est en<strong> m\u00e9tal imprim\u00e9<\/strong> avec\u00a0<strong>4 pat\u00e8res en porcelaine<\/strong>. Ces embouts en <strong>c\u00e9ramique<\/strong> permettent de ne pas abimer les v\u00eatements. Il est \u00e0 poser partout dans la maison pour apporter \u00e0 la fois une touche <strong>d\u00e9corative<\/strong> et \u00e0 la fois <strong>ranger<\/strong>. L&rsquo;ambiance Rider convient parfaitement \u00e0 une <strong>chambre de gar\u00e7on<\/strong>, une <strong>entr\u00e9e<\/strong> pour motiver vos adolescents \u00e0 ranger (!), ou encore dans un <strong>bureau<\/strong> ou un <strong>garage<\/strong>&#8230; Libre \u00e0 vous de le suspendre o\u00f9 bon vous semble!_x000D_n_x000D_nPar ailleurs, n&rsquo;h\u00e9sitez pas \u00e0 jeter un coup d&rsquo;oeil \u00e0 l&rsquo;ensemble de la collection NESU reprenant ce m\u00eame style de <strong>pat\u00e8re vintage en acier peint et 4 crochets<\/strong>. 1001 Pat\u00e8res propose les r\u00e9f\u00e9rences suivantes:_x000D_n<\/p>\n<ul>_x000D_n \t<\/p>\n<li><a href=\"https:\/\/1001pateres.com\/produit\/patere-vintage-cuisine-food\/\">Cuisine<\/a><\/li>\n<p>_x000D_n \t<\/p>\n<li><a href=\"https:\/\/1001pateres.com\/produit\/patere-garage-voitures-americaines\/\">Garage<\/a><\/li>\n<p>_x000D_n \t<\/p>\n<li><a href=\"https:\/\/1001pateres.com\/produit\/patere-vintage-new-york\/\">New York<\/a><\/li>\n<p>_x000D_n \t<\/p>\n<li><a href=\"https:\/\/1001pateres.com\/produit\/patere-vintage-motos-riders\/\">Motos Riders<\/a><\/li>\n<p>_x000D_n \t<\/p>\n<li><a href=\"https:\/\/1001pateres.com\/produit\/patere-vintage-surf-california\/\">Surf California<\/a><\/li>\n<p>_x000D_n<\/ul>\n<p>_x000D_n&nbsp;_x000D_n<\/p>\n<h3>Accrocher la pat\u00e8re vintage Skateboard<\/h3>\n<p>_x000D_nAussi, son\u00a0syst\u00e8me d&rsquo;accrochage est simple et rapide. Les <strong>fixations<\/strong> sur pattes au dos sont <strong>non visibles<\/strong> une fois pos\u00e9e sur le mur. <span style=\"line-height: 1.5\">Les <strong>vis et chevilles sont incluses.<\/strong> Bien s\u00fbr, sa pose n\u00e9cessite l&rsquo;usage d&rsquo;une perceuse.<\/span>_x000D_n_x000D_nAinsi, le porte manteau est\u00a0<strong>original<\/strong> et de <strong>belle qualit\u00e9<\/strong>, en acier noir imprim\u00e9. Vous l&rsquo;aimerez pour ses <strong>jolis coloris<\/strong> et ses <strong>belles finitions<\/strong>. L&rsquo;avantage de ce type de style est de toujours garder la d\u00e9coration du produit visible, m\u00eame une fois des v\u00eatements suspendus._x000D_n_x000D_n<span style=\"line-height: 1.5\">Pensez juste \u00e0 comparer <strong>dimensions<\/strong> du produit aux dimensions de l&rsquo;espace allou\u00e9. Pour cela, voici en d\u00e9tails toutes ses tailles:<\/span>_x000D_n<\/p>\n<ul>_x000D_n \t<\/p>\n<li>Support en acier peint noir et imprim\u00e9: 40 cm X 15,5 cm<\/li>\n<p>_x000D_n \t<\/p>\n<li>Ecartement du mur: 7 cm<\/li>\n<p>_x000D_n<\/ul>\n","protected":false},"excerpt":{"rendered":"<p>Ce porte-manteaux pour l&rsquo;<strong>ENTREE<\/strong> comportant 4 pat\u00e8res de la marque <em><strong>NESU<\/strong><\/em> est en m\u00e9tal imprim\u00e9 vintage SKATEBOARD comporte des embouts en c\u00e9ramique pour ne pas abimer les v\u00eatements. Il est \u00e0 poser partout dans la maison pour ne plus voir trainer ses affaires. Son syst\u00e8me d&rsquo;accrochage est simple, des fixations sur pattes visibles une fois pos\u00e9e sur le mur. Il est\u00a0original et de belle qualit\u00e9, en acier imprim\u00e9.<\/p>\n","protected":false},"featured_media":2135,"comment_status":"closed","ping_status":"open","template":"","meta":[],"product_cat":[29,16,20,32,30],"product_tag":[25],"class_list":["post-553","product","type-product","status-publish","has-post-thumbnail","hentry","product_cat-chambre-adulte","product_cat-chambre-enfant","product_cat-cuisine","product_cat-entree-sejour","product_cat-garage-cellier","product_tag-crochet-patere-patere-design-patere-murale-patere-porte-pateres-porte-manteau-porte-serviette-porte-torchon-vestiaire","description-off"],"_links":{"self":[{"href":"https:\/\/roulettes.vaniseo.top\/index.php\/wp-json\/wp\/v2\/product\/553","targetHints":{"allow":["GET"]}}],"collection":[{"href":"https:\/\/roulettes.vaniseo.top\/index.php\/wp-json\/wp\/v2\/product"}],"about":[{"href":"https:\/\/roulettes.vaniseo.top\/index.php\/wp-json\/wp\/v2\/types\/product"}],"replies":[{"embeddable":true,"href":"https:\/\/roulettes.vaniseo.top\/index.php\/wp-json\/wp\/v2\/comments?post=553"}],"version-history":[{"count":0,"href":"https:\/\/roulettes.vaniseo.top\/index.php\/wp-json\/wp\/v2\/product\/553\/revisions"}],"wp:featuredmedia":[{"embeddable":true,"href":"https:\/\/roulettes.vaniseo.top\/index.php\/wp-json\/wp\/v2\/media\/2135"}],"wp:attachment":[{"href":"https:\/\/roulettes.vaniseo.top\/index.php\/wp-json\/wp\/v2\/media?parent=553"}],"wp:term":[{"taxonomy":"product_cat","embeddable":true,"href":"https:\/\/roulettes.vaniseo.top\/index.php\/wp-json\/wp\/v2\/product_cat?post=553"},{"taxonomy":"product_tag","embeddable":true,"href":"https:\/\/roulettes.vaniseo.top\/index.php\/wp-json\/wp\/v2\/product_tag?post=553"}],"curies":[{"name":"wp","href":"https:\/\/api.w.org\/{rel}","templated":true}]}}