{"id":555,"date":"2022-04-04T16:22:03","date_gmt":"2022-04-04T14:22:03","guid":{"rendered":"https:\/\/roulettes.vaniseo.top\/index.php\/produit\/patere-vintage-fleur-lavande\/"},"modified":"2022-04-04T17:22:06","modified_gmt":"2022-04-04T15:22:06","slug":"patere-vintage-fleur-lavande","status":"publish","type":"product","link":"https:\/\/roulettes.vaniseo.top\/index.php\/produit\/patere-vintage-fleur-lavande\/","title":{"rendered":"Pat\u00e8re vintage FLEUR LAVANDE"},"content":{"rendered":"<h3>Porte manteau m\u00e9tal imprim\u00e9 Fleur Lavande avec 4 crochets en porcelaine<\/h3>\n<p>_x000D_n1001 Pat\u00e8res vous d\u00e9voile les sp\u00e9cificit\u00e9s de la <strong>pat\u00e8re vintage FLEUR LAVANDE<\/strong> de la marque <strong>NESU<\/strong>._x000D_n_x000D_nCe porte manteau en <strong>m\u00e9tal <\/strong>est imprim\u00e9 de <strong>bouquets de lavande et de quelques \u00e9critures anciennes.\u00a0<\/strong>Il comporte <strong>4 pat\u00e8res en c\u00e9ramique<\/strong>\u00a0pour ne pas abimer les v\u00eatements. Il est \u00e0 poser partout dans la maison pour ne plus voir trainer ses affaires._x000D_n_x000D_nPar ailleurs, il reprend le style des autres pat\u00e8res de la <strong>collection<\/strong> de la marque <a href=\"https:\/\/1001pateres.com\/brand\/nesu\/\">NESU<\/a> en m\u00e9tal. N&rsquo;h\u00e9sitez pas \u00e0 jeter un coup d&rsquo;oeil \u00a0\u00e0 celles avec une <a href=\"https:\/\/1001pateres.com\/produit\/patere-vintage-salle-de-bain\/\">salle de bain<\/a>, une \u00e9criture <a href=\"https:\/\/1001pateres.com\/produit\/patere-vintage-cuisine-bon-appetit\/\">Bon App\u00e9tit<\/a>, ou 4 images \u00e0 la th\u00e9matique <a href=\"https:\/\/1001pateres.com\/produit\/patere-vintage-new-york\/\">New York<\/a>, <a href=\"https:\/\/1001pateres.com\/produit\/patere-garage-voitures-americaines\/\">garages<\/a>, <a href=\"https:\/\/1001pateres.com\/produit\/patere-vintage-cuisine-food\/\">cuisines<\/a>\u00a0et <a href=\"https:\/\/1001pateres.com\/produit\/patere-vintage-cuisine-breakfast\/\">petit d\u00e9jeuner<\/a> am\u00e9ricains etc&#8230;_x000D_n_x000D_nCe type de <strong>pat\u00e8re vintage<\/strong> est id\u00e9ale car l&rsquo;illustration reste toujours visible m\u00eame apr\u00e8s avoir accrocher v\u00eatements et accessoires. Ainsi, vous investissez v\u00e9ritablement dans un <strong>objet de d\u00e9coration et de rangement<\/strong>._x000D_n_x000D_n&nbsp;_x000D_n<\/p>\n<h3>Conseils d&rsquo;installation de la pat\u00e8re vintage fleur lavande<\/h3>\n<p>_x000D_nAussi, son\u00a0syst\u00e8me d&rsquo;accrochage est <strong>simple<\/strong>. Des <strong>fixations sur pattes non visibles<\/strong> une fois install\u00e9e sur le mur sont au dos du produit.\u00a0<span style=\"line-height: 1.5\">La fixation\u00a0au mur de la pat\u00e8re vintage FLEUR LAVANDE se fait avec 2 vis. Les <strong>vis et chevilles sont incluses<\/strong>. Sa pose n\u00e9cessite l&rsquo;usage d&rsquo;une perceuse.<\/span>_x000D_n_x000D_nAinsi, le porte manteau imprim\u00e9 est\u00a0<strong>original<\/strong> et de <strong>belle qualit\u00e9<\/strong>, en acier noir.\u00a0<span style=\"line-height: 1.5\">Il\u00a0offre une touche d&rsquo;<strong>authenticit\u00e9<\/strong>\u00a0\u00e0 n&rsquo;importe quelle pi\u00e8ce de la maison. Avec ce type d&rsquo;impression, il est plut\u00f4t conseill\u00e9 de l&rsquo;utiliser dans un garage vers vos affaires de jardinage, dans une entr\u00e9e, ou encore dans une buanderie.<\/span>_x000D_n_x000D_nPensez \u00e0 comparer les <strong>dimensions<\/strong> de votre pan de mur avec celles du produit list\u00e9es ci dessous:_x000D_n<\/p>\n<ul>_x000D_n \t<\/p>\n<li>Le support 40 cm X 15,5 cm<\/li>\n<p>_x000D_n \t<\/p>\n<li>Ecartement du mur 7 cm<\/li>\n<p>_x000D_n<\/ul>\n<p>_x000D_nPour plus d&rsquo;informations, n&rsquo;h\u00e9sitez pas \u00e0 nous contacter via le formulaire disponible en page Contact ou par t\u00e9l\u00e9phone.<\/p>\n","protected":false},"excerpt":{"rendered":"<p>Ce porte-manteaux pour l&rsquo;<strong>ENTREE<\/strong> comportant 4 pat\u00e8res de la marque <em><strong>NESU<\/strong><\/em> est en m\u00e9tal imprim\u00e9 vintage FLEUR LAVANDE comporte des embouts en c\u00e9ramique pour ne pas abimer les v\u00eatements. Il est \u00e0 poser partout dans la maison pour ne plus voir trainer ses affaires. Son syst\u00e8me d&rsquo;accrochage est simple, des fixations sur pattes visibles une fois pos\u00e9e sur le mur. Il est\u00a0original et de belle qualit\u00e9, en acier imprim\u00e9.<\/p>\n","protected":false},"featured_media":2137,"comment_status":"closed","ping_status":"open","template":"","meta":[],"product_cat":[29,16,20,32,30],"product_tag":[25],"class_list":["post-555","product","type-product","status-publish","has-post-thumbnail","hentry","product_cat-chambre-adulte","product_cat-chambre-enfant","product_cat-cuisine","product_cat-entree-sejour","product_cat-garage-cellier","product_tag-crochet-patere-patere-design-patere-murale-patere-porte-pateres-porte-manteau-porte-serviette-porte-torchon-vestiaire","description-off"],"_links":{"self":[{"href":"https:\/\/roulettes.vaniseo.top\/index.php\/wp-json\/wp\/v2\/product\/555","targetHints":{"allow":["GET"]}}],"collection":[{"href":"https:\/\/roulettes.vaniseo.top\/index.php\/wp-json\/wp\/v2\/product"}],"about":[{"href":"https:\/\/roulettes.vaniseo.top\/index.php\/wp-json\/wp\/v2\/types\/product"}],"replies":[{"embeddable":true,"href":"https:\/\/roulettes.vaniseo.top\/index.php\/wp-json\/wp\/v2\/comments?post=555"}],"version-history":[{"count":0,"href":"https:\/\/roulettes.vaniseo.top\/index.php\/wp-json\/wp\/v2\/product\/555\/revisions"}],"wp:featuredmedia":[{"embeddable":true,"href":"https:\/\/roulettes.vaniseo.top\/index.php\/wp-json\/wp\/v2\/media\/2137"}],"wp:attachment":[{"href":"https:\/\/roulettes.vaniseo.top\/index.php\/wp-json\/wp\/v2\/media?parent=555"}],"wp:term":[{"taxonomy":"product_cat","embeddable":true,"href":"https:\/\/roulettes.vaniseo.top\/index.php\/wp-json\/wp\/v2\/product_cat?post=555"},{"taxonomy":"product_tag","embeddable":true,"href":"https:\/\/roulettes.vaniseo.top\/index.php\/wp-json\/wp\/v2\/product_tag?post=555"}],"curies":[{"name":"wp","href":"https:\/\/api.w.org\/{rel}","templated":true}]}}