{"id":556,"date":"2022-04-04T16:22:08","date_gmt":"2022-04-04T14:22:08","guid":{"rendered":"https:\/\/roulettes.vaniseo.top\/index.php\/produit\/patere-triple-design-vintage-en-osier\/"},"modified":"2022-04-04T17:22:08","modified_gmt":"2022-04-04T15:22:08","slug":"patere-triple-design-vintage-en-osier","status":"publish","type":"product","link":"https:\/\/roulettes.vaniseo.top\/index.php\/produit\/patere-triple-design-vintage-en-osier\/","title":{"rendered":"Pat\u00e8re triple design vintage en osier"},"content":{"rendered":"<h3><strong>Pat\u00e8re osier naturel 3 crochets<\/strong><\/h3>\n<p>_x000D_nD\u00e9couvrez chez et par <strong>1001 Pat\u00e8res,<\/strong> la toute derni\u00e8re <strong>pat\u00e8re triple design vintage en osier naturel<\/strong>._x000D_n_x000D_nEn effet, chez 1001 Pat\u00e8res, trouvez de <strong>nombreux styles diff\u00e9rents de pat\u00e8res simples et multiples<\/strong>. Ainsi, en fonction des <strong><a href=\"https:\/\/1001pateres.com\/materiaux\/\">mat\u00e9riaux<\/a><\/strong> d\u00e9sir\u00e9s, et du <strong>nombre de crochets<\/strong> n\u00e9cessaires, trouvez sur ce site LA perle rare. L&rsquo;ensemble de notre offre est une promesse de <strong>bon rapport qualit\u00e9\/prix<\/strong>. Amusez vous donc \u00e0 <strong>personnaliser chaque pi\u00e8ce<\/strong> avec des d\u00e9tails qui font mouches!_x000D_n_x000D_nEn plus, ces d\u00e9tails auront le <strong>double objectif de d\u00e9corer<\/strong> et d&rsquo;\u00e0 la fois <strong>aider au rangement<\/strong> de votre maison ou bureau professionnel!_x000D_n_x000D_nIci, cette pat\u00e8re en osier naturel propose <strong>3 crochets doubles<\/strong>. Ainsi, il est possible au total d&rsquo;utiliser <strong>3 crochets hauts et 3 crochets bas<\/strong>. Avec son coloris unique beige clair, il ressortira tr\u00e8s bien <strong>sur des murs fonc\u00e9s, ou au contraire blanc<\/strong>. En jouant la carte des <strong>contrastes<\/strong> de couleurs, votre pat\u00e8re osier offrira <strong>douceur<\/strong> dans une <strong>ambiance rustique \u00e9l\u00e9gante<\/strong>. Comme vous pouvez le voir ci contre ces pat\u00e8res courb\u00e9es sont\u00a0<strong>en osier v\u00e9ritable<\/strong>. Cette touche de <strong>naturel<\/strong> dans une pi\u00e8ce entrera compl\u00e8tement dans la <strong>tendance actuelle d&rsquo;utiliser des mat\u00e9riaux brutes<\/strong> comme la pierre, le bois, et ici l&rsquo;osier!_x000D_n_x000D_nPar ailleurs, cette pat\u00e8re osier est uniquement \u00e0 <strong>fixer au mur<\/strong>. Il valorisera donc votre environnement comme \u00e9tant\u00a0un <strong>bel objet de d\u00e9coration<\/strong>. Attention toutefois, cette pat\u00e8re triple design osier est <strong>originale<\/strong> et <strong>de belle qualit\u00e9<\/strong> mais peut avoir des <strong>diff\u00e9rence de teintes<\/strong> notamment aux courbures. cela est d\u00fb au fait qu&rsquo;il s&rsquo;agit d&rsquo;une <strong>mati\u00e8re naturelle qui est chauff\u00e9e<\/strong>. Celle-ci peut donc avoir une base plus ou moins claire._x000D_n_x000D_nAussi, son\u00a0syst\u00e8me d&rsquo;accrochage est simple. Vous devez simplement le fixer \u00e0 l&rsquo;aide de 2 vis et chevilles pos\u00e9es au niveau de l&rsquo;armature haute. Bien s\u00fbr, le syst\u00e8me d&rsquo;accrochage est fourni mais vous devrez utiliser votre propre perceuse. Voici ses dimensions:_x000D_n<\/p>\n<ul>_x000D_n \t<\/p>\n<li>Le porte-manteaux 40 cm X 20 cm<\/li>\n<p>_x000D_n \t<\/p>\n<li>Ecartement du mur 5 cm<\/li>\n<p>_x000D_n<\/ul>\n","protected":false},"excerpt":{"rendered":"<p>Porte-manteaux design comportant 3 pat\u00e8res double de la marque <em><strong>1001pateres<\/strong><\/em>\u00a0<b>en osier courb\u00e9.\u00a0<\/b>Ce porte-manteaux avec 3 pat\u00e8res est \u00e0 poser partout dans la maison pour ne plus voir trainer ses affaires.\u00a0Il comporte 3 pat\u00e8res double en osier courb\u00e9 fa\u00e7on vintage et est un tr\u00e8s bel objet de d\u00e9coration.<\/p>\n","protected":false},"featured_media":2138,"comment_status":"closed","ping_status":"open","template":"","meta":[],"product_cat":[29,19,32,21,22,17],"product_tag":[25],"class_list":["post-556","product","type-product","status-publish","has-post-thumbnail","hentry","product_cat-chambre-adulte","product_cat-collectivite","product_cat-entree-sejour","product_cat-entreprise","product_cat-pro","product_cat-salle-de-bain","product_tag-crochet-patere-patere-design-patere-murale-patere-porte-pateres-porte-manteau-porte-serviette-porte-torchon-vestiaire","description-off"],"_links":{"self":[{"href":"https:\/\/roulettes.vaniseo.top\/index.php\/wp-json\/wp\/v2\/product\/556","targetHints":{"allow":["GET"]}}],"collection":[{"href":"https:\/\/roulettes.vaniseo.top\/index.php\/wp-json\/wp\/v2\/product"}],"about":[{"href":"https:\/\/roulettes.vaniseo.top\/index.php\/wp-json\/wp\/v2\/types\/product"}],"replies":[{"embeddable":true,"href":"https:\/\/roulettes.vaniseo.top\/index.php\/wp-json\/wp\/v2\/comments?post=556"}],"version-history":[{"count":0,"href":"https:\/\/roulettes.vaniseo.top\/index.php\/wp-json\/wp\/v2\/product\/556\/revisions"}],"wp:featuredmedia":[{"embeddable":true,"href":"https:\/\/roulettes.vaniseo.top\/index.php\/wp-json\/wp\/v2\/media\/2138"}],"wp:attachment":[{"href":"https:\/\/roulettes.vaniseo.top\/index.php\/wp-json\/wp\/v2\/media?parent=556"}],"wp:term":[{"taxonomy":"product_cat","embeddable":true,"href":"https:\/\/roulettes.vaniseo.top\/index.php\/wp-json\/wp\/v2\/product_cat?post=556"},{"taxonomy":"product_tag","embeddable":true,"href":"https:\/\/roulettes.vaniseo.top\/index.php\/wp-json\/wp\/v2\/product_tag?post=556"}],"curies":[{"name":"wp","href":"https:\/\/api.w.org\/{rel}","templated":true}]}}