{"id":557,"date":"2022-04-04T16:22:08","date_gmt":"2022-04-04T14:22:08","guid":{"rendered":"https:\/\/roulettes.vaniseo.top\/index.php\/produit\/porte-manteau-bois-pour-chambre-denfant-en-arc-en-ciel\/"},"modified":"2022-04-04T17:22:08","modified_gmt":"2022-04-04T15:22:08","slug":"porte-manteau-bois-pour-chambre-denfant-en-arc-en-ciel","status":"publish","type":"product","link":"https:\/\/roulettes.vaniseo.top\/index.php\/produit\/porte-manteau-bois-pour-chambre-denfant-en-arc-en-ciel\/","title":{"rendered":"Porte manteau bois pour chambre d&rsquo;enfant en arc en ciel"},"content":{"rendered":"<h3>Porte vetement chambre arc en ciel en bois peint<\/h3>\n<p>_x000D_n<strong>1001 Pat\u00e8res<\/strong> vous pr\u00e9sente toutes les informations techniques et d\u00e9coratives de ce p<strong>orte manteau bois pour chambre d&rsquo;enfant en arc en ciel<\/strong>._x000D_n_x000D_nEn effet, <a href=\"https:\/\/1001pateres.com\/brand\/1001pateres\/\">1001 Pat\u00e8res<\/a> est le <strong>n\u00b01 des ventes en ligne de pat\u00e8res et porte manteaux<\/strong> en France. C&rsquo;est LE leader incontournable \u00e0 conna\u00eetre que vous soyez un <strong>professionnel<\/strong> ou un <strong>particulier<\/strong>. Sur ce site, vous aurez l&rsquo;opportunit\u00e9 de d\u00e9couvrir les plus grandes <strong>marques internationales<\/strong>, avec une s\u00e9lection de leurs plus belles cr\u00e9ations, au <strong>meilleur rapport qualit\u00e9 prix<\/strong>._x000D_n_x000D_nAinsi, quelque soit la pi\u00e8ce \u00e0 optimiser avec un <strong>rangement mural<\/strong> ou sur <strong>pied<\/strong>, vous trouverez ici, tout ce dont il vous faut. Notamment un porte v\u00eatement chambre arc en ciel en bois peint!_x000D_n_x000D_n&nbsp;_x000D_n<\/p>\n<h3>Porte manteau bois pour chambre d&rsquo;enfant en arc en ciel<\/h3>\n<p>_x000D_nCi-contre, le porte manteau bois pour chambre d&rsquo;enfant est <strong>en forme et aux couleurs de l&rsquo;arc en ciel<\/strong>. Il est id\u00e9al pour ne plus laisser trainer d&rsquo;affaires. Avec, vous gagnerez pour s\u00fbr <strong>en clart\u00e9 et d\u00e9coration<\/strong>._x000D_n_x000D_nD&rsquo;ailleurs, c\u00f4t\u00e9 d\u00e9co, avec ses <strong>couleurs tendance pastels<\/strong>, ce porte manteau bois s&rsquo;adaptera parfaitement dans \u00e0 <strong>n&rsquo;importe quelle chambre d&rsquo;enfant ou de b\u00e9b\u00e9<\/strong>._x000D_n_x000D_nCe porte v\u00eatement chambre arc en ciel est donc en <strong>bois<\/strong>. Il comporte un <strong>syst\u00e8me d&rsquo;accrochage simple<\/strong> avec deux attaches au dos. Ceux-ci seront donc \u00e0 positionner\u00a0sur un crochet de votre choix. Sa pose est donc tr\u00e8s facile. Il vous faut cependant vous munir des attaches et des outils n\u00e9cessaires pour les installer au mur._x000D_n_x000D_n<span style=\"line-height: 1.5\">\u00c9l\u00e9gant et de belle qualit\u00e9, vous ne prendrez aucun risque \u00e0 investir dans un tel objet de rangement.\u00a0<\/span>_x000D_n_x000D_nEnfin, voici ses <strong>dimensions<\/strong> ci apr\u00e8s. Tenez en compte notamment si le pan de mur dispos\u00e9 \u00e0 l&rsquo;accueillir n&rsquo;est pas tr\u00e8s large. Vous confirmerez ainsi la faisabilit\u00e9 de votre projet._x000D_n_x000D_n<strong>Dimensions :<\/strong>_x000D_n<\/p>\n<ul>_x000D_n \t<\/p>\n<li>La pat\u00e8re: 23,7 cm X 13 cm<\/li>\n<p>_x000D_n \t<\/p>\n<li>Ecartement du mur: 4 cm<\/li>\n<p>_x000D_n<\/ul>\n","protected":false},"excerpt":{"rendered":"<p>Beau porte-manteaux en forme d&rsquo;<strong>arc en ciel<\/strong>\u00a0compos\u00e9 de 2 crochets en bois peint\u00a0<em><strong>multicolor<\/strong><\/em>.\u00a0Cette pat\u00e8re est \u00e0 poser partout dans la maison pour ne plus laisser trainer ses affaires et particuli\u00e8rement dans la chambre d&rsquo;enfant ou de b\u00e9b\u00e9.\u00a0Avec ses couleurs tendance, elle s&rsquo;adaptera parfaitement dans les univers moderne et doux.<\/p>\n","protected":false},"featured_media":2141,"comment_status":"closed","ping_status":"open","template":"","meta":[],"product_cat":[16,32,17],"product_tag":[27],"class_list":["post-557","product","type-product","status-publish","has-post-thumbnail","hentry","product_cat-chambre-enfant","product_cat-entree-sejour","product_cat-salle-de-bain","product_tag-crochet-patere-patere-design-patere-murale-patere-porte-pateres-porte-serviette-porte-torchon-vestiaire","description-off"],"_links":{"self":[{"href":"https:\/\/roulettes.vaniseo.top\/index.php\/wp-json\/wp\/v2\/product\/557","targetHints":{"allow":["GET"]}}],"collection":[{"href":"https:\/\/roulettes.vaniseo.top\/index.php\/wp-json\/wp\/v2\/product"}],"about":[{"href":"https:\/\/roulettes.vaniseo.top\/index.php\/wp-json\/wp\/v2\/types\/product"}],"replies":[{"embeddable":true,"href":"https:\/\/roulettes.vaniseo.top\/index.php\/wp-json\/wp\/v2\/comments?post=557"}],"version-history":[{"count":0,"href":"https:\/\/roulettes.vaniseo.top\/index.php\/wp-json\/wp\/v2\/product\/557\/revisions"}],"wp:featuredmedia":[{"embeddable":true,"href":"https:\/\/roulettes.vaniseo.top\/index.php\/wp-json\/wp\/v2\/media\/2141"}],"wp:attachment":[{"href":"https:\/\/roulettes.vaniseo.top\/index.php\/wp-json\/wp\/v2\/media?parent=557"}],"wp:term":[{"taxonomy":"product_cat","embeddable":true,"href":"https:\/\/roulettes.vaniseo.top\/index.php\/wp-json\/wp\/v2\/product_cat?post=557"},{"taxonomy":"product_tag","embeddable":true,"href":"https:\/\/roulettes.vaniseo.top\/index.php\/wp-json\/wp\/v2\/product_tag?post=557"}],"curies":[{"name":"wp","href":"https:\/\/api.w.org\/{rel}","templated":true}]}}