{"id":561,"date":"2022-04-04T16:22:08","date_gmt":"2022-04-04T14:22:08","guid":{"rendered":"https:\/\/roulettes.vaniseo.top\/index.php\/produit\/porte-manteau-en-bois-blanc-avec-des-bouquets-de-lavande-vintage\/"},"modified":"2022-04-04T17:22:10","modified_gmt":"2022-04-04T15:22:10","slug":"porte-manteau-en-bois-blanc-avec-des-bouquets-de-lavande-vintage","status":"publish","type":"product","link":"https:\/\/roulettes.vaniseo.top\/index.php\/produit\/porte-manteau-en-bois-blanc-avec-des-bouquets-de-lavande-vintage\/","title":{"rendered":"Porte manteau en bois blanc avec des bouquets de lavande vintage"},"content":{"rendered":"<h3>Pat\u00e8re bois blanc avec 4 accroches aux bouquets de lavande<\/h3>\n<p>_x000D_nD\u00e9couvrez chez 1001 Pat\u00e8res, tous les d\u00e9tails au sujet de cette r\u00e9f\u00e9rence de <strong>porte manteau en bois blanc et bouquets de lavande vintage<\/strong> de la marque <a href=\"https:\/\/1001pateres.com\/brand\/nesu\/\">NESU<\/a>._x000D_n_x000D_nTout d&rsquo;abord, nos multiples r\u00e9f\u00e9rences de cette marque NESU reprennent toujours l&rsquo;id\u00e9e d&rsquo;un support rectangulaire avec tige ou crochet de suspension. Les styles sont vari\u00e9s mais la qualit\u00e9 et le style sont toujours l\u00e0!_x000D_n_x000D_nAinsi, cette pat\u00e8re design pour l&rsquo;<a href=\"https:\/\/1001pateres.com\/categorie-produit\/entree-sejour\/\"><strong>entr\u00e9e<\/strong><\/a> comporte 4<strong>\u00a0accroches<\/strong>. Son <strong>support<\/strong>\u00a0est en <strong>bois blanc<\/strong>. Ses crochets <strong>tige<\/strong> sont en <strong>bois blanc avec embout rond anti glisse<\/strong>. Ainsi, il peut \u00eatre pos\u00e9 partout dans la maison pour ne plus voir trainer ses affaires. Offrez \u00e0 votre int\u00e9rieur la clart\u00e9 qu&rsquo;il m\u00e9rite. Proposez des <strong>solutions de rangement \u00e9l\u00e9gantes et faciles d&rsquo;utilisation<\/strong> \u00e0 toute la famille pour participer au rangement global de vos espaces communs._x000D_n_x000D_n&nbsp;_x000D_n<\/p>\n<h3>Installation du porte manteau en bois blanc NESU<\/h3>\n<p>_x000D_nAussi, son\u00a0syst\u00e8me d&rsquo;accrochage est<strong> simple et bien fini<\/strong>. Les fixations au dos sont <strong>non visibles<\/strong> une fois pos\u00e9e sur le mur. Sa f<span style=\"line-height: 1.5\">ixation\u00a0au mur n\u00e9cessite l&rsquo;usage de 2 vis avec chevilles, qui sont bien s\u00fbr incluses avec votre achat. Attention cependant, la<\/span><span style=\"line-height: 1.5\">\u00a0pose de ce porte manteau n\u00e9cessite l&rsquo;usage d&rsquo;une perceuse. Au final, v<\/span>ous aimerez donc investir dans un porte manteau bois blanc original et de belle qualit\u00e9, facile \u00e0 accrocher._x000D_n_x000D_n<span style=\"line-height: 1.5\">Ind\u00e9niablement, ce m\u00e9lange de couleurs et de formes permettent une touche de <strong>modernit\u00e9<\/strong>\u00a0dans votre <strong>entr\u00e9e<\/strong>. Notons que ce style s&rsquo;adapte aussi tr\u00e8s bien \u00e0 un <strong>bureau professionnel<\/strong>. Libre \u00e0 vous de l&rsquo;installer l\u00e0 o\u00f9 il ressort le mieux.<\/span>_x000D_n_x000D_nPensez juste \u00e0 v\u00e9rifier la concordance des dimensions de votre pan de mur et de cette r\u00e9f\u00e9rence. Pour cela, voici les dimensions de la pat\u00e8re bois blanc ci dessous:_x000D_n<\/p>\n<ul>_x000D_n \t<\/p>\n<li>Support en bois: 48,5 cm X 5 cm<\/li>\n<p>_x000D_n \t<\/p>\n<li>Tiges accroches: 5 cm<\/li>\n<p>_x000D_n \t<\/p>\n<li>Ecartement du mur: 7 cm<\/li>\n<p>_x000D_n<\/ul>\n","protected":false},"excerpt":{"rendered":"<p>Ce porte-manteaux design pour l&rsquo;<strong>ENTREE<\/strong> comportant 4 pat\u00e8res tige de la marque <em><strong>NESU<\/strong><\/em> est en bois blanc avec les tiges qui comportent un embout rond anti glisse sur lesquels on peut voir des bouquets de lavande vintage. Il est \u00e0 poser partout dans la maison pour ne plus voir trainer ses affaires.\u00a0Son\u00a0syst\u00e8me d&rsquo;accrochage est simple, Les fixations au dos sont non visibles une fois pos\u00e9e sur le mur. Il est\u00a0original et de belle qualit\u00e9 en bois blanc.<\/p>\n","protected":false},"featured_media":2148,"comment_status":"closed","ping_status":"open","template":"","meta":[],"product_cat":[29,20,32,17],"product_tag":[25],"class_list":["post-561","product","type-product","status-publish","has-post-thumbnail","hentry","product_cat-chambre-adulte","product_cat-cuisine","product_cat-entree-sejour","product_cat-salle-de-bain","product_tag-crochet-patere-patere-design-patere-murale-patere-porte-pateres-porte-manteau-porte-serviette-porte-torchon-vestiaire","description-off"],"_links":{"self":[{"href":"https:\/\/roulettes.vaniseo.top\/index.php\/wp-json\/wp\/v2\/product\/561","targetHints":{"allow":["GET"]}}],"collection":[{"href":"https:\/\/roulettes.vaniseo.top\/index.php\/wp-json\/wp\/v2\/product"}],"about":[{"href":"https:\/\/roulettes.vaniseo.top\/index.php\/wp-json\/wp\/v2\/types\/product"}],"replies":[{"embeddable":true,"href":"https:\/\/roulettes.vaniseo.top\/index.php\/wp-json\/wp\/v2\/comments?post=561"}],"version-history":[{"count":0,"href":"https:\/\/roulettes.vaniseo.top\/index.php\/wp-json\/wp\/v2\/product\/561\/revisions"}],"wp:featuredmedia":[{"embeddable":true,"href":"https:\/\/roulettes.vaniseo.top\/index.php\/wp-json\/wp\/v2\/media\/2148"}],"wp:attachment":[{"href":"https:\/\/roulettes.vaniseo.top\/index.php\/wp-json\/wp\/v2\/media?parent=561"}],"wp:term":[{"taxonomy":"product_cat","embeddable":true,"href":"https:\/\/roulettes.vaniseo.top\/index.php\/wp-json\/wp\/v2\/product_cat?post=561"},{"taxonomy":"product_tag","embeddable":true,"href":"https:\/\/roulettes.vaniseo.top\/index.php\/wp-json\/wp\/v2\/product_tag?post=561"}],"curies":[{"name":"wp","href":"https:\/\/api.w.org\/{rel}","templated":true}]}}