{"id":566,"date":"2022-04-04T16:22:08","date_gmt":"2022-04-04T14:22:08","guid":{"rendered":"https:\/\/roulettes.vaniseo.top\/index.php\/produit\/patere-decorative-metallique-doree-feuille\/"},"modified":"2022-04-04T17:22:11","modified_gmt":"2022-04-04T15:22:11","slug":"patere-decorative-metallique-doree-feuille","status":"publish","type":"product","link":"https:\/\/roulettes.vaniseo.top\/index.php\/produit\/patere-decorative-metallique-doree-feuille\/","title":{"rendered":"Pat\u00e8re d\u00e9corative m\u00e9tallique dor\u00e9e Feuille"},"content":{"rendered":"<h3>Porte manteau feuille en alliage de m\u00e9tal embouti dor\u00e9<\/h3>\n<p>_x000D_n1001 Pat\u00e8res vous offre tout le prestige n\u00e9cessaire pour compl\u00e9ter votre d\u00e9coration d&rsquo;int\u00e9rieur avec cette <strong>pat\u00e8re d\u00e9corative m\u00e9tallique dor\u00e9e Feuille<\/strong>._x000D_n_x000D_nEn effet, <strong>1001 Pat\u00e8res<\/strong> est sp\u00e9cialis\u00e9e dans la vente en lign\u00e9e pat\u00e8res et porte manteaux issus de designer internationaux. Tous offrent un rapport qualit\u00e9 prix parfait! Ainsi, ce site est aujourd&rsquo;hui encore <strong>n\u00b01 en France<\/strong>! Prenez donc inspiration et conseils pour faire les meilleurs choix permettant \u00e0 la fois de <strong>ranger et d\u00e9corer votre int\u00e9rieur<\/strong> de maison et d&rsquo;entreprise!_x000D_n_x000D_nAinsi, ici sp\u00e9cifiquement, il s&rsquo;agit d&rsquo;une pat\u00e8re d\u00e9corative m\u00e9tallique dor\u00e9e murale en forme de <strong>feuille type <em>Monstera<\/em><\/strong>. Son mat\u00e9riau de fabrication consiste en un<strong>\u00a0alliage de m\u00e9tal<\/strong> embouti\u00a0<strong>dor\u00e9<\/strong>. Cette pat\u00e8re \u00e0 crochet unique\u00a0peut donc tout autant servir de porte-v\u00eatements, porte-\u00e9charpes, et porte-chapeaux._x000D_n_x000D_nSon \u00e9l\u00e9gance se concentre donc sur un <strong>design simple et \u00e9pur\u00e9<\/strong>, mais<strong> tr\u00e8s \u00e9l\u00e9gant d&rsquo;une feuille lumineuse<\/strong>!_x000D_n_x000D_n&nbsp;_x000D_n<\/p>\n<h3>Installation de la pat\u00e8re d\u00e9corative m\u00e9tallique dor\u00e9e Feuille 1001 Pat\u00e8res<\/h3>\n<p>_x000D_nPar ailleurs, c\u00f4t\u00e9 <strong>installation<\/strong>, ce produit est compos\u00e9 d&rsquo;un simple crochet surplomb\u00e9 d&rsquo;une feuille dor\u00e9e. Son syst\u00e8me d&rsquo;accrochage est donc au dos de la feuille. Attention \u00a0toute <strong>vis<\/strong> n\u00e9cessaire \u00e0 son installation n&rsquo;est <strong>pas fournie.<\/strong> Pour autant, il est facile\u00a0de la fixer sur un mur ou sur un bois mais cela n\u00e9cessite un <strong>tournevis<\/strong>._x000D_n_x000D_nAvec cette couleur dor\u00e9e, la <strong>pat\u00e8re d\u00e9corative m\u00e9tallique<\/strong> convient parfaitement \u00e0 tout univers disposant d\u00e9j\u00e0 de <strong>touches dor\u00e9es<\/strong>. Amoureux des fleurs, la pat\u00e8re feuille pourra aussi venir compl\u00e9ter votre univers, par exemple sous une <strong>serre<\/strong>, ou dans un <strong>garage<\/strong>. Quoiqu&rsquo;il en soit, elle accueillera torchon, comme serviette ou v\u00eatement sans difficult\u00e9._x000D_n_x000D_nSes <strong>dimensions<\/strong> :_x000D_n<\/p>\n<ul>_x000D_n \t<\/p>\n<li>Hauteur : 11,5 cm<\/li>\n<p>_x000D_n \t<\/p>\n<li>Largeur maxi : 7,5 cm<\/li>\n<p>_x000D_n \t<\/p>\n<li>Ecartement du mur du crochet : 4 cm<\/li>\n<p>_x000D_n<\/ul>\n<p>_x000D_nContactez sans attendre 1001 Pat\u00e8re pour toute question compl\u00e9mentaire ou pour r\u00e9aliser toute demande de devis en cas de commande en d&rsquo;importante quantit\u00e9. Pour ce faire, vous avez \u00e0 votre disposition un t\u00e9l\u00e9phone, le <a href=\"tel:0664330371\">06 64 33 03 71<\/a>, et la page <a href=\"https:\/\/1001pateres.com\/contactez-nous\/\">Contact<\/a> et son formulaire mail.<\/p>\n","protected":false},"excerpt":{"rendered":"<p>Belle pat\u00e8re porte-manteau id\u00e9ale pour les <strong>d\u00e9corations<\/strong> avec simple accroche en <em><strong>m\u00e9tal dor\u00e9<\/strong><\/em> qui peut servir de porte-v\u00eatement, porte-\u00e9charpe, porte-chapeaux. Elle offre un design \u00e9pur\u00e9 pour se fondre dans tous les univers de la maison ou de l&rsquo;entreprise.<\/p>\n","protected":false},"featured_media":2153,"comment_status":"closed","ping_status":"open","template":"","meta":[],"product_cat":[32,17],"product_tag":[27],"class_list":["post-566","product","type-product","status-publish","has-post-thumbnail","hentry","product_cat-entree-sejour","product_cat-salle-de-bain","product_tag-crochet-patere-patere-design-patere-murale-patere-porte-pateres-porte-serviette-porte-torchon-vestiaire","description-off"],"_links":{"self":[{"href":"https:\/\/roulettes.vaniseo.top\/index.php\/wp-json\/wp\/v2\/product\/566","targetHints":{"allow":["GET"]}}],"collection":[{"href":"https:\/\/roulettes.vaniseo.top\/index.php\/wp-json\/wp\/v2\/product"}],"about":[{"href":"https:\/\/roulettes.vaniseo.top\/index.php\/wp-json\/wp\/v2\/types\/product"}],"replies":[{"embeddable":true,"href":"https:\/\/roulettes.vaniseo.top\/index.php\/wp-json\/wp\/v2\/comments?post=566"}],"version-history":[{"count":0,"href":"https:\/\/roulettes.vaniseo.top\/index.php\/wp-json\/wp\/v2\/product\/566\/revisions"}],"wp:featuredmedia":[{"embeddable":true,"href":"https:\/\/roulettes.vaniseo.top\/index.php\/wp-json\/wp\/v2\/media\/2153"}],"wp:attachment":[{"href":"https:\/\/roulettes.vaniseo.top\/index.php\/wp-json\/wp\/v2\/media?parent=566"}],"wp:term":[{"taxonomy":"product_cat","embeddable":true,"href":"https:\/\/roulettes.vaniseo.top\/index.php\/wp-json\/wp\/v2\/product_cat?post=566"},{"taxonomy":"product_tag","embeddable":true,"href":"https:\/\/roulettes.vaniseo.top\/index.php\/wp-json\/wp\/v2\/product_tag?post=566"}],"curies":[{"name":"wp","href":"https:\/\/api.w.org\/{rel}","templated":true}]}}