{"id":569,"date":"2022-04-04T16:22:08","date_gmt":"2022-04-04T14:22:08","guid":{"rendered":"https:\/\/roulettes.vaniseo.top\/index.php\/produit\/patere-murale-corail-tete-de-cerf-zoo-par-capventure\/"},"modified":"2022-04-04T17:22:14","modified_gmt":"2022-04-04T15:22:14","slug":"patere-murale-corail-tete-de-cerf-zoo-par-capventure","status":"publish","type":"product","link":"https:\/\/roulettes.vaniseo.top\/index.php\/produit\/patere-murale-corail-tete-de-cerf-zoo-par-capventure\/","title":{"rendered":"Pat\u00e8re murale corail t\u00eate de cerf, ZOO par Capventure"},"content":{"rendered":"<h3>Porte manteau animaux du zoo: le cerf corail par CapVenture<\/h3>\n<p>_x000D_n<strong>1001 Pat\u00e8res<\/strong> aime vous pr\u00e9senter de belles pat\u00e8res et en voici une ici! D\u00e9couvrez la <strong>pat\u00e8re murale corail t\u00eate de cerf<\/strong>. Elle appartient \u00e0 une <strong>collection ZOO d\u00e9sign\u00e9e par CapVenture<\/strong>._x000D_n_x000D_nRetrouvez certaines des collections CapVenture sur notre boutique en ligne. En effet, avec 1001 Pat\u00e8res, ayez plaisir \u00e0 retrouver de nombreux styles diff\u00e9rents de pat\u00e8res issues de designers internationaux, avec un seul point commun : un <strong>bon rapport qualit\u00e9 prix<\/strong>._x000D_n<\/p>\n<h3>T\u00eates animaux muraux ZOO comme pat\u00e8res sign\u00e9es CapVenture chez 1001 Pat\u00e8res<\/h3>\n<p>_x000D_nAinsi, dans la collection <strong>Zoo<\/strong>, retrouvez des <strong>t\u00eates d&rsquo;animaux \u00e0 fixer au mur, soit en couleur unique<\/strong> comme le:_x000D_n<\/p>\n<ul>_x000D_n \t<\/p>\n<li>L\u00e9opard<\/li>\n<p>_x000D_n \t<\/p>\n<li>Z\u00e8bre tropical<\/li>\n<p>_x000D_n \t<\/p>\n<li>Ours brun<\/li>\n<p>_x000D_n \t<\/p>\n<li>Faon fa\u00e7on Bambi<\/li>\n<p>_x000D_n \t<\/p>\n<li>Loup bleu<\/li>\n<p>_x000D_n \t<\/p>\n<li>Renard roux<\/li>\n<p>_x000D_n<\/ul>\n<p>_x000D_nSoit \u00e9galement<strong>\u00a0en de nombreuses couleurs<\/strong> comme le:_x000D_n<\/p>\n<ul>_x000D_n \t<\/p>\n<li>Elephant tropical, argent\u00e9, blanc laqu\u00e9, bleu laqu\u00e9, beige mat, b\u00e9ton, vert mat,<\/li>\n<p>_x000D_n \t<\/p>\n<li>Crocodile: beige et blanc<\/li>\n<p>_x000D_n \t<\/p>\n<li>Girafe: blanc laqu\u00e9, tropicale, cuivr\u00e9e, jaune laqu\u00e9, verte mat<\/li>\n<p>_x000D_n \t<\/p>\n<li>Elan: blanc laqu\u00e9, bleu p\u00e9trole, argent\u00e9, beige mat, noir laqu\u00e9, vert d\u2019eau<\/li>\n<p>_x000D_n \t<\/p>\n<li>Lapin: blanc laqu\u00e9, noir laqu\u00e9<\/li>\n<p>_x000D_n<\/ul>\n<p>_x000D_nOu encore comme le\u00a0<strong>cerf\u00a0<\/strong>pr\u00e9sent\u00e9 ici en <strong>corail<\/strong>, mais disponible\u00a0aussi en<strong><a href=\"https:\/\/1001pateres.com\/produit\/patere-design-zoo-tete-de-cerf-blanc\/\"> blanc<\/a>,<\/strong>\u00a0<strong><a href=\"https:\/\/1001pateres.com\/produit\/patere-design-zoo-tete-de-cerf-argente\/\">argent\u00e9<\/a>, et <a href=\"https:\/\/1001pateres.com\/produit\/patere-design-zoo-tete-de-cerf-noir\/\">noir<\/a>.<\/strong>_x000D_n_x000D_n&nbsp;_x000D_n<\/p>\n<h3>Pat\u00e8re murale corail t\u00eate de <strong>cerf<\/strong><\/h3>\n<p>_x000D_nD&rsquo;autre part, techniquement cette pat\u00e8re murale corail\u00a0est faite en <strong>r\u00e9sine tr\u00e8s r\u00e9sistante<\/strong>. Elle permet ainsi support de <strong>charge sup\u00e9rieur \u00e0 5 kilogrammes<\/strong>._x000D_n_x000D_nPour l&rsquo;installer, vous aimerez profiter d&rsquo;une <strong>solution rapide, facile mais surtout invisible<\/strong> donc parfaite pour votre d\u00e9coration d&rsquo;int\u00e9rieure. En effet, le colis comprend une vis et une cheville, qui imposera l&rsquo;utilisation d&rsquo;une perceuse._x000D_n_x000D_n<strong>Dimensions<\/strong>_x000D_n<\/p>\n<ul>_x000D_n \t<\/p>\n<li>La t\u00eate de cerf : 9 cm X 7 cm<\/li>\n<p>_x000D_n \t<\/p>\n<li>Ecartement du mur : 5 cm<\/li>\n<p>_x000D_n<\/ul>\n<p>_x000D_nEnfin, nos clients retiennent ce produit pour cr\u00e9er un<strong> univers d\u00e9coratif original et ludique<\/strong> bas\u00e9 sur les animaux du Zoo. Le cerf permet aussi de compl\u00e9ter une <strong>d\u00e9coration scandinave<\/strong>, comme en <strong>Laponie<\/strong>. Ils n&rsquo;h\u00e9sitent pas \u00e0 d\u00e9multiplier cette solution de rangement en s&rsquo;offrant non pas une t\u00eate d&rsquo;animal mais plusieurs&#8230;!<\/p>\n","protected":false},"excerpt":{"rendered":"<p>Pat\u00e8re design de la s\u00e9rie du ZOO en forme de t\u00eate de <strong>cerf corail<\/strong>.\u00a0Cette t\u00eate d&rsquo;animal du zoo de la marque <em><strong>CAPVENTURE<\/strong><\/em> est en r\u00e9sine.\u00a0Elle est \u00e0 poser dans la chambre ou dans l&rsquo;entr\u00e9e pour ne plus voir trainer ses affaires.<\/p>\n","protected":false},"featured_media":2163,"comment_status":"closed","ping_status":"open","template":"","meta":[],"product_cat":[16,32],"product_tag":[27],"class_list":["post-569","product","type-product","status-publish","has-post-thumbnail","hentry","product_cat-chambre-enfant","product_cat-entree-sejour","product_tag-crochet-patere-patere-design-patere-murale-patere-porte-pateres-porte-serviette-porte-torchon-vestiaire","description-off"],"_links":{"self":[{"href":"https:\/\/roulettes.vaniseo.top\/index.php\/wp-json\/wp\/v2\/product\/569","targetHints":{"allow":["GET"]}}],"collection":[{"href":"https:\/\/roulettes.vaniseo.top\/index.php\/wp-json\/wp\/v2\/product"}],"about":[{"href":"https:\/\/roulettes.vaniseo.top\/index.php\/wp-json\/wp\/v2\/types\/product"}],"replies":[{"embeddable":true,"href":"https:\/\/roulettes.vaniseo.top\/index.php\/wp-json\/wp\/v2\/comments?post=569"}],"version-history":[{"count":0,"href":"https:\/\/roulettes.vaniseo.top\/index.php\/wp-json\/wp\/v2\/product\/569\/revisions"}],"wp:featuredmedia":[{"embeddable":true,"href":"https:\/\/roulettes.vaniseo.top\/index.php\/wp-json\/wp\/v2\/media\/2163"}],"wp:attachment":[{"href":"https:\/\/roulettes.vaniseo.top\/index.php\/wp-json\/wp\/v2\/media?parent=569"}],"wp:term":[{"taxonomy":"product_cat","embeddable":true,"href":"https:\/\/roulettes.vaniseo.top\/index.php\/wp-json\/wp\/v2\/product_cat?post=569"},{"taxonomy":"product_tag","embeddable":true,"href":"https:\/\/roulettes.vaniseo.top\/index.php\/wp-json\/wp\/v2\/product_tag?post=569"}],"curies":[{"name":"wp","href":"https:\/\/api.w.org\/{rel}","templated":true}]}}