{"id":570,"date":"2022-04-04T16:22:08","date_gmt":"2022-04-04T14:22:08","guid":{"rendered":"https:\/\/roulettes.vaniseo.top\/index.php\/produit\/patere-murale-noire-tete-de-cerf-zoo-par-capventure\/"},"modified":"2022-04-04T17:22:14","modified_gmt":"2022-04-04T15:22:14","slug":"patere-murale-noire-tete-de-cerf-zoo-par-capventure","status":"publish","type":"product","link":"https:\/\/roulettes.vaniseo.top\/index.php\/produit\/patere-murale-noire-tete-de-cerf-zoo-par-capventure\/","title":{"rendered":"Pat\u00e8re murale noire t\u00eate de cerf, ZOO par Capventure"},"content":{"rendered":"<h3>Porte manteau animaux du zoo: le cerf noir laqu\u00e9 par CapVenture<\/h3>\n<p>_x000D_n1001 Pat\u00e8res vous propose un voyage dans les pays du Nord avec l&rsquo;ensemble des t\u00eates d&rsquo;animaux de la <strong>collection ZOO<\/strong>, notamment gr\u00e2ce \u00e0 cette <strong>pat\u00e8re murale noire t\u00eate de cerf<\/strong>. L&rsquo;ensemble des r\u00e9f\u00e9rences est sign\u00e9e par la marque des Pays-Bas, <a href=\"https:\/\/1001pateres.com\/brand\/capventure\/\"><strong>CapVenture<\/strong><\/a>._x000D_n_x000D_nD&rsquo;ailleurs, cette marque est l&rsquo;une des plus repr\u00e9sent\u00e9es sur notre <strong>site n\u00b01 en France<\/strong> de vente en ligne de pat\u00e8res, <strong>1001 Pat\u00e8res<\/strong>. De nombreuses t\u00eates d&rsquo;animaux vous attendent pour ranger et d\u00e9corer avec <strong>beaucoup d&rsquo;humour votre int\u00e9rieur d&rsquo;entreprise et de maison<\/strong>._x000D_n_x000D_n&nbsp;_x000D_n<\/p>\n<h3>Tete animaux mural de collection ZOO par CapVenture chez 1001 Pat\u00e8res<\/h3>\n<p>_x000D_nAinsi, retrouvez dans la collection <strong>Zoo<\/strong>, des <strong>t\u00eates en couleur unique<\/strong> comme le:_x000D_n<\/p>\n<ul>_x000D_n \t<\/p>\n<li>L\u00e9opard<\/li>\n<p>_x000D_n \t<\/p>\n<li>Z\u00e8bre tropical<\/li>\n<p>_x000D_n \t<\/p>\n<li>Ours brun<\/li>\n<p>_x000D_n \t<\/p>\n<li>Faon fa\u00e7on Bambi<\/li>\n<p>_x000D_n \t<\/p>\n<li>Loup bleu<\/li>\n<p>_x000D_n \t<\/p>\n<li>Renard roux<\/li>\n<p>_x000D_n<\/ul>\n<p>_x000D_nMais aussi des <strong>t\u00eates d&rsquo;animaux disponibles en de nombreuses couleurs<\/strong> comme le:_x000D_n<\/p>\n<ul>_x000D_n \t<\/p>\n<li>Elephant tropical, argent\u00e9, blanc laqu\u00e9, bleu laqu\u00e9, beige mat, b\u00e9ton, vert mat,<\/li>\n<p>_x000D_n \t<\/p>\n<li>Crocodile: beige et blanc<\/li>\n<p>_x000D_n \t<\/p>\n<li>Girafe: blanc laqu\u00e9, tropicale, cuivr\u00e9e, jaune laqu\u00e9, verte mat<\/li>\n<p>_x000D_n \t<\/p>\n<li>Elan: blanc laqu\u00e9, bleu p\u00e9trole, argent\u00e9, beige mat, noir laqu\u00e9, vert d&rsquo;eau<\/li>\n<p>_x000D_n \t<\/p>\n<li>Lapin: blanc laqu\u00e9, noir laqu\u00e9<\/li>\n<p>_x000D_n<\/ul>\n<p>_x000D_nOu encore comme le\u00a0<strong>cerf\u00a0<\/strong>pr\u00e9sent\u00e9 ici en noir, mais disponible\u00a0aussi en<strong> blanc,<\/strong>\u00a0<strong><a href=\"https:\/\/1001pateres.com\/produit\/patere-design-zoo-tete-de-cerf-argente\/\">argent\u00e9<\/a>, et <a href=\"https:\/\/1001pateres.com\/produit\/patere-design-zoo-tete-de-cerf-corail\/\">corail<\/a>.<\/strong>_x000D_n_x000D_n&nbsp;_x000D_n<\/p>\n<h3>Pat\u00e8re murale noire laqu\u00e9e t\u00eate de <strong>cerf<\/strong><\/h3>\n<p>_x000D_nCette pat\u00e8re murale t\u00eate de cerf\u00a0est en r\u00e9sine tr\u00e8s r\u00e9sistante. Elle permet de supporter une <strong>charge sup\u00e9rieure \u00e0 5 kg<\/strong>._x000D_n_x000D_nAinsi, vous pourrez vraiment l&rsquo;installer partout, o\u00f9 bon vous semble, car la majorit\u00e9 de vos affaires pourront y \u00eatre suspendu. Tenez juste compte de ses <strong>dimensions<\/strong>, \u00e0 savoir:_x000D_n<\/p>\n<ul>_x000D_n \t<\/p>\n<li>La t\u00eate de cerf : 9 cm X 7 cm<\/li>\n<p>_x000D_n \t<\/p>\n<li>Ecartement du mur : 5 cm<\/li>\n<p>_x000D_n<\/ul>\n<p>_x000D_nEnfin pour sa fixation, rien de plus, <strong>une vis et une cheville sont incluses<\/strong>. Il vous faudra vous munir d&rsquo;une perceuse. L&rsquo;ensemble de la fixation sera donc invisible une fois install\u00e9e._x000D_n_x000D_n&nbsp;_x000D_n_x000D_n<strong>Optez pour une ou plusieurs t\u00eates d&rsquo;animaux de la collection ZOO pour valoriser votre int\u00e9rieur avec humour et qualit\u00e9 pour moins de 10\u20ac pi\u00e8ce!<\/strong><\/p>\n","protected":false},"excerpt":{"rendered":"<p>Pat\u00e8re design de la s\u00e9rie du ZOO en forme de t\u00eate de <strong>cerf noir laqu\u00e9<\/strong>.\u00a0Cette t\u00eate d&rsquo;animal du zoo de la marque <em><strong>CAPVENTURE<\/strong><\/em> est en r\u00e9sine.\u00a0Elle est \u00e0 poser dans la chambre ou dans l&rsquo;entr\u00e9e pour ne plus voir trainer ses affaires.<\/p>\n","protected":false},"featured_media":2164,"comment_status":"closed","ping_status":"open","template":"","meta":[],"product_cat":[16,32],"product_tag":[27],"class_list":["post-570","product","type-product","status-publish","has-post-thumbnail","hentry","product_cat-chambre-enfant","product_cat-entree-sejour","product_tag-crochet-patere-patere-design-patere-murale-patere-porte-pateres-porte-serviette-porte-torchon-vestiaire","description-off"],"_links":{"self":[{"href":"https:\/\/roulettes.vaniseo.top\/index.php\/wp-json\/wp\/v2\/product\/570","targetHints":{"allow":["GET"]}}],"collection":[{"href":"https:\/\/roulettes.vaniseo.top\/index.php\/wp-json\/wp\/v2\/product"}],"about":[{"href":"https:\/\/roulettes.vaniseo.top\/index.php\/wp-json\/wp\/v2\/types\/product"}],"replies":[{"embeddable":true,"href":"https:\/\/roulettes.vaniseo.top\/index.php\/wp-json\/wp\/v2\/comments?post=570"}],"version-history":[{"count":0,"href":"https:\/\/roulettes.vaniseo.top\/index.php\/wp-json\/wp\/v2\/product\/570\/revisions"}],"wp:featuredmedia":[{"embeddable":true,"href":"https:\/\/roulettes.vaniseo.top\/index.php\/wp-json\/wp\/v2\/media\/2164"}],"wp:attachment":[{"href":"https:\/\/roulettes.vaniseo.top\/index.php\/wp-json\/wp\/v2\/media?parent=570"}],"wp:term":[{"taxonomy":"product_cat","embeddable":true,"href":"https:\/\/roulettes.vaniseo.top\/index.php\/wp-json\/wp\/v2\/product_cat?post=570"},{"taxonomy":"product_tag","embeddable":true,"href":"https:\/\/roulettes.vaniseo.top\/index.php\/wp-json\/wp\/v2\/product_tag?post=570"}],"curies":[{"name":"wp","href":"https:\/\/api.w.org\/{rel}","templated":true}]}}