{"id":571,"date":"2022-04-04T16:22:08","date_gmt":"2022-04-04T14:22:08","guid":{"rendered":"https:\/\/roulettes.vaniseo.top\/index.php\/produit\/patere-murale-blanche-tete-de-cerf-zoo-par-capventure\/"},"modified":"2022-04-04T17:22:14","modified_gmt":"2022-04-04T15:22:14","slug":"patere-murale-blanche-tete-de-cerf-zoo-par-capventure","status":"publish","type":"product","link":"https:\/\/roulettes.vaniseo.top\/index.php\/produit\/patere-murale-blanche-tete-de-cerf-zoo-par-capventure\/","title":{"rendered":"Pat\u00e8re murale blanche t\u00eate de cerf, ZOO par Capventure"},"content":{"rendered":"<h3>Porte manteau animaux du zoo: le cerf blanc par CapVenture<\/h3>\n<p>_x000D_nEnvie d&rsquo;une <strong>ambiance Zoo<\/strong> \u00e0 la maison ou au bureau? Optez pour la <strong>collection<\/strong> du m\u00eame nom, notamment avec une <strong>pat\u00e8re murale blanche t\u00eate de cerf<\/strong> de chez <strong><a href=\"https:\/\/1001pateres.com\/brand\/capventure\/\">CapVenture<\/a><\/strong>._x000D_n_x000D_nEn effet, <strong>1001 Pat\u00e8res<\/strong> vous propose de <strong>nombreux styles de porte manteaux<\/strong> pour <strong>optimiser la d\u00e9coration et le rangement<\/strong> de votre int\u00e9rieur de maison ou d&rsquo;entreprise. Ainsi, elle a notamment choisi <a href=\"https:\/\/www.capventure.com\/\">CapVenture<\/a>, une marque originale des Pays-Bas. C&rsquo;est l&rsquo;une de plus repr\u00e9sent\u00e9es sur ce <strong>site n\u00b01 en France de la vente de pat\u00e8res<\/strong>._x000D_n_x000D_n&nbsp;_x000D_n<\/p>\n<h3>Tete animaux mural de collection ZOO par CapVenture chez 1001 Pat\u00e8res<\/h3>\n<p>_x000D_nAinsi, retrouvez dans la collection <strong>Zoo<\/strong>, la t\u00eate de:_x000D_n<\/p>\n<ul>_x000D_n \t<\/p>\n<li>Elephant tropical, argent\u00e9, blanc laqu\u00e9, bleu laqu\u00e9, beige mat, b\u00e9ton, vert mat,<\/li>\n<p>_x000D_n \t<\/p>\n<li>Crocodile: beige et blanc<\/li>\n<p>_x000D_n \t<\/p>\n<li>Girafe: blanc laqu\u00e9, tropicale, cuivr\u00e9e, jaune laqu\u00e9, verte mat<\/li>\n<p>_x000D_n \t<\/p>\n<li>L\u00e9opard<\/li>\n<p>_x000D_n \t<\/p>\n<li>Z\u00e8bre tropical<\/li>\n<p>_x000D_n \t<\/p>\n<li>Ours brun<\/li>\n<p>_x000D_n \t<\/p>\n<li>Faon fa\u00e7on Bambi<\/li>\n<p>_x000D_n \t<\/p>\n<li>Loup bleu<\/li>\n<p>_x000D_n \t<\/p>\n<li>Renard roux<\/li>\n<p>_x000D_n \t<\/p>\n<li>Elan: blanc laqu\u00e9, bleu p\u00e9trole, argent\u00e9, beige mat, noir laqu\u00e9, vert d&rsquo;eau<\/li>\n<p>_x000D_n \t<\/p>\n<li>Lapin: blanc laqu\u00e9, noir laqu\u00e9<\/li>\n<p>_x000D_n<\/ul>\n<p>_x000D_nQuand au <strong>cerf<\/strong>, celui-ci est disponible comme ici en <strong>blanc<\/strong> mais aussi <strong><a href=\"https:\/\/1001pateres.com\/produit\/patere-design-zoo-tete-de-cerf-argente\/\">argent\u00e9<\/a>, <a href=\"https:\/\/1001pateres.com\/produit\/patere-design-zoo-tete-de-cerf-corail\/\">corail<\/a>, et <a href=\"https:\/\/1001pateres.com\/produit\/patere-design-zoo-tete-de-cerf-noir\/\">noir laqu\u00e9<\/a>.<\/strong>_x000D_n_x000D_n&nbsp;_x000D_n<\/p>\n<h3>Pat\u00e8re murale blanche t\u00eate de <strong>cerf blanc laqu\u00e9<\/strong><\/h3>\n<p>_x000D_nCette t\u00eate d&rsquo;animal de la s\u00e9rie ZOO par\u00a0CAPVENTURE, comme toutes les autres t\u00eates, est <strong>en r\u00e9sine<\/strong>. Cette mati\u00e8re lui conf\u00e8re une tr\u00e8s bonne r\u00e9sistante face \u00e0 une fr\u00e9quente utilisation. La pat\u00e8re murale blanche permet un support de <strong>charge sup\u00e9rieur \u00e0 5 kilogrammes<\/strong>._x000D_n_x000D_nElle comporte un syst\u00e8me d&rsquo;accrochage avec <strong>une vis et une cheville incluses<\/strong>. Il vous faudra simplement une perceuse pour r\u00e9aliser cette <strong>installation avec rapidit\u00e9 et simplicit\u00e9<\/strong>._x000D_n_x000D_n<strong>Dimensions:<\/strong>_x000D_n<\/p>\n<ul>_x000D_n \t<\/p>\n<li>La t\u00eate de cerf : 9 cm X 7 cm<\/li>\n<p>_x000D_n \t<\/p>\n<li>Ecartement du mur : 5 cm<\/li>\n<p>_x000D_n<\/ul>\n<p>_x000D_nNos clients ont choisi cette pat\u00e8re murale blanche en t\u00eate de cerf pour son \u00e9vocation de la <strong>Laponie<\/strong> et de la <strong>Nature<\/strong>. Avec ce <strong>modernisme<\/strong> parfait, c&rsquo;est tout un <strong>univers scandinave<\/strong> qui s&rsquo;ouvre \u00e0 vous. \u00a0Sans \u00eatre trop imposante, elle permet bien s\u00fbr d&rsquo;optimiser le rangement._x000D_n_x000D_nN&rsquo;h\u00e9sitez pas bien s\u00fbr \u00e0 <strong>additionner les t\u00eates d&rsquo;animaux<\/strong> pour un style original avec toujours plus de rangements humoristiques.<\/p>\n","protected":false},"excerpt":{"rendered":"<p>Pat\u00e8re design de la s\u00e9rie du ZOO en forme de t\u00eate de <strong>cerf blanc laqu\u00e9<\/strong>.\u00a0Cette t\u00eate d&rsquo;animal du zoo de la marque <em><strong>CAPVENTURE<\/strong><\/em> est en r\u00e9sine.\u00a0Elle est \u00e0 poser dans la chambre ou dans l&rsquo;entr\u00e9e pour ne plus voir trainer ses affaires.<\/p>\n","protected":false},"featured_media":2165,"comment_status":"closed","ping_status":"open","template":"","meta":[],"product_cat":[16,32],"product_tag":[27],"class_list":["post-571","product","type-product","status-publish","has-post-thumbnail","hentry","product_cat-chambre-enfant","product_cat-entree-sejour","product_tag-crochet-patere-patere-design-patere-murale-patere-porte-pateres-porte-serviette-porte-torchon-vestiaire","description-off"],"_links":{"self":[{"href":"https:\/\/roulettes.vaniseo.top\/index.php\/wp-json\/wp\/v2\/product\/571","targetHints":{"allow":["GET"]}}],"collection":[{"href":"https:\/\/roulettes.vaniseo.top\/index.php\/wp-json\/wp\/v2\/product"}],"about":[{"href":"https:\/\/roulettes.vaniseo.top\/index.php\/wp-json\/wp\/v2\/types\/product"}],"replies":[{"embeddable":true,"href":"https:\/\/roulettes.vaniseo.top\/index.php\/wp-json\/wp\/v2\/comments?post=571"}],"version-history":[{"count":0,"href":"https:\/\/roulettes.vaniseo.top\/index.php\/wp-json\/wp\/v2\/product\/571\/revisions"}],"wp:featuredmedia":[{"embeddable":true,"href":"https:\/\/roulettes.vaniseo.top\/index.php\/wp-json\/wp\/v2\/media\/2165"}],"wp:attachment":[{"href":"https:\/\/roulettes.vaniseo.top\/index.php\/wp-json\/wp\/v2\/media?parent=571"}],"wp:term":[{"taxonomy":"product_cat","embeddable":true,"href":"https:\/\/roulettes.vaniseo.top\/index.php\/wp-json\/wp\/v2\/product_cat?post=571"},{"taxonomy":"product_tag","embeddable":true,"href":"https:\/\/roulettes.vaniseo.top\/index.php\/wp-json\/wp\/v2\/product_tag?post=571"}],"curies":[{"name":"wp","href":"https:\/\/api.w.org\/{rel}","templated":true}]}}