{"id":573,"date":"2022-04-04T16:22:08","date_gmt":"2022-04-04T14:22:08","guid":{"rendered":"https:\/\/roulettes.vaniseo.top\/index.php\/produit\/porte-manteau-vestiaire-noir-design-anya-de-tomasucci\/"},"modified":"2022-04-04T17:22:15","modified_gmt":"2022-04-04T15:22:15","slug":"porte-manteau-vestiaire-noir-design-anya-de-tomasucci","status":"publish","type":"product","link":"https:\/\/roulettes.vaniseo.top\/index.php\/produit\/porte-manteau-vestiaire-noir-design-anya-de-tomasucci\/","title":{"rendered":"Porte manteau vestiaire noir design ANYA de TOMASUCCI"},"content":{"rendered":"<h3>Vestiaire m\u00e9tal noir et bois Anya de TOMASUCCI<\/h3>\n<p>_x000D_n1001 Pat\u00e8res vous propose de d\u00e9couvrir ici le design <a href=\"https:\/\/www.tomasucci.com\/index.php\/it\/\" target=\"_blank\" rel=\"noopener\">Tomasucci<\/a> avec le mod\u00e8le <strong>Anya<\/strong> d&rsquo;un <strong>porte manteau vestiaire noir design<\/strong>. Nous vous livrons ci dessous quelques astuces d&rsquo;<strong>installation<\/strong> et de nombreuses <strong>informations produits<\/strong>._x000D_n_x000D_nD\u00e9couvrez donc tout d&rsquo;abord la marque <strong><a href=\"https:\/\/1001pateres.com\/brand\/tomasucci\">Tomasucci<\/a><\/strong>. Ce <strong>designer italien<\/strong> propose un <strong>style contemporain vari\u00e9<\/strong>, mais essentiellement le travail du <strong>bois<\/strong> et du <strong>m\u00e9tal<\/strong>, dans des coloris <strong>acier<\/strong>, <strong>blanc<\/strong> et <strong>bois<\/strong>. Les lignes sont minimalistes mais l&rsquo;utilit\u00e9 grande. C&rsquo;est le cas pour les r\u00e9f\u00e9rences multifonctions type <a href=\"https:\/\/1001pateres.com\/produit\/vestiaire-design-multifonctions-tomasucci-bucaneve-a\/\">Bucaneve-A<\/a> ou encore <a href=\"https:\/\/1001pateres.com\/produit\/patere-boite-a-cles-entree-tomasucci-chiavi-blanc\/\">Chiavi<\/a>. Celles-ci sont \u00e0 la fois porte manteau, et porte accessoires (pour l&rsquo;un vide poche et porte parapluie, pour l&rsquo;autre range cl\u00e9s)._x000D_n_x000D_nIci encore, avec le mod\u00e8le <strong>Anya<\/strong>, on retrouve ce travail combin\u00e9 du <strong>m\u00e9tal et du bois<\/strong>._x000D_n_x000D_nEn effet, ce vestiaire est un <strong>produit mural en\u00a0m\u00e9tal et bois compress\u00e9 noir mat<\/strong>.\u00a0Il est donc recommand\u00e9 pour une <strong>entr\u00e9e<\/strong> mais peut aussi optimiser le rangement d&rsquo;une <strong>chambre<\/strong> ou d&rsquo;un <strong>bureau<\/strong> pour ne plus voir trainer ses affaires._x000D_n_x000D_nPar ailleurs, ce porte manteau vestiaire est <strong>vraiment pratique<\/strong> avec une armature m\u00e9tal et <strong>6 pat\u00e8res<\/strong> en bois noir._x000D_n_x000D_n&nbsp;_x000D_n<\/p>\n<h3>Installer un porte manteau vestiaire Anya<\/h3>\n<p>_x000D_nEn outre, le syst\u00e8me d&rsquo;accrochage du mod\u00e8le Anya est simple. Il permet de l&rsquo;installer au mur rapidement avec <strong>vis et chevilles incluses<\/strong>. Seule une perceuse est n\u00e9cessaire pour ce faire._x000D_n_x000D_nOriginal et de belle qualit\u00e9, i<span style=\"line-height: 1.5\">l mettra par cons\u00e9quent, une touche de modernit\u00e9 dans votre int\u00e9rieur. Optez plut\u00f4t pour une <strong>suspension sur un mur de couleur claire<\/strong> permettant ainsi de le valoriser par contraste.<\/span>_x000D_n_x000D_n<span style=\"line-height: 1.5\">Enfin, pensez \u00e0 tenir compte de ses dimensions:<\/span>_x000D_n<\/p>\n<ul>_x000D_n \t<\/p>\n<li>Dim 50 cm X 25 cm<\/li>\n<p>_x000D_n \t<\/p>\n<li>Ecartement du mur 6 cm<\/li>\n<p>_x000D_n<\/ul>\n<p>_x000D_nPensez \u00e0 contacter 1001 Pat\u00e8res pour davantage d&rsquo;informations produits via la page Contact de ce site. Il est aussi possible de demander un devis sp\u00e9cifique en cas de commande en nombre important.<\/p>\n","protected":false},"excerpt":{"rendered":"<p>Vestiaire porte-manteaux mural au design italien en m\u00e9tal et bois noir de la marque <em><strong>TOMASUCCI<\/strong><\/em>\u00a0mod\u00e8le <strong>ANYA.<\/strong>\u00a0C&rsquo;est pourquoi, elle est id\u00e9ale dans l&rsquo;entr\u00e9e\u00a0pour ne plus voir trainer ses affaires.\u00a0Ce porte-manteau de rangement est, de ce fait, pratique en m\u00e9tal noir avec ses 6 pat\u00e8res en bois noir. Sa pose n\u00e9cessite l&rsquo;usage d&rsquo;une perceuse.<\/p>\n","protected":false},"featured_media":2168,"comment_status":"closed","ping_status":"open","template":"","meta":[],"product_cat":[19,32,21,22],"product_tag":[25],"class_list":["post-573","product","type-product","status-publish","has-post-thumbnail","hentry","product_cat-collectivite","product_cat-entree-sejour","product_cat-entreprise","product_cat-pro","product_tag-crochet-patere-patere-design-patere-murale-patere-porte-pateres-porte-manteau-porte-serviette-porte-torchon-vestiaire","description-off"],"_links":{"self":[{"href":"https:\/\/roulettes.vaniseo.top\/index.php\/wp-json\/wp\/v2\/product\/573","targetHints":{"allow":["GET"]}}],"collection":[{"href":"https:\/\/roulettes.vaniseo.top\/index.php\/wp-json\/wp\/v2\/product"}],"about":[{"href":"https:\/\/roulettes.vaniseo.top\/index.php\/wp-json\/wp\/v2\/types\/product"}],"replies":[{"embeddable":true,"href":"https:\/\/roulettes.vaniseo.top\/index.php\/wp-json\/wp\/v2\/comments?post=573"}],"version-history":[{"count":0,"href":"https:\/\/roulettes.vaniseo.top\/index.php\/wp-json\/wp\/v2\/product\/573\/revisions"}],"wp:featuredmedia":[{"embeddable":true,"href":"https:\/\/roulettes.vaniseo.top\/index.php\/wp-json\/wp\/v2\/media\/2168"}],"wp:attachment":[{"href":"https:\/\/roulettes.vaniseo.top\/index.php\/wp-json\/wp\/v2\/media?parent=573"}],"wp:term":[{"taxonomy":"product_cat","embeddable":true,"href":"https:\/\/roulettes.vaniseo.top\/index.php\/wp-json\/wp\/v2\/product_cat?post=573"},{"taxonomy":"product_tag","embeddable":true,"href":"https:\/\/roulettes.vaniseo.top\/index.php\/wp-json\/wp\/v2\/product_tag?post=573"}],"curies":[{"name":"wp","href":"https:\/\/api.w.org\/{rel}","templated":true}]}}