{"id":574,"date":"2022-04-04T16:22:08","date_gmt":"2022-04-04T14:22:08","guid":{"rendered":"https:\/\/roulettes.vaniseo.top\/index.php\/produit\/porte-manteau-design-chat-plexi-noir-abito-de-petrozzi\/"},"modified":"2022-04-04T17:22:15","modified_gmt":"2022-04-04T15:22:15","slug":"porte-manteau-design-chat-plexi-noir-abito-de-petrozzi","status":"publish","type":"product","link":"https:\/\/roulettes.vaniseo.top\/index.php\/produit\/porte-manteau-design-chat-plexi-noir-abito-de-petrozzi\/","title":{"rendered":"Porte manteau design Chat plexi noir ABITO de PETROZZI"},"content":{"rendered":"<h3>Porte manteau mural design plexiglass noir Chat PETROZZI<\/h3>\n<p>_x000D_n<strong>1001 Pat\u00e8res<\/strong> vous pr\u00e9sente ici tous les d\u00e9tails du <strong>porte manteau design<\/strong> en forme de <strong>Chat en plexi noir<\/strong>. Il est r\u00e9f\u00e9renc\u00e9 sous le nom de <strong>Abito<\/strong> par la marque <a href=\"https:\/\/www.petrozzidesign.com\" target=\"_blank\" rel=\"noopener\">PETROZZI<\/a>._x000D_n_x000D_nD\u00e9couvrez toutes les <strong>informations techniques<\/strong> de ce produit et nos <strong>meilleurs conseils d&rsquo;installation<\/strong> ci-dessous._x000D_n_x000D_nTout d&rsquo;abord, commen\u00e7ons par d\u00e9voiler quelle est cette <strong>marque<\/strong>: <a href=\"https:\/\/1001pateres.com\/brand\/petrozzi\/\">Petrozzi<\/a>. <strong>Italienne<\/strong>, elle propose principalement des r\u00e9f\u00e9rences de <strong>porte manteau en plexiglass<\/strong>. Ainsi, ici, d\u00e9couvrez la collection <strong>Abiti Kids<\/strong> au design de fille et gar\u00e7on en noir, blanc, transparent et fum\u00e9. <strong>Abito<\/strong> pr\u00e9sent\u00e9 ici, est dans le m\u00eame esprit en forme de <span style=\"text-decoration: underline\">chien<\/span> et de chat, mais exclusivement en noir. Enfin, la derni\u00e8re pr\u00e9sente sur ce site est <strong>Adele<\/strong>. Elle reprend\u00a0la forme tr\u00e8s classique du double crochet, mais aux couleurs vraiment flashy!\u00a0Par ailleurs, sachez que tous les porte manteaux Petrozzi peuvent \u00eatre utilis\u00e9s de mani\u00e8re polyvalente. Comme porte-serviette moderne design en plexiglass et aussi comme porte-\u00e9charpe ou porte-v\u00eatement par exemple._x000D_n_x000D_nEnsuite, concr\u00e8tement ce porte manteau design Chat noir est en <strong>plexiglass d\u00e9coup\u00e9<\/strong>. Il est \u00e0 retrouver sous la d\u00e9nomination\u00a0<b><i>ABITO<\/i><\/b>\u00a0chez\u00a0<b>PETROZZI<\/b>. Cette pat\u00e8re comporte un syst\u00e8me d&rsquo;accrochage par vis \u00e0 mettre dans une cheville fournie. Il est facile \u00e0 installer mais n\u00e9cessite une perceuse. Ses <strong>dimensions<\/strong> sont:_x000D_n<\/p>\n<ul>_x000D_n \t<\/p>\n<li>La pat\u00e8re 8 cm X 7,5 cm<\/li>\n<p>_x000D_n \t<\/p>\n<li>Ecartement du mur 4 cm<\/li>\n<p>_x000D_n<\/ul>\n<p>_x000D_nCette pat\u00e8re s&rsquo;adapte facilement \u00e0 toute <strong>d\u00e9coration int\u00e9rieure dans la maison<\/strong>. Une chambre comme un salon accueilleront ce petit chat avec <strong>\u00e9l\u00e9gance et modernit\u00e9<\/strong>. Ce porte manteau design Chat sait se faire <strong>discret mais indispensable<\/strong>. En effet, particuli\u00e8rement dans la <strong>salle de bain<\/strong>, vous appr\u00e9cierez utilis\u00e9 une pat\u00e8re inoxydable. Le <strong>plexi est robuste face \u00e0 l&rsquo;humidit\u00e9<\/strong> et m\u00eame \u00e0 l&rsquo;eau._x000D_n_x000D_nN&rsquo;h\u00e9sitez pas \u00e0 contacter 1001 Pat\u00e8res pour plus d&rsquo;informations au sujet de cette r\u00e9f\u00e9rence ou pour un devis d\u00e9di\u00e9 \u00e0 d&rsquo;importantes quantit\u00e9s \u00e0 commander.<\/p>\n","protected":false},"excerpt":{"rendered":"<p>Porte-serviette, porte-manteau moderne design en plexiglass qui peut servir de porte-\u00e9charpe ou porte-v\u00eatement par exemple.\u00a0Il s&rsquo;agit du mod\u00e8le <em><strong>ABITO<\/strong><\/em> en forme de chat noir de la marque <b>PETROZZI<\/b>.\u00a0Cette pat\u00e8re particuli\u00e8rement adapt\u00e9e pour les salles de bain est de belle qualit\u00e9 et tr\u00e8s r\u00e9sistante \u00e0 l&rsquo;arrachement.<\/p>\n","protected":false},"featured_media":2171,"comment_status":"closed","ping_status":"open","template":"","meta":[],"product_cat":[29,32,17],"product_tag":[37],"class_list":["post-574","product","type-product","status-publish","has-post-thumbnail","hentry","product_cat-chambre-adulte","product_cat-entree-sejour","product_cat-salle-de-bain","product_tag-crochet-patere-patere-design-patere-murale-patere-porte-pateres-porte-chapeau-porte-serviette-porte-torchon-vestiaire","description-off"],"_links":{"self":[{"href":"https:\/\/roulettes.vaniseo.top\/index.php\/wp-json\/wp\/v2\/product\/574","targetHints":{"allow":["GET"]}}],"collection":[{"href":"https:\/\/roulettes.vaniseo.top\/index.php\/wp-json\/wp\/v2\/product"}],"about":[{"href":"https:\/\/roulettes.vaniseo.top\/index.php\/wp-json\/wp\/v2\/types\/product"}],"replies":[{"embeddable":true,"href":"https:\/\/roulettes.vaniseo.top\/index.php\/wp-json\/wp\/v2\/comments?post=574"}],"version-history":[{"count":0,"href":"https:\/\/roulettes.vaniseo.top\/index.php\/wp-json\/wp\/v2\/product\/574\/revisions"}],"wp:featuredmedia":[{"embeddable":true,"href":"https:\/\/roulettes.vaniseo.top\/index.php\/wp-json\/wp\/v2\/media\/2171"}],"wp:attachment":[{"href":"https:\/\/roulettes.vaniseo.top\/index.php\/wp-json\/wp\/v2\/media?parent=574"}],"wp:term":[{"taxonomy":"product_cat","embeddable":true,"href":"https:\/\/roulettes.vaniseo.top\/index.php\/wp-json\/wp\/v2\/product_cat?post=574"},{"taxonomy":"product_tag","embeddable":true,"href":"https:\/\/roulettes.vaniseo.top\/index.php\/wp-json\/wp\/v2\/product_tag?post=574"}],"curies":[{"name":"wp","href":"https:\/\/api.w.org\/{rel}","templated":true}]}}