{"id":575,"date":"2022-04-04T16:22:08","date_gmt":"2022-04-04T14:22:08","guid":{"rendered":"https:\/\/roulettes.vaniseo.top\/index.php\/produit\/porte-manteau-mural-chien-plexi-noir-abito-de-petrozzi\/"},"modified":"2022-04-04T17:22:16","modified_gmt":"2022-04-04T15:22:16","slug":"porte-manteau-mural-chien-plexi-noir-abito-de-petrozzi","status":"publish","type":"product","link":"https:\/\/roulettes.vaniseo.top\/index.php\/produit\/porte-manteau-mural-chien-plexi-noir-abito-de-petrozzi\/","title":{"rendered":"Porte manteau mural Chien plexi noir Abito de PETROZZI"},"content":{"rendered":"<h3>Pat\u00e8re design italien chien plexi noir PETROZZI ABITO<\/h3>\n<p>_x000D_n<strong>1001 Pat\u00e8res<\/strong> vous propose de nombreuses informations ci dessous concernant le <strong>porte manteau mural chien plexi noir Abito<\/strong> de chez <a href=\"https:\/\/www.petrozzidesign.com\/\" target=\"_blank\" rel=\"noopener\"><strong>Petrozzi<\/strong><\/a>. En effet, retrouvez des <strong>astuces d&rsquo;installation<\/strong> et des <strong>informations techniques utiles<\/strong> \u00e0 conna\u00eetre avant tout achat!_x000D_n_x000D_nTout d&rsquo;abord comme tous les produits <a href=\"https:\/\/1001pateres.com\/brand\/petrozzi\/\"><strong>Petrozzi<\/strong><\/a>, ce <strong>porte manteau mural Chien<\/strong> peut autant faire office de porte-serviette, que de porte-\u00e9charpe ou porte-v\u00eatement. D&rsquo;ailleurs Petrozzi est une <strong>marque italienne<\/strong> proposant de nombreuses collections de <strong>pat\u00e8res en plexiglass<\/strong>. Chez 1001 Pat\u00e8res, retrouvez <strong>Abiti Kids<\/strong>, <strong>Abito<\/strong>, et <strong>Ad\u00e8le<\/strong>. La premi\u00e8re cit\u00e9e reprend des formes enfantines de gar\u00e7on et de fille. La seconde, Abito, est dans le m\u00eame esprit mais en forme de <strong>chien<\/strong> et de <a href=\"https:\/\/1001pateres.com\/produit\/patere-design-italien-chat-plexi-noir-petrozzi-abito\/\">chat<\/a>. Enfin, Adele, est une forme classique de double crochet classique aux coloris ultra fluo!_x000D_n_x000D_nToutefois, ici, il s&rsquo;agit d&rsquo;une pat\u00e8re au design italien repr\u00e9sentant un chien en plexiglass d\u00e9coup\u00e9 noir\u00a0du mod\u00e8le <b><i>ABITO<\/i><\/b>\u00a0de la marque <b>PETROZZI<\/b>. Cette pat\u00e8re s&rsquo;adapte donc facilement \u00e0 toute d\u00e9coration int\u00e9rieure dans la maison \u00a0mais peut se montrer indispensable dans une <strong>salle de bain<\/strong>. En effet, le <strong>plexiglass est inoxydable<\/strong> et r\u00e9siste donc tr\u00e8s bien \u00e0 toute forme d&rsquo;humidit\u00e9._x000D_n_x000D_nEnfin, du fait que celle-ci soit noire, il sera pr\u00e9f\u00e9rable de le mettre sur un mur de la m\u00eame couleur pour jouer la carte du design. Ou, il est aussi possible de l&rsquo;installer sur un mur blanc pour jouer sur les contrastes._x000D_n_x000D_n&nbsp;_x000D_n<\/p>\n<h3>Installation de porte manteau mural chien en plexi noir<\/h3>\n<p>_x000D_nC\u00f4t\u00e9 <strong>installation<\/strong>, la <strong>pat\u00e8re design italien<\/strong> comporte un syst\u00e8me d&rsquo;accrochage par vis \u00e0 mettre dans une cheville fournie. Vous remarquerez sa facilit\u00e9\u00a0\u00e0 l&rsquo;installer m\u00eame si elle n\u00e9cessite une perceuse. Voici ses dimensions:_x000D_n<\/p>\n<ul>_x000D_n \t<\/p>\n<li>La pat\u00e8re plexi Chien Abito: 8 cm X 6 cm<\/li>\n<p>_x000D_n \t<\/p>\n<li>Ecartement du mur: 4 cm<\/li>\n<p>_x000D_n<\/ul>\n<p>_x000D_nContactez nous pour toute question compl\u00e9mentaire ou pour un devis au meilleur prix pour d&rsquo;importantes quantit\u00e9s commandables.<\/p>\n","protected":false},"excerpt":{"rendered":"<p>Porte-serviette, porte-manteau moderne design en plexiglass qui peut servir de porte-\u00e9charpe ou porte-v\u00eatement par exemple.\u00a0Il s&rsquo;agit du mod\u00e8le <em><strong>ABITO<\/strong><\/em> en forme de chien noir de la marque <b>PETROZZI<\/b>.\u00a0Cette pat\u00e8re particuli\u00e8rement adapt\u00e9e pour les salles de bain est de belle qualit\u00e9 et tr\u00e8s r\u00e9sistante \u00e0 l&rsquo;arrachement.<\/p>\n","protected":false},"featured_media":2174,"comment_status":"closed","ping_status":"open","template":"","meta":[],"product_cat":[29,32,17],"product_tag":[41],"class_list":["post-575","product","type-product","status-publish","has-post-thumbnail","hentry","product_cat-chambre-adulte","product_cat-entree-sejour","product_cat-salle-de-bain","product_tag-crochet-patere-patere-design-patere-murale-patere-porte-pateres-porte-chapeau","description-off"],"_links":{"self":[{"href":"https:\/\/roulettes.vaniseo.top\/index.php\/wp-json\/wp\/v2\/product\/575","targetHints":{"allow":["GET"]}}],"collection":[{"href":"https:\/\/roulettes.vaniseo.top\/index.php\/wp-json\/wp\/v2\/product"}],"about":[{"href":"https:\/\/roulettes.vaniseo.top\/index.php\/wp-json\/wp\/v2\/types\/product"}],"replies":[{"embeddable":true,"href":"https:\/\/roulettes.vaniseo.top\/index.php\/wp-json\/wp\/v2\/comments?post=575"}],"version-history":[{"count":0,"href":"https:\/\/roulettes.vaniseo.top\/index.php\/wp-json\/wp\/v2\/product\/575\/revisions"}],"wp:featuredmedia":[{"embeddable":true,"href":"https:\/\/roulettes.vaniseo.top\/index.php\/wp-json\/wp\/v2\/media\/2174"}],"wp:attachment":[{"href":"https:\/\/roulettes.vaniseo.top\/index.php\/wp-json\/wp\/v2\/media?parent=575"}],"wp:term":[{"taxonomy":"product_cat","embeddable":true,"href":"https:\/\/roulettes.vaniseo.top\/index.php\/wp-json\/wp\/v2\/product_cat?post=575"},{"taxonomy":"product_tag","embeddable":true,"href":"https:\/\/roulettes.vaniseo.top\/index.php\/wp-json\/wp\/v2\/product_tag?post=575"}],"curies":[{"name":"wp","href":"https:\/\/api.w.org\/{rel}","templated":true}]}}