{"id":577,"date":"2022-04-04T16:22:11","date_gmt":"2022-04-04T14:22:11","guid":{"rendered":"https:\/\/roulettes.vaniseo.top\/index.php\/produit\/porte-manteau-design-garcon-plexi-blanc-petrozzi-abiti-kids\/"},"modified":"2022-04-04T17:22:18","modified_gmt":"2022-04-04T15:22:18","slug":"porte-manteau-design-garcon-plexi-blanc-petrozzi-abiti-kids","status":"publish","type":"product","link":"https:\/\/roulettes.vaniseo.top\/index.php\/produit\/porte-manteau-design-garcon-plexi-blanc-petrozzi-abiti-kids\/","title":{"rendered":"Porte manteau design Gar\u00e7on plexi blanc PETROZZI ABITI KIDS"},"content":{"rendered":"<h3>Porte manteau mural plexiglass blanc PETROZZI<\/h3>\n<p>_x000D_n1001 Pat\u00e8res vous propose le <strong>porte manteau design Gar\u00e7on plexi blanc<\/strong> de la collection <strong>ABITI KIDS<\/strong> par <a href=\"https:\/\/www.petrozzidesign.com\/\" target=\"_blank\" rel=\"noopener\"><strong>Petrozzi<\/strong><\/a>. Ci-apr\u00e8s d\u00e9couvrez nos conseils d&rsquo;<strong>am\u00e9nagement<\/strong> et ses <strong>caract\u00e9ristiques<\/strong> techniques._x000D_n_x000D_nMais commen\u00e7ons rapidement par une pr\u00e9sentation de <a href=\"https:\/\/1001pateres.com\/brand\/petrozzi\/\">Petrozzi<\/a>. Cette marque italienne propose des <strong>objets de d\u00e9coration ultra design<\/strong>, tout en <strong>plexiglass<\/strong>. Le plexiglass <strong>d\u00e9coup\u00e9<\/strong> et <strong>color\u00e9<\/strong> offre une <strong>modernit\u00e9 originale et dynamique<\/strong>. 1001 Pat\u00e8res l&rsquo;a donc choisi pour <strong>deux collections de pat\u00e8res \u00e0 crochet unique<\/strong>, \u00e0 retrouver sur sa boutique en ligne: <strong>Adele<\/strong> et <strong>Abiti Kids<\/strong>._x000D_n_x000D_nAinsi, Adele est une gamme \u00e0 la forme classique mais aux couleurs ultra p\u00e9tillantes. Abiti Kids est son oppos\u00e9: des <strong>formes cultes d&rsquo;enfants<\/strong> <a href=\"https:\/\/1001pateres.com\/produit\/patere-design-italien-fille-plexi-fume-petrozzi-abiti-kids\/\">Fille<\/a> ou Gar\u00e7on, de chien et de chat, le tout dans des choix de coloris neutres comme le noir, le blanc, le transparent et le fum\u00e9._x000D_n_x000D_nD&rsquo;ailleurs, ici, il s&rsquo;agit d&rsquo;une forme de petit <strong>Gar\u00e7on<\/strong> d\u00e9coup\u00e9 dans un <strong>plexiglass blanc<\/strong>. Mais retrouvez le bien s\u00fbr dans des coloris noir, <a href=\"https:\/\/1001pateres.com\/produit\/porte-manteau-plexiglass-fume-garcon-petrozzi-abiti-kids\/\">fum\u00e9<\/a> et transparent \u00e9galement._x000D_n_x000D_nEnfin, comme l&rsquo;ensemble des produits de la marque, vous pourrez l&rsquo;utiliser comme<strong> porte-serviette, porte-manteau, porte-\u00e9charpe<\/strong> ou encore comme <strong>porte-v\u00eatement<\/strong> par exemple._x000D_n_x000D_n&nbsp;_x000D_n<\/p>\n<h3>Comment installer le porte manteau design Gar\u00e7on plexi blanc?<\/h3>\n<p>_x000D_nPour installer ce porte manteau mural plexiglass blanc, il suffit de rep\u00e9rer son <strong>syst\u00e8me d&rsquo;accrochage par vis<\/strong> \u00e0 mettre dans la cheville fournie. Pour ce faire, il vous faudra vous munir d&rsquo;une <strong>perceuse<\/strong> mais vous n&rsquo;aurez aucune difficult\u00e9 d&rsquo;installation \u00e0 pr\u00e9voir. Pas m\u00eame de <strong>dimensions<\/strong> sp\u00e9cifiques \u00e0 anticiper:_x000D_n<\/p>\n<ul>_x000D_n \t<\/p>\n<li>La pat\u00e8re 8 cm X 5,5 cm<\/li>\n<p>_x000D_n \t<\/p>\n<li>Ecartement du mur 4 cm<\/li>\n<p>_x000D_n<\/ul>\n<p>_x000D_nEnfin, c\u00f4t\u00e9 recommandation, 1001 Pat\u00e8res n&rsquo;a aucun doute que trouverez comme l&rsquo;adapter facilement \u00e0 toute d\u00e9coration d&rsquo;int\u00e9rieur dans une maison tant <strong>elle saura se faire discr\u00e8te mais indispensable<\/strong>. Toutefois, notez que son <strong>plexiglass r\u00e9siste tr\u00e8s bien \u00e0 l&rsquo;humidit\u00e9.<\/strong> Ainsi, ce porte manteau mural est particuli\u00e8rement adapt\u00e9 \u00e0 la <strong>salle de bain<\/strong>. Le blanc de la pat\u00e8re est \u00e0 valoriser par sa brillance sur un mur de la m\u00eame couleur, ou par contraste sur un fond noir._x000D_n_x000D_nN&rsquo;h\u00e9sitez pas \u00e0 varier les plaisirs avec d&rsquo;autres coloris de cette forme Gar\u00e7on, ou d&rsquo;autres de la gamme Abiti Kids pour une <strong>salle de bain harmonieuse, rang\u00e9e<\/strong> pour toute la famille._x000D_n_x000D_n&nbsp;<\/p>\n","protected":false},"excerpt":{"rendered":"<p>Porte-serviette, porte-manteau moderne design en plexiglass qui peut servir de porte-\u00e9charpe ou porte-v\u00eatement par exemple.\u00a0Il s&rsquo;agit du mod\u00e8le <em><strong>ABITI KIDS<\/strong><\/em>\u00a0en forme de petit gar\u00e7on blanc de la marque <b>PETROZZI<\/b>.\u00a0Cette pat\u00e8re est particuli\u00e8rement adapt\u00e9e pour les salles de bain, est de belle qualit\u00e9 et tr\u00e8s r\u00e9sistante \u00e0 l&rsquo;arrachement.<\/p>\n","protected":false},"featured_media":2180,"comment_status":"closed","ping_status":"open","template":"","meta":[],"product_cat":[29,32,17,23],"product_tag":[37],"class_list":["post-577","product","type-product","status-publish","has-post-thumbnail","hentry","product_cat-chambre-adulte","product_cat-entree-sejour","product_cat-salle-de-bain","product_cat-toilette-wc","product_tag-crochet-patere-patere-design-patere-murale-patere-porte-pateres-porte-chapeau-porte-serviette-porte-torchon-vestiaire","description-off"],"_links":{"self":[{"href":"https:\/\/roulettes.vaniseo.top\/index.php\/wp-json\/wp\/v2\/product\/577","targetHints":{"allow":["GET"]}}],"collection":[{"href":"https:\/\/roulettes.vaniseo.top\/index.php\/wp-json\/wp\/v2\/product"}],"about":[{"href":"https:\/\/roulettes.vaniseo.top\/index.php\/wp-json\/wp\/v2\/types\/product"}],"replies":[{"embeddable":true,"href":"https:\/\/roulettes.vaniseo.top\/index.php\/wp-json\/wp\/v2\/comments?post=577"}],"version-history":[{"count":0,"href":"https:\/\/roulettes.vaniseo.top\/index.php\/wp-json\/wp\/v2\/product\/577\/revisions"}],"wp:featuredmedia":[{"embeddable":true,"href":"https:\/\/roulettes.vaniseo.top\/index.php\/wp-json\/wp\/v2\/media\/2180"}],"wp:attachment":[{"href":"https:\/\/roulettes.vaniseo.top\/index.php\/wp-json\/wp\/v2\/media?parent=577"}],"wp:term":[{"taxonomy":"product_cat","embeddable":true,"href":"https:\/\/roulettes.vaniseo.top\/index.php\/wp-json\/wp\/v2\/product_cat?post=577"},{"taxonomy":"product_tag","embeddable":true,"href":"https:\/\/roulettes.vaniseo.top\/index.php\/wp-json\/wp\/v2\/product_tag?post=577"}],"curies":[{"name":"wp","href":"https:\/\/api.w.org\/{rel}","templated":true}]}}