{"id":579,"date":"2022-04-04T16:22:11","date_gmt":"2022-04-04T14:22:11","guid":{"rendered":"https:\/\/roulettes.vaniseo.top\/index.php\/produit\/porte-manteau-plexiglass-fume-garcon-petrozzi-abiti-kids\/"},"modified":"2022-04-04T17:22:20","modified_gmt":"2022-04-04T15:22:20","slug":"porte-manteau-plexiglass-fume-garcon-petrozzi-abiti-kids","status":"publish","type":"product","link":"https:\/\/roulettes.vaniseo.top\/index.php\/produit\/porte-manteau-plexiglass-fume-garcon-petrozzi-abiti-kids\/","title":{"rendered":"Porte manteau plexiglass fum\u00e9 Gar\u00e7on PETROZZI ABITI KIDS"},"content":{"rendered":"<h3>Pat\u00e8re murale plexiglass fum\u00e9 Gar\u00e7on PETROZZI<\/h3>\n<p>_x000D_n1001 Pat\u00e8res pr\u00e9sente le <strong>porte manteau plexiglass fum\u00e9 Gar\u00e7on<\/strong> de la marque <strong><a href=\"https:\/\/www.petrozzidesign.com\/\" target=\"_blank\" rel=\"noopener\">PETROZZI<\/a><\/strong>, pour la collection <strong>ABITI KIDS<\/strong>. D\u00e9couvrez donc ci dessous <strong>information techniques d&rsquo;installation<\/strong> et <strong>caract\u00e9ristiques sp\u00e9cifiques<\/strong> du produit pour un investissement sans zone d&rsquo;ombre!_x000D_n_x000D_nTout d&rsquo;abord , la marque: <strong><a href=\"https:\/\/1001pateres.com\/brand\/petrozzi\/\">Petrozzi<\/a><\/strong>. Il s&rsquo;agit d&rsquo;une entreprise <strong>italienne<\/strong> proposant la<strong> cr\u00e9ation d&rsquo;objets design en plexiglass<\/strong>. Ainsi, il est non seulement possible d&rsquo;y trouver des <strong>pat\u00e8res<\/strong> mais aussi tout autre objet utile. 1001 Pat\u00e8res l&rsquo;a bien \u00e9videmment s\u00e9lectionn\u00e9e pour ses crochets. Tous sont \u00e0 <strong>pat\u00e8re unique<\/strong>. Ainsi, retrouvez sur ce site, deux collections: <strong>Adele<\/strong> et <strong>Abiti Kids<\/strong>._x000D_n_x000D_nAdele propose un <strong>crochet \u00e0 la forme minimaliste mais aux coloris flashy<\/strong>. Tandis qu&rsquo; Abiti Kids, \u00e0 l&rsquo;oppos\u00e9, propose des r\u00e9f\u00e9rences en <strong>formes cultes<\/strong> de <a href=\"https:\/\/1001pateres.com\/produit\/patere-design-italien-fille-plexi-fume-petrozzi-abiti-kids\/\">Fille<\/a>, Gar\u00e7on, Chien et Chat <strong>mais aux coloris neutres<\/strong> de blanc, noir, fum\u00e9 et transparent._x000D_n_x000D_nIci, le mod\u00e8le pr\u00e9sent\u00e9 est celui d&rsquo;un <strong>petit gar\u00e7on en plexiglass d\u00e9coup\u00e9 fum\u00e9<\/strong>. Mais il est aussi possible de le trouver en <a href=\"https:\/\/1001pateres.com\/produit\/patere-design-italien-garcon-plexi-noir-petrozzi-abiti-kids\/\">noir<\/a>, blanc, et transparent._x000D_n_x000D_n&nbsp;_x000D_n<\/p>\n<h3>Accrocher le porte manteau plexiglass fum\u00e9 Gar\u00e7on Petrozzi<\/h3>\n<p>_x000D_nEnfin, le porte manteau plexiglas fum\u00e9 Gar\u00e7on comporte un syst\u00e8me d&rsquo;accrochage par vis \u00e0 mettre dans une cheville qui est fournie. Tr\u00e8s\u00a0facile \u00e0 poser, il n\u00e9cessite tout de m\u00eame l&rsquo;usage de votre perceuse. Voici ses <strong>dimensions<\/strong>:_x000D_n<\/p>\n<ul>_x000D_n \t<\/p>\n<li>La pat\u00e8re 8 cm X 5,5 cm<\/li>\n<p>_x000D_n \t<\/p>\n<li>Ecartement du mur 4 cm<\/li>\n<p>_x000D_n<\/ul>\n<p>_x000D_n&nbsp;_x000D_n_x000D_nCette pat\u00e8re s&rsquo;adaptera facilement \u00e0 toute d\u00e9coration int\u00e9rieure dans la maison et saura se faire discr\u00e8te mais indispensable.\u00a0Vous l&rsquo;aurez compris l&rsquo;ensemble de la collection n&rsquo;est donc pas seulement un porte-manteau moderne design en plexiglass. Il peut aussi servir de porte-\u00e9charpe, porte-v\u00eatement et porte serviette._x000D_n_x000D_nD&rsquo;ailleurs, 1001 Pat\u00e8res vous le recommande pour la <strong>salle de bain<\/strong> car le <strong>plexiglass r\u00e9siste tr\u00e8s bien \u00e0 l&rsquo;humidit\u00e9<\/strong>!_x000D_n_x000D_n&nbsp;_x000D_n_x000D_nContactez 1001 Pat\u00e8res pour toute demande de renseignement compl\u00e9mentaire ou pour un devis sp\u00e9cifique en grosse quantit\u00e9 via la page Contact.<\/p>\n","protected":false},"excerpt":{"rendered":"<p>Porte-serviette, porte-manteau moderne design en plexiglass qui peut servir de porte-\u00e9charpe ou porte-v\u00eatement par exemple.\u00a0Il s&rsquo;agit du mod\u00e8le <em><strong>ABITI KIDS<\/strong><\/em>\u00a0en forme de petit gar\u00e7on transparent fum\u00e9 de la marque <b>PETROZZI<\/b>.\u00a0Cette pat\u00e8re est particuli\u00e8rement adapt\u00e9e pour les salles de bain, est de belle qualit\u00e9 et tr\u00e8s r\u00e9sistante \u00e0 l&rsquo;arrachement.<\/p>\n","protected":false},"featured_media":2187,"comment_status":"closed","ping_status":"open","template":"","meta":[],"product_cat":[29,32,17],"product_tag":[37],"class_list":["post-579","product","type-product","status-publish","has-post-thumbnail","hentry","product_cat-chambre-adulte","product_cat-entree-sejour","product_cat-salle-de-bain","product_tag-crochet-patere-patere-design-patere-murale-patere-porte-pateres-porte-chapeau-porte-serviette-porte-torchon-vestiaire","description-off"],"_links":{"self":[{"href":"https:\/\/roulettes.vaniseo.top\/index.php\/wp-json\/wp\/v2\/product\/579","targetHints":{"allow":["GET"]}}],"collection":[{"href":"https:\/\/roulettes.vaniseo.top\/index.php\/wp-json\/wp\/v2\/product"}],"about":[{"href":"https:\/\/roulettes.vaniseo.top\/index.php\/wp-json\/wp\/v2\/types\/product"}],"replies":[{"embeddable":true,"href":"https:\/\/roulettes.vaniseo.top\/index.php\/wp-json\/wp\/v2\/comments?post=579"}],"version-history":[{"count":0,"href":"https:\/\/roulettes.vaniseo.top\/index.php\/wp-json\/wp\/v2\/product\/579\/revisions"}],"wp:featuredmedia":[{"embeddable":true,"href":"https:\/\/roulettes.vaniseo.top\/index.php\/wp-json\/wp\/v2\/media\/2187"}],"wp:attachment":[{"href":"https:\/\/roulettes.vaniseo.top\/index.php\/wp-json\/wp\/v2\/media?parent=579"}],"wp:term":[{"taxonomy":"product_cat","embeddable":true,"href":"https:\/\/roulettes.vaniseo.top\/index.php\/wp-json\/wp\/v2\/product_cat?post=579"},{"taxonomy":"product_tag","embeddable":true,"href":"https:\/\/roulettes.vaniseo.top\/index.php\/wp-json\/wp\/v2\/product_tag?post=579"}],"curies":[{"name":"wp","href":"https:\/\/api.w.org\/{rel}","templated":true}]}}