{"id":58,"date":"2022-04-04T16:20:10","date_gmt":"2022-04-04T14:20:10","guid":{"rendered":"https:\/\/roulettes.vaniseo.top\/index.php\/produit\/patere-decorative-romantique-en-resine-fleur-rose\/"},"modified":"2022-04-04T17:09:29","modified_gmt":"2022-04-04T15:09:29","slug":"patere-decorative-romantique-en-resine-fleur-rose","status":"publish","type":"product","link":"https:\/\/roulettes.vaniseo.top\/index.php\/produit\/patere-decorative-romantique-en-resine-fleur-rose\/","title":{"rendered":"pat\u00e8re d\u00e9corative romantique en r\u00e9sine fleur rose"},"content":{"rendered":"<h4>Porte-manteau en forme de rose ancienne.<\/h4>\n<p>_x000D_n<strong>Pat\u00e8re d\u00e9corative<\/strong>\u00a0romantique en r\u00e9sine <em><strong>fleur rose<\/strong><\/em>._x000D_n_x000D_nElle est \u00e0 poser partout dans la maison pour ne plus voir trainer ses affaires, dans la chambre, dans l&rsquo;entr\u00e9e mais aussi dans un placard._x000D_n_x000D_nCompos\u00e9e d&rsquo;un crochet avec une petite boule \u00e0 l&rsquo;extr\u00e9mit\u00e9 pour ne pas abimer les affaires et d&rsquo;un syst\u00e8me d&rsquo;accrochage\u00a0en m\u00e9tal dor\u00e9._x000D_n_x000D_nLe d\u00e9cor est original et de belle qualit\u00e9._x000D_n_x000D_nElle tient au mur avec un crochet de votre choix et permet de supporter un poids de 3 kg environ._x000D_n<\/p>\n<h4>Dimensions :<\/h4>\n<p>_x000D_n<\/p>\n<ul>_x000D_n \t<\/p>\n<li>La rose est de dimension 6,5 cm X 6,5 cm<\/li>\n<p>_x000D_n \t<\/p>\n<li>Avec le crochet Hauteur = 11 cm<\/li>\n<p>_x000D_n \t<\/p>\n<li>Ecartement du mur 4 cm<\/li>\n<p>_x000D_n<\/ul>\n","protected":false},"excerpt":{"rendered":"<p>Jolie <strong>pat\u00e8re en r\u00e9sine<\/strong> <em><strong>fleur rose<\/strong><\/em>. Elle est \u00e0 poser partout dans la maison pour ne plus voir trainer ses affaires, dans la chambre, dans l&rsquo;entr\u00e9e mais aussi dans un placard. Ce porte-manteau en forme de rose sera id\u00e9al dans l&rsquo;entr\u00e9e ou la chambre et peut supporter un poids d&rsquo;environ 3 kg.<\/p>\n","protected":false},"featured_media":697,"comment_status":"closed","ping_status":"open","template":"","meta":[],"product_cat":[29,20,32,17],"product_tag":[27],"class_list":["post-58","product","type-product","status-publish","has-post-thumbnail","hentry","product_cat-chambre-adulte","product_cat-cuisine","product_cat-entree-sejour","product_cat-salle-de-bain","product_tag-crochet-patere-patere-design-patere-murale-patere-porte-pateres-porte-serviette-porte-torchon-vestiaire","description-off"],"_links":{"self":[{"href":"https:\/\/roulettes.vaniseo.top\/index.php\/wp-json\/wp\/v2\/product\/58","targetHints":{"allow":["GET"]}}],"collection":[{"href":"https:\/\/roulettes.vaniseo.top\/index.php\/wp-json\/wp\/v2\/product"}],"about":[{"href":"https:\/\/roulettes.vaniseo.top\/index.php\/wp-json\/wp\/v2\/types\/product"}],"replies":[{"embeddable":true,"href":"https:\/\/roulettes.vaniseo.top\/index.php\/wp-json\/wp\/v2\/comments?post=58"}],"version-history":[{"count":0,"href":"https:\/\/roulettes.vaniseo.top\/index.php\/wp-json\/wp\/v2\/product\/58\/revisions"}],"wp:featuredmedia":[{"embeddable":true,"href":"https:\/\/roulettes.vaniseo.top\/index.php\/wp-json\/wp\/v2\/media\/697"}],"wp:attachment":[{"href":"https:\/\/roulettes.vaniseo.top\/index.php\/wp-json\/wp\/v2\/media?parent=58"}],"wp:term":[{"taxonomy":"product_cat","embeddable":true,"href":"https:\/\/roulettes.vaniseo.top\/index.php\/wp-json\/wp\/v2\/product_cat?post=58"},{"taxonomy":"product_tag","embeddable":true,"href":"https:\/\/roulettes.vaniseo.top\/index.php\/wp-json\/wp\/v2\/product_tag?post=58"}],"curies":[{"name":"wp","href":"https:\/\/api.w.org\/{rel}","templated":true}]}}