{"id":581,"date":"2022-04-04T16:22:11","date_gmt":"2022-04-04T14:22:11","guid":{"rendered":"https:\/\/roulettes.vaniseo.top\/index.php\/produit\/porte-manteau-plexi-transparent-fille-petrozzi-abiti-kids\/"},"modified":"2022-04-04T17:22:21","modified_gmt":"2022-04-04T15:22:21","slug":"porte-manteau-plexi-transparent-fille-petrozzi-abiti-kids","status":"publish","type":"product","link":"https:\/\/roulettes.vaniseo.top\/index.php\/produit\/porte-manteau-plexi-transparent-fille-petrozzi-abiti-kids\/","title":{"rendered":"Porte manteau plexi transparent Fille PETROZZI ABITI KIDS"},"content":{"rendered":"<h3>Porte manteau mural plexiglass transparent Fille PETROZZI<\/h3>\n<p>_x000D_n<strong>1001 Pat\u00e8res<\/strong> pr\u00e9sente ici le <strong>porte manteau plexi transparent Fille<\/strong> de la gamme <strong>ABITI KIDS<\/strong> de chez <a href=\"https:\/\/www.petrozzidesign.com\/\" target=\"_blank\" rel=\"noopener\">Petrozzi<\/a>._x000D_n_x000D_nD\u00e9couvrez ci apr\u00e8s nos meilleurs <strong>conseils d&rsquo;installation<\/strong> et l&rsquo;ensemble de ses <strong>donn\u00e9es techniques<\/strong>._x000D_n_x000D_nTout d&rsquo;abord, cette <strong>pat\u00e8re moderne design en plexiglass<\/strong> peut servir de porte-\u00e9charpe, porte-chapeau ou porte-serviette par exemple._x000D_n_x000D_nIci, il s&rsquo;agit d&rsquo;un <strong>crochet unique<\/strong> repr\u00e9sentant une <strong>petite fille<\/strong> en <strong>plexiglass d\u00e9coup\u00e9 transparent<\/strong> de la collection\u00a0<b><i>ABITI KIDS<\/i><\/b>\u00a0de la marque <b>PETROZZI<\/b>. Il comporte un syst\u00e8me d&rsquo;accrochage par vis \u00e0 mettre dans une cheville. Elle est facile \u00e0 poser mais n\u00e9cessite une perceuse et la cheville est fournie. Voici ses <strong>dimensions<\/strong>:_x000D_n<\/p>\n<ul>_x000D_n \t<\/p>\n<li>La pat\u00e8re fille plexi transparent: 6 cm X 8 cm<\/li>\n<p>_x000D_n \t<\/p>\n<li>Ecartement du mur 4 cm<\/li>\n<p>_x000D_n<\/ul>\n<p>_x000D_n&nbsp;_x000D_n<\/p>\n<h3>Informations techniques du porte manteau plexi transparent Abiti Kids Petrozzi<\/h3>\n<p>_x000D_nPar ailleurs, <a href=\"https:\/\/1001pateres.com\/brand\/petrozzi\/\">Petrozzi<\/a> est une <strong>marque italienne partenaire 1001 Pat\u00e8res<\/strong> pour deux collections de pat\u00e8res. <strong>Adele<\/strong> et celle-ci, <strong>Abiti Kids.<\/strong> Cette marque propose plus globalement des <strong>produits graphiques aux couleurs acidul\u00e9es tout en plexiglass<\/strong>. Ainsi, elle est id\u00e9ale pour <strong>moderniser tout int\u00e9rieur avec robustesse et style<\/strong>._x000D_n_x000D_nToutes les collections vendues chez 1001 Pat\u00e8res sont donc des r\u00e9f\u00e9rences \u00e0 <strong>crochet unique en plexiglass<\/strong>. <strong>Adele<\/strong> offre une <strong>forme simple mais aux couleurs flashy<\/strong>. <strong>Abiti Kids<\/strong> propose des <strong>formes cultes<\/strong> de Gar\u00e7on, Chat, Chien aux <strong>couleurs simples<\/strong> (blanc, noir, fum\u00e9 et transparent)._x000D_n_x000D_nAinsi, cette r\u00e9f\u00e9rence pr\u00e9sent\u00e9e ici de <strong>Fille<\/strong> en plexi transparent, est \u00e9galement <strong>disponible en noir, blanc et <a href=\"https:\/\/1001pateres.com\/produit\/patere-design-italien-fille-plexi-fume-petrozzi-abiti-kids\/\">fum\u00e9<\/a><\/strong>._x000D_n_x000D_nCette porte manteau <strong>plexi<\/strong> transparent s&rsquo;adapte facilement \u00e0 toute d\u00e9coration int\u00e9rieure dans la maison et sait se faire discr\u00e8te mais indispensable. Du fait de sa <strong>r\u00e9sistance \u00e0 l&rsquo;humidit\u00e9<\/strong>, elle est particuli\u00e8rement adapt\u00e9e \u00e0 la <strong>salle de bain<\/strong>. 1001 Pat\u00e8res vous conseille l&rsquo;installation de ce porte manteau sur un mur \u00e0 motif, comme ci-contre marbre pour personnaliser les pat\u00e8res pour toute la famille sans alourdir la d\u00e9coration. N&rsquo;h\u00e9sitez pas de ce fait \u00e0 investir dans d&rsquo;autres formes et ainsi d\u00e9dier chaque pat\u00e8re \u00e0 un membre de la famille! Vous motiverez sans doute chacun \u00e0 les utiliser et gagnerez alors en clart\u00e9 et en rangement!<\/p>\n","protected":false},"excerpt":{"rendered":"<p>Porte-serviette, porte-manteau moderne design en plexiglass qui peut servir de porte-\u00e9charpe ou porte-v\u00eatement par exemple.\u00a0Il s&rsquo;agit du mod\u00e8le <em><strong>ABITI KIDS<\/strong><\/em>\u00a0en forme de petite fille de couleur transparent de la marque <b>PETROZZI<\/b>.\u00a0Cette pat\u00e8re est particuli\u00e8rement adapt\u00e9e pour les salles de bain, est de belle qualit\u00e9 et tr\u00e8s r\u00e9sistante \u00e0 l&rsquo;arrachement.<\/p>\n","protected":false},"featured_media":2194,"comment_status":"closed","ping_status":"open","template":"","meta":[],"product_cat":[29,16,17],"product_tag":[37],"class_list":["post-581","product","type-product","status-publish","has-post-thumbnail","hentry","product_cat-chambre-adulte","product_cat-chambre-enfant","product_cat-salle-de-bain","product_tag-crochet-patere-patere-design-patere-murale-patere-porte-pateres-porte-chapeau-porte-serviette-porte-torchon-vestiaire","description-off"],"_links":{"self":[{"href":"https:\/\/roulettes.vaniseo.top\/index.php\/wp-json\/wp\/v2\/product\/581","targetHints":{"allow":["GET"]}}],"collection":[{"href":"https:\/\/roulettes.vaniseo.top\/index.php\/wp-json\/wp\/v2\/product"}],"about":[{"href":"https:\/\/roulettes.vaniseo.top\/index.php\/wp-json\/wp\/v2\/types\/product"}],"replies":[{"embeddable":true,"href":"https:\/\/roulettes.vaniseo.top\/index.php\/wp-json\/wp\/v2\/comments?post=581"}],"version-history":[{"count":0,"href":"https:\/\/roulettes.vaniseo.top\/index.php\/wp-json\/wp\/v2\/product\/581\/revisions"}],"wp:featuredmedia":[{"embeddable":true,"href":"https:\/\/roulettes.vaniseo.top\/index.php\/wp-json\/wp\/v2\/media\/2194"}],"wp:attachment":[{"href":"https:\/\/roulettes.vaniseo.top\/index.php\/wp-json\/wp\/v2\/media?parent=581"}],"wp:term":[{"taxonomy":"product_cat","embeddable":true,"href":"https:\/\/roulettes.vaniseo.top\/index.php\/wp-json\/wp\/v2\/product_cat?post=581"},{"taxonomy":"product_tag","embeddable":true,"href":"https:\/\/roulettes.vaniseo.top\/index.php\/wp-json\/wp\/v2\/product_tag?post=581"}],"curies":[{"name":"wp","href":"https:\/\/api.w.org\/{rel}","templated":true}]}}