{"id":582,"date":"2022-04-04T16:22:11","date_gmt":"2022-04-04T14:22:11","guid":{"rendered":"https:\/\/roulettes.vaniseo.top\/index.php\/produit\/porte-manteau-design-italien-fille-blanc-petrozzi-abiti-kids\/"},"modified":"2022-04-04T17:22:22","modified_gmt":"2022-04-04T15:22:22","slug":"porte-manteau-design-italien-fille-blanc-petrozzi-abiti-kids","status":"publish","type":"product","link":"https:\/\/roulettes.vaniseo.top\/index.php\/produit\/porte-manteau-design-italien-fille-blanc-petrozzi-abiti-kids\/","title":{"rendered":"Porte manteau design italien Fille blanc PETROZZI ABITI KIDS"},"content":{"rendered":"<h3>Porte manteau mural design plexiglass blanc Fille PETROZZI<\/h3>\n<p>_x000D_n<strong>1001 Pat\u00e8res<\/strong> vous pr\u00e9sente ici un <strong>porte manteau design italien<\/strong> en forme de <strong>Fille<\/strong> sur un <strong>plexi blanc<\/strong> de chez <a href=\"https:\/\/www.petrozzidesign.com\/\" target=\"_blank\" rel=\"noopener\"><strong>PETROZZI<\/strong><\/a>, pour la collection <strong>ABITI KIDS<\/strong>._x000D_n_x000D_nD\u00e9couvre ci dessous l&rsquo;ensemble de ses <strong>donn\u00e9es techniques<\/strong> mais aussi nos meilleurs <strong>conseils d&rsquo;installation<\/strong> et d&rsquo;utilisation._x000D_n_x000D_nTout d&rsquo;abord, cette collection peut \u00eatre utilis\u00e9e comme porte manteau ou comme porte-serviette, porte-\u00e9charpe et porte-v\u00eatement par exemple._x000D_n_x000D_nC\u00f4t\u00e9 marque, <a href=\"https:\/\/1001pateres.com\/brand\/petrozzi\/\">Petrozzi<\/a> est une <strong>marque italienne<\/strong> qui propose un <strong>style moderne, ultra graphique aux couleurs p\u00e9tillantes<\/strong>. En choisissant des pat\u00e8res de cette marque chez 1001 Pat\u00e8res, vous investissez dans des <strong>produits en plexiglass ultra robustes, et super stylis\u00e9s<\/strong>._x000D_n_x000D_nTrouvez principalement deux collections: <strong>Abiti Kids<\/strong> et <strong>Adele<\/strong>. Adele, ce sont des <strong>crochets simples \u00e0 la forme minimaliste<\/strong>\u00a0mais aux <strong>couleurs flashy<\/strong>. Abiti Kids, quand \u00e0 elle, varie de <strong>formes<\/strong>: Fille, <a href=\"https:\/\/1001pateres.com\/produit\/patere-design-italien-garcon-plexi-noir-petrozzi-abiti-kids\/\">Gar\u00e7on<\/a>, Chat, Chien mais dans des <strong>coloris basiques<\/strong> noir, blanc, fum\u00e9 et transparent._x000D_n_x000D_n&nbsp;_x000D_n<\/p>\n<h3>Installation porte manteau design italien Fille blanc Petrozzi<\/h3>\n<p>_x000D_nIci, sp\u00e9cifiquement, il s&rsquo;agit d&rsquo;une pat\u00e8re repr\u00e9sentant une <strong>petite fille en plexiglass d\u00e9coup\u00e9 blanc<\/strong>. Il comporte un syst\u00e8me d&rsquo;accrochage par vis \u00e0 mettre dans une cheville fournie. Vous constaterez par vous-m\u00eame \u00e0 quel point il est facile \u00e0 fixer m\u00eame s&rsquo;il n\u00e9cessite une perceuse._x000D_n_x000D_nEnfin, 1001 Pat\u00e8res vous conseille son <strong>installation sur un mur noir pour valoriser son graphisme par contraste<\/strong> ou sur un <strong>mur blanc pour valoriser la brillance de sa mati\u00e8re plexiglass<\/strong>._x000D_n_x000D_nPar ailleurs, cette pat\u00e8re s&rsquo;adapte facilement \u00e0 toute d\u00e9coration int\u00e9rieure dans la maison. Elle est en revanche particuli\u00e8rement adapt\u00e9e \u00e0 la <strong>salle de bain par la robustesse de son plexiglass face \u00e0 l&rsquo;humidit\u00e9<\/strong>._x000D_n_x000D_nRetrouvez cette r\u00e9f\u00e9rence en noir, blanc, transparent et <a href=\"https:\/\/1001pateres.com\/produit\/patere-design-italien-fille-plexi-fume-petrozzi-abiti-kids\/\">fum\u00e9<\/a>, toutes dans des dimensions de:_x000D_n<\/p>\n<ul>_x000D_n \t<\/p>\n<li>La pat\u00e8re fille en plexi Abiti Kids: 6 cm X 8 cm<\/li>\n<p>_x000D_n \t<\/p>\n<li>Ecartement du mur 4 cm<\/li>\n<p>_x000D_n<\/ul>\n<p>_x000D_nContactez 1001 Pat\u00e8res via sa page Contact pour toutes questions compl\u00e9mentaires ou pour toute demande de devis en cas de commande en quantit\u00e9 importante.<\/p>\n","protected":false},"excerpt":{"rendered":"<p>Porte-serviette, porte-manteau moderne design en plexiglass qui peut servir de porte-\u00e9charpe ou porte-v\u00eatement par exemple.\u00a0Il s&rsquo;agit du mod\u00e8le <em><strong>ABITI KIDS<\/strong><\/em>\u00a0en forme de petite fille de couleur blanc de la marque <b>PETROZZI<\/b>.\u00a0Cette pat\u00e8re est particuli\u00e8rement adapt\u00e9e pour les salles de bain, est de belle qualit\u00e9 et tr\u00e8s r\u00e9sistante \u00e0 l&rsquo;arrachement.<\/p>\n","protected":false},"featured_media":2198,"comment_status":"closed","ping_status":"open","template":"","meta":[],"product_cat":[29,32,17],"product_tag":[37],"class_list":["post-582","product","type-product","status-publish","has-post-thumbnail","hentry","product_cat-chambre-adulte","product_cat-entree-sejour","product_cat-salle-de-bain","product_tag-crochet-patere-patere-design-patere-murale-patere-porte-pateres-porte-chapeau-porte-serviette-porte-torchon-vestiaire","description-off"],"_links":{"self":[{"href":"https:\/\/roulettes.vaniseo.top\/index.php\/wp-json\/wp\/v2\/product\/582","targetHints":{"allow":["GET"]}}],"collection":[{"href":"https:\/\/roulettes.vaniseo.top\/index.php\/wp-json\/wp\/v2\/product"}],"about":[{"href":"https:\/\/roulettes.vaniseo.top\/index.php\/wp-json\/wp\/v2\/types\/product"}],"replies":[{"embeddable":true,"href":"https:\/\/roulettes.vaniseo.top\/index.php\/wp-json\/wp\/v2\/comments?post=582"}],"version-history":[{"count":0,"href":"https:\/\/roulettes.vaniseo.top\/index.php\/wp-json\/wp\/v2\/product\/582\/revisions"}],"wp:featuredmedia":[{"embeddable":true,"href":"https:\/\/roulettes.vaniseo.top\/index.php\/wp-json\/wp\/v2\/media\/2198"}],"wp:attachment":[{"href":"https:\/\/roulettes.vaniseo.top\/index.php\/wp-json\/wp\/v2\/media?parent=582"}],"wp:term":[{"taxonomy":"product_cat","embeddable":true,"href":"https:\/\/roulettes.vaniseo.top\/index.php\/wp-json\/wp\/v2\/product_cat?post=582"},{"taxonomy":"product_tag","embeddable":true,"href":"https:\/\/roulettes.vaniseo.top\/index.php\/wp-json\/wp\/v2\/product_tag?post=582"}],"curies":[{"name":"wp","href":"https:\/\/api.w.org\/{rel}","templated":true}]}}