{"id":583,"date":"2022-04-04T16:22:11","date_gmt":"2022-04-04T14:22:11","guid":{"rendered":"https:\/\/roulettes.vaniseo.top\/index.php\/produit\/porte-manteau-design-fille-plexi-fume-petrozzi-abiti-kids\/"},"modified":"2022-04-04T17:22:23","modified_gmt":"2022-04-04T15:22:23","slug":"porte-manteau-design-fille-plexi-fume-petrozzi-abiti-kids","status":"publish","type":"product","link":"https:\/\/roulettes.vaniseo.top\/index.php\/produit\/porte-manteau-design-fille-plexi-fume-petrozzi-abiti-kids\/","title":{"rendered":"Porte manteau design Fille plexi fum\u00e9 PETROZZI ABITI KIDS"},"content":{"rendered":"<h3>Porte manteau mural design en plexiglass PETROZZI<\/h3>\n<p>_x000D_n1001 Pat\u00e8res vous propose de d\u00e9couvrir ici l&rsquo;ensemble des informations techniques et nos conseils d&rsquo;installation concernant ce <strong>porte manteau design<\/strong> d&rsquo;une <strong>fille en plexi fum\u00e9<\/strong> de la <strong>gamme ABITI KIDS<\/strong> de chez <a href=\"https:\/\/www.petrozzidesign.com\/\" target=\"_blank\" rel=\"noopener\">Petrozzi<\/a>._x000D_n_x000D_nTout d&rsquo;abord, bref rappel de la marque <a href=\"https:\/\/1001pateres.com\/brand\/petrozzi\/\">Petrozzi<\/a> s\u00e9lectionn\u00e9e comme <strong>partenaire de 1001 Pat\u00e8res<\/strong>. En effet, celle-ci est <strong>italienne<\/strong> et propose des collections de <strong>pat\u00e8res uniques en plexiglass<\/strong> essentiellement. Elle s&rsquo;adresse donc autant aux <strong>professionnels<\/strong> qu&rsquo;aux <strong>particuliers<\/strong> souhaitant <strong>moderniser<\/strong> leur rangement et leur d\u00e9coration d&rsquo;int\u00e9rieur. Aujourd&rsquo;hui, 1001 Pat\u00e8res propose donc deux collections de la marque: <strong>Adele<\/strong>, et <strong>Abiti Kids<\/strong>._x000D_n_x000D_nAinsi, cette collection Abiti Kids offre essentiellement des pat\u00e8res \u00e0 crochet unique en forme classique de <strong>chat<\/strong>, de <strong>fille<\/strong>, de <a href=\"https:\/\/1001pateres.com\/produit\/patere-design-italien-garcon-plexi-noir-petrozzi-abiti-kids\/\"><strong>gar\u00e7on<\/strong><\/a> ou encore de <strong>chien<\/strong> en plexiglass noir, blanc et transparent._x000D_n_x000D_nBien s\u00fbr, l&rsquo;ensemble de ces r\u00e9f\u00e9rences sont utiles non seulement en porte manteau mais aussi en porte-serviette, porte-\u00e9charpe ou porte-chapeau par exemple._x000D_n_x000D_nIci, le porte manteau mural design repr\u00e9sente une petite fille en <strong>plexiglass d\u00e9coup\u00e9 et fum\u00e9<\/strong>. Il est aussi possible de la retrouver en blanc, noir et transparent._x000D_n_x000D_n&nbsp;_x000D_n<\/p>\n<h3>Installer le porte manteau design Fille Abiti Kids, par Petrozzi<\/h3>\n<p>_x000D_nC\u00f4t\u00e9 installation, ce porte manteau FILLE comporte un syst\u00e8me d&rsquo;accrochage par <strong>vis \u00e0 mettre dans une cheville<\/strong>. La cheville est fournie.\u00a0Il est donc facile \u00e0 poser mais n\u00e9cessite une perceuse._x000D_n_x000D_nVous l&rsquo;aurez compris, cette pat\u00e8re s&rsquo;adaptera facilement \u00e0 toute d\u00e9coration int\u00e9rieure dans une maison ou au bureau. Elle saura se faire discr\u00e8te mais indispensable! Du fait de sa mati\u00e8re, celle-ci est <strong>particuli\u00e8rement adapt\u00e9e<\/strong> \u00e0 la salle de bain ou \u00e0 toute autre <strong>pi\u00e8ce humide<\/strong>._x000D_n_x000D_nPensez \u00e0 varier les plaisirs en choisissant non pas un mais plusieurs mod\u00e8les de cette collection Abiti Kids. Installez-les, les uns \u00e0 c\u00f4t\u00e9 des autres pour un rangement efficace pour toute la famille!_x000D_n_x000D_nSes dimensions:_x000D_n<\/p>\n<ul>_x000D_n \t<\/p>\n<li>La pat\u00e8re Fille en plexiglass fum\u00e9: 6 cm X 8 cm<\/li>\n<p>_x000D_n \t<\/p>\n<li>Ecartement du mur 4 cm<\/li>\n<p>_x000D_n<\/ul>\n","protected":false},"excerpt":{"rendered":"<p>Porte-serviette, porte-manteau moderne design en plexiglass qui peut servir de porte-\u00e9charpe ou porte-v\u00eatement par exemple.\u00a0Il s&rsquo;agit du mod\u00e8le <em><strong>ABITI KIDS<\/strong><\/em>\u00a0en forme de petite fille de couleur transparent fum\u00e9 de la marque <b>PETROZZI<\/b>.\u00a0Cette pat\u00e8re est particuli\u00e8rement adapt\u00e9e pour les salles de bain, est de belle qualit\u00e9 et tr\u00e8s r\u00e9sistante \u00e0 l&rsquo;arrachement.<\/p>\n","protected":false},"featured_media":2201,"comment_status":"closed","ping_status":"open","template":"","meta":[],"product_cat":[29,16,32,17],"product_tag":[37],"class_list":["post-583","product","type-product","status-publish","has-post-thumbnail","hentry","product_cat-chambre-adulte","product_cat-chambre-enfant","product_cat-entree-sejour","product_cat-salle-de-bain","product_tag-crochet-patere-patere-design-patere-murale-patere-porte-pateres-porte-chapeau-porte-serviette-porte-torchon-vestiaire","description-off"],"_links":{"self":[{"href":"https:\/\/roulettes.vaniseo.top\/index.php\/wp-json\/wp\/v2\/product\/583","targetHints":{"allow":["GET"]}}],"collection":[{"href":"https:\/\/roulettes.vaniseo.top\/index.php\/wp-json\/wp\/v2\/product"}],"about":[{"href":"https:\/\/roulettes.vaniseo.top\/index.php\/wp-json\/wp\/v2\/types\/product"}],"replies":[{"embeddable":true,"href":"https:\/\/roulettes.vaniseo.top\/index.php\/wp-json\/wp\/v2\/comments?post=583"}],"version-history":[{"count":0,"href":"https:\/\/roulettes.vaniseo.top\/index.php\/wp-json\/wp\/v2\/product\/583\/revisions"}],"wp:featuredmedia":[{"embeddable":true,"href":"https:\/\/roulettes.vaniseo.top\/index.php\/wp-json\/wp\/v2\/media\/2201"}],"wp:attachment":[{"href":"https:\/\/roulettes.vaniseo.top\/index.php\/wp-json\/wp\/v2\/media?parent=583"}],"wp:term":[{"taxonomy":"product_cat","embeddable":true,"href":"https:\/\/roulettes.vaniseo.top\/index.php\/wp-json\/wp\/v2\/product_cat?post=583"},{"taxonomy":"product_tag","embeddable":true,"href":"https:\/\/roulettes.vaniseo.top\/index.php\/wp-json\/wp\/v2\/product_tag?post=583"}],"curies":[{"name":"wp","href":"https:\/\/api.w.org\/{rel}","templated":true}]}}