{"id":585,"date":"2022-04-04T16:22:11","date_gmt":"2022-04-04T14:22:11","guid":{"rendered":"https:\/\/roulettes.vaniseo.top\/index.php\/produit\/patere-murale-umbra-set-de-3-alouettes\/"},"modified":"2022-04-04T17:22:24","modified_gmt":"2022-04-04T15:22:24","slug":"patere-murale-umbra-set-de-3-alouettes","status":"publish","type":"product","link":"https:\/\/roulettes.vaniseo.top\/index.php\/produit\/patere-murale-umbra-set-de-3-alouettes\/","title":{"rendered":"Pat\u00e8re murale Umbra : set de 3 Alouettes"},"content":{"rendered":"<h3>Pat\u00e8re murale acier bross\u00e9 3 alouettes de chez UMBRA<\/h3>\n<p>_x000D_nTout d&rsquo;abord, 1001 Pat\u00e8res vous pr\u00e9sente ici toutes les informations esth\u00e9tiques et techniques de cette pat\u00e8re murale Umbra en forme de <strong>set de 3 Alouettes<\/strong>. Cette pat\u00e8re murale acier bross\u00e9 en forme d&rsquo;oiseaux sont r\u00e9f\u00e9renc\u00e9s sous le nom de <strong>ALOUETTE<\/strong> par la marque <a href=\"https:\/\/eu.umbra.com\" target=\"_blank\" rel=\"noopener noreferrer\"><strong>UMBRA<\/strong><\/a>._x000D_n_x000D_nEn effet, 1001 Pat\u00e8res vous propose de nombreuses marques mondiales de pat\u00e8res sur cette <strong>boutique n\u00b01 en France de la vente en ligne de pat\u00e8res<\/strong>. <a href=\"https:\/\/1001pateres.com\/brand\/umbra\/\">Umbra<\/a> est chez nous, LA plus vendue. Cette marque canadienne propose de nombreuses solutions d&rsquo;accrochages muraux originaux, polyvalents, design mais surtout aux meilleurs rapport qualit\u00e9 prix._x000D_n_x000D_nAinsi, retrouvez un principe original de <a href=\"https:\/\/1001pateres.com\/produit\/porte-manteaux-8-pateres-metal-umbra-espresso\/\">pat\u00e8res d\u00e9ployantes<\/a> sur support bois, ou m\u00e9tal type Sticks, <a href=\"https:\/\/1001pateres.com\/produit\/porte-manteaux-ville-umbra-noir\/\">Skyline<\/a>, ou encore <a href=\"https:\/\/1001pateres.com\/produit\/porte-manteaux-en-bois-naturel-picket-umbra\/\">Picket<\/a>. L&rsquo;objectif avec cette marque est donc de profiter \u00e0 la fois d&rsquo;un <strong>objet d\u00e9coratif<\/strong>, et d&rsquo;une <strong>solution de rangement efficace<\/strong>._x000D_n_x000D_nEn revanche, ici, la solution reste<strong> originale<\/strong> et de <strong>belle qualit\u00e9<\/strong>, mais en <strong>acier bross\u00e9<\/strong>. La pat\u00e8re murale Alouette permet d&rsquo;apporter une touche de <strong>modernit\u00e9<\/strong> dans votre maison tout en restant ing\u00e9nieuse. Nos clients l&rsquo;utilisent plut\u00f4t sur un pan de mur blanc. Avec discr\u00e9tion, le set de 3 alouettes s&rsquo;int\u00e8grent facilement dans toute entr\u00e9e ou chambre._x000D_n_x000D_nEnfin, Alouette, la part\u00e8re murale Umbra, comporte un syst\u00e8me d&rsquo;accrochage avec 2 vis et 2 chevilles fournies.\u00a0Sa fixation au mur n\u00e9cessite l&rsquo;usage d&rsquo;une perceuse mais reste invisible. Ses <strong>dimensions<\/strong> sp\u00e9cifiques sont:_x000D_n<\/p>\n<ul>_x000D_n \t<\/p>\n<li>Alouette de 9 cm, 11 cm et 13,7 cm<\/li>\n<p>_x000D_n \t<\/p>\n<li>Ecartement du mur: 4,4 cm<\/li>\n<p>_x000D_n<\/ul>\n<p>_x000D_nN&rsquo;h\u00e9sitez pas \u00e0 nous contacter si vous avez des questions, via le formulaire de contact disponible sur ce site. Nous pourrons ainsi vous r\u00e9pondre et vous conseiller au mieux selon vos besoins.<\/p>\n","protected":false},"excerpt":{"rendered":"<p>Set de trois mod\u00e8le <strong>ALOUETTE<\/strong> de la marque <strong>UMBRA<\/strong>\u00a0en acier bross\u00e9. Ce mod\u00e8le ALOUETTE poss\u00e8de 3 pat\u00e8res stylis\u00e9e de taille diff\u00e9rentes id\u00e9ales dans l&rsquo;entr\u00e9e pour d\u00e9poser ses v\u00eatements et \u00e9viter de les voir trainer. Il saura se rendre indispensable.<\/p>\n","protected":false},"featured_media":2207,"comment_status":"closed","ping_status":"open","template":"","meta":[],"product_cat":[32,17],"product_tag":[27],"class_list":["post-585","product","type-product","status-publish","has-post-thumbnail","hentry","product_cat-entree-sejour","product_cat-salle-de-bain","product_tag-crochet-patere-patere-design-patere-murale-patere-porte-pateres-porte-serviette-porte-torchon-vestiaire","description-off"],"_links":{"self":[{"href":"https:\/\/roulettes.vaniseo.top\/index.php\/wp-json\/wp\/v2\/product\/585","targetHints":{"allow":["GET"]}}],"collection":[{"href":"https:\/\/roulettes.vaniseo.top\/index.php\/wp-json\/wp\/v2\/product"}],"about":[{"href":"https:\/\/roulettes.vaniseo.top\/index.php\/wp-json\/wp\/v2\/types\/product"}],"replies":[{"embeddable":true,"href":"https:\/\/roulettes.vaniseo.top\/index.php\/wp-json\/wp\/v2\/comments?post=585"}],"version-history":[{"count":0,"href":"https:\/\/roulettes.vaniseo.top\/index.php\/wp-json\/wp\/v2\/product\/585\/revisions"}],"wp:featuredmedia":[{"embeddable":true,"href":"https:\/\/roulettes.vaniseo.top\/index.php\/wp-json\/wp\/v2\/media\/2207"}],"wp:attachment":[{"href":"https:\/\/roulettes.vaniseo.top\/index.php\/wp-json\/wp\/v2\/media?parent=585"}],"wp:term":[{"taxonomy":"product_cat","embeddable":true,"href":"https:\/\/roulettes.vaniseo.top\/index.php\/wp-json\/wp\/v2\/product_cat?post=585"},{"taxonomy":"product_tag","embeddable":true,"href":"https:\/\/roulettes.vaniseo.top\/index.php\/wp-json\/wp\/v2\/product_tag?post=585"}],"curies":[{"name":"wp","href":"https:\/\/api.w.org\/{rel}","templated":true}]}}