{"id":586,"date":"2022-04-04T16:22:11","date_gmt":"2022-04-04T14:22:11","guid":{"rendered":"https:\/\/roulettes.vaniseo.top\/index.php\/produit\/porte-manteau-mural-bois-marron-et-5-pateres-dorees-umbra\/"},"modified":"2022-04-04T17:22:25","modified_gmt":"2022-04-04T15:22:25","slug":"porte-manteau-mural-bois-marron-et-5-pateres-dorees-umbra","status":"publish","type":"product","link":"https:\/\/roulettes.vaniseo.top\/index.php\/produit\/porte-manteau-mural-bois-marron-et-5-pateres-dorees-umbra\/","title":{"rendered":"Porte manteau mural bois marron et 5 pat\u00e8res dor\u00e9es UMBRA"},"content":{"rendered":"<h3><strong>Porte manteau original \u00e0 pat\u00e8res d\u00e9ployantes UMBRA<\/strong><\/h3>\n<p>_x000D_n<strong>1001 Pat\u00e8res<\/strong> vous d\u00e9livre ci dessous l&rsquo;ensemble des donn\u00e9es <strong>techniques<\/strong> et nos meilleures <strong>astuces<\/strong> d&rsquo;am\u00e9nagement pour cette pat\u00e8re. Il s&rsquo;agit donc d&rsquo;un<strong> porte manteau mural bois marron et 5 pat\u00e8res dor\u00e9es<\/strong> de chez <a href=\"https:\/\/eu.umbra.com\" target=\"_blank\" rel=\"noopener noreferrer\"><strong>Umbra<\/strong><\/a>._x000D_n_x000D_nTout d&rsquo;abord, <strong><a href=\"https:\/\/1001pateres.com\/brand\/umbra\/\">Umbra<\/a><\/strong> est la marque <strong>la plus vendue sur notre site,<\/strong> <strong>N\u00b01 en France de la vente en ligne de pat\u00e8res<\/strong>. Ainsi, Umbra est reconnue comme une marque de r\u00e9f\u00e9rence, pour le <strong>bon\u00a0rapport qualit\u00e9 prix<\/strong> de chaque r\u00e9f\u00e9rence._x000D_n_x000D_nAinsi, d\u00e9couvrez notamment sur ce site, la <strong>collection de pat\u00e8res d\u00e9ployantes<\/strong> sur support bois ou m\u00e9tal. Allant de 3 \u00e0 <a href=\"https:\/\/1001pateres.com\/produit\/porte-manteaux-8-pateres-metal-umbra-en-bois\/\">8 pat\u00e8res mobiles<\/a>, il est possible d&rsquo;optimiser le rangement de votre int\u00e9rieur avec style. En effet, quand les pat\u00e8res sont ferm\u00e9es, le produit devient un <strong>v\u00e9ritable objet de d\u00e9coration design<\/strong> et <strong>moderne<\/strong>. Quand une ou plusieurs pat\u00e8res sont ouvertes, le porte manteau devient un <strong>outil de rangement \u00e9l\u00e9gant<\/strong>._x000D_n_x000D_n&nbsp;_x000D_n<\/p>\n<h3>Porte manteau mural marron et dor\u00e9 Umbra<\/h3>\n<p>_x000D_nIci, sp\u00e9cifiquement, le <strong>porte manteau\u00a0original<\/strong> est <strong>tr\u00e8s moderne<\/strong>. L&rsquo;<strong>association des couleurs<\/strong> acier dor\u00e9 des pat\u00e8res sur un support au bois marron, offre un <strong>design contemporain<\/strong>._x000D_n_x000D_nDe ce fait, nous vous recommandons son installation dans n&rsquo;importe quelle pi\u00e8ce de votre espace pour offrir avec style une nouvelle solution de rangement. Nos clients aiment l&rsquo;utiliser <strong>sur un mur de salle de bain<\/strong> pour <strong>valoriser la brillance<\/strong> de la dorure et du bois._x000D_n_x000D_nD&rsquo;ailleurs, d\u00e9couvrez ce porte manteau mural bois en coloris:_x000D_n<\/p>\n<ul>_x000D_n \t<\/p>\n<li><a href=\"https:\/\/1001pateres.com\/produit\/porte-manteaux-5-pateres-metal-umbra-espresso\/\">Espresso et pat\u00e8res acier bross\u00e9<\/a><\/li>\n<p>_x000D_n \t<\/p>\n<li><a href=\"https:\/\/1001pateres.com\/produit\/porte-manteaux-5-pateres-metal-umbra-en-bois\/\">Bois et pat\u00e8res acier bross\u00e9<\/a><\/li>\n<p>_x000D_n \t<\/p>\n<li><a href=\"https:\/\/1001pateres.com\/produit\/porte-manteaux-5-pateres-metal-umbra\/\">Tout m\u00e9tal<\/a><\/li>\n<p>_x000D_n<\/ul>\n<p>_x000D_nPar ailleurs, pour son installation, le syst\u00e8me d&rsquo;<strong>accrochage est simple<\/strong>, encastr\u00e9 dans le bois et non visible une fois pos\u00e9 sur le mur.\u00a0<span style=\"line-height: 1.5\">Sa fixation se fait\u00a0au mur \u00e0 l&rsquo;aide de 2 vis et chevilles fournies et votre perceuse. Pensez \u00e0 v\u00e9rifier les <strong>dimensions<\/strong> du mur sur lequel vous souhaitez l&rsquo;accrocher par rapport \u00e0 celles du produit list\u00e9es ci dessous:<\/span>_x000D_n<\/p>\n<ul>_x000D_n \t<\/p>\n<li>Porte manteau mural: 50\u00a0cm X 6 cm<\/li>\n<p>_x000D_n \t<\/p>\n<li>Epaisseur du mur: 3\u00a0cm<\/li>\n<p>_x000D_n<\/ul>\n","protected":false},"excerpt":{"rendered":"<p>Porte-manteaux comportant 5 pat\u00e8res d\u00e9ployantes en m\u00e9tal de la marque <em><strong>UMBRA<\/strong><\/em> <strong>marron et dor\u00e9<\/strong>.\u00a0Ce porte-manteaux avec 5 pat\u00e8res est \u00e0 poser partout dans la maison pour ne plus voir trainer ses affaires.\u00a0Il comporte 5 pat\u00e8res en acier dor\u00e9 d\u00e9ployantes et est un tr\u00e8s bel objet de d\u00e9coration.<\/p>\n","protected":false},"featured_media":2210,"comment_status":"closed","ping_status":"open","template":"","meta":[],"product_cat":[29,19,32,21,22,17],"product_tag":[25],"class_list":["post-586","product","type-product","status-publish","has-post-thumbnail","hentry","product_cat-chambre-adulte","product_cat-collectivite","product_cat-entree-sejour","product_cat-entreprise","product_cat-pro","product_cat-salle-de-bain","product_tag-crochet-patere-patere-design-patere-murale-patere-porte-pateres-porte-manteau-porte-serviette-porte-torchon-vestiaire","description-off"],"_links":{"self":[{"href":"https:\/\/roulettes.vaniseo.top\/index.php\/wp-json\/wp\/v2\/product\/586","targetHints":{"allow":["GET"]}}],"collection":[{"href":"https:\/\/roulettes.vaniseo.top\/index.php\/wp-json\/wp\/v2\/product"}],"about":[{"href":"https:\/\/roulettes.vaniseo.top\/index.php\/wp-json\/wp\/v2\/types\/product"}],"replies":[{"embeddable":true,"href":"https:\/\/roulettes.vaniseo.top\/index.php\/wp-json\/wp\/v2\/comments?post=586"}],"version-history":[{"count":0,"href":"https:\/\/roulettes.vaniseo.top\/index.php\/wp-json\/wp\/v2\/product\/586\/revisions"}],"wp:featuredmedia":[{"embeddable":true,"href":"https:\/\/roulettes.vaniseo.top\/index.php\/wp-json\/wp\/v2\/media\/2210"}],"wp:attachment":[{"href":"https:\/\/roulettes.vaniseo.top\/index.php\/wp-json\/wp\/v2\/media?parent=586"}],"wp:term":[{"taxonomy":"product_cat","embeddable":true,"href":"https:\/\/roulettes.vaniseo.top\/index.php\/wp-json\/wp\/v2\/product_cat?post=586"},{"taxonomy":"product_tag","embeddable":true,"href":"https:\/\/roulettes.vaniseo.top\/index.php\/wp-json\/wp\/v2\/product_tag?post=586"}],"curies":[{"name":"wp","href":"https:\/\/api.w.org\/{rel}","templated":true}]}}