{"id":587,"date":"2022-04-04T16:22:11","date_gmt":"2022-04-04T14:22:11","guid":{"rendered":"https:\/\/roulettes.vaniseo.top\/index.php\/produit\/porte-torchon-sur-porte-noir-2-buddy-hooks-umbra\/"},"modified":"2022-04-04T17:22:26","modified_gmt":"2022-04-04T15:22:26","slug":"porte-torchon-sur-porte-noir-2-buddy-hooks-umbra","status":"publish","type":"product","link":"https:\/\/roulettes.vaniseo.top\/index.php\/produit\/porte-torchon-sur-porte-noir-2-buddy-hooks-umbra\/","title":{"rendered":"Porte torchon sur porte noir 2 BUDDY HOOKS UMBRA"},"content":{"rendered":"<h3>Pat\u00e8re sur porte noir design avec 2 BUDDY HOOKS<\/h3>\n<p>_x000D_nAvec 1001 Pat\u00e8res, d\u00e9couvrez tous les d\u00e9tails techniques et les caract\u00e9ristiques produit de ce porte torchon sur porte noir,<strong>\u00a0<\/strong>r\u00e9f\u00e9renc\u00e9es sous le nom de\u00a0<strong>BUDDY HOOKS <\/strong>de chez\u00a0<a href=\"https:\/\/1001pateres.com\/brand\/umbra\/\" target=\"_blank\" rel=\"noopener noreferrer\">UMBRA<\/a>._x000D_n_x000D_nTout d&rsquo;abord, rappelons qu&rsquo;Umbra est une marque canadienne sp\u00e9cialis\u00e9e dans les pat\u00e8res pratiques et \u00e9l\u00e9gantes. On adore par exemple la gamme\u00a0<a href=\"https:\/\/1001pateres.com\/produit\/porte-manteaux-sticks-umbra-noir\/\">Sticks<\/a>\u00a0qui utilise le concept de pat\u00e8re d\u00e9ployante._x000D_n_x000D_nIci, le porte torchon sur porte est e couleur noir. Il propose 2 crochets. Buddy Hooks d\u00e9veloppe des formes de\u00a0<strong>petits personnages sans d\u00e9tail escaladant le mur<\/strong>. Nous proposons sur ce site d&rsquo;autres r\u00e9f\u00e9rences \u00e0 3 crochets, \u00e0 fixer, dans les coloris <a href=\"https:\/\/1001pateres.com\/produit\/set-de-3-pateres-buddy-hooks-pastel-umbra\/\">pastel<\/a>, <a href=\"https:\/\/1001pateres.com\/produit\/set-de-3-pateres-buddy-hooks-blanc-umbra\/\">blanc<\/a>, et <a href=\"https:\/\/1001pateres.com\/produit\/set-de-3-pateres-buddy-hooks-color-umbra\/\">multicolor<\/a>\u00a0\u00e0\u00a0<strong>16,90\u20ac<\/strong>._x000D_n_x000D_nEn revanche, cette pat\u00e8re sur porte de placard de cuisine mod\u00e8le BUDDY HOOKS noir de la marque <em><strong>UMBRA<\/strong> <\/em>est \u00e0 poser. Elle s&rsquo;utilise sur\u00a0<strong>d<\/strong><b>es portes de placard pour ranger serviettes ou\u00a0v\u00eatements.<\/b>_x000D_n_x000D_nEnfin, ces pat\u00e8res\u00a0sont <strong>originales<\/strong> et de <strong>belle qualit\u00e9<\/strong>, avec\u00a0de tr\u00e8s <strong>belles finitions<\/strong>.\u00a0<span style=\"line-height: 1.5\">Elles permettent une touche de modernit\u00e9 dans votre maison tout en restant tr\u00e8s pratiques.<\/span>_x000D_n_x000D_n&nbsp;_x000D_n<\/p>\n<h3>Fixer pat\u00e8re sur porte\u00a02 crochets\u00a0noire Buddy Hooks Umbra<\/h3>\n<p>_x000D_nPar ailleurs, chaque pat\u00e8re Buddy Hooks de la marque est en <strong>plastique dur<\/strong> ce qui offre un\u00a0<strong>toucher doux, rond\u00a0<\/strong> tr\u00e8s agr\u00e9able._x000D_n_x000D_nEt, c\u00f4t\u00e9 accrochage, vous aimerez la rapidit\u00e9 d&rsquo;utilisation puisqu&rsquo;il suffit de la poser sur la tranche de n&rsquo;importe quelle porte de placard.<span style=\"line-height: 1.5\">\u00a0Sans trou et sans fixation \u00e0 r\u00e9aliser, il est facile de l&rsquo;installer partout o\u00f9 on le souhaite pour d\u00e9corer et ranger.\u00a0<\/span>Une fois install\u00e9e, chaque personnage <strong>supporte un poids de 0,6 kg<\/strong>._x000D_n_x000D_n&nbsp;_x000D_n<\/p>\n<h4><strong>Dimensions porte torchon sur porte<\/strong><\/h4>\n<p>_x000D_nPour finir, v\u00e9rifiez, quelque soit votre projet, les dimensions de ce porte torchon sur porte:_x000D_n<\/p>\n<ul>_x000D_n \t<\/p>\n<li><strong>Dimension : 12,5 cm X 5,8 cm<\/strong><\/li>\n<p>_x000D_n \t<\/p>\n<li><strong>Epaisseur de porte: 2 cm<\/strong><\/li>\n<p>_x000D_n<\/ul>\n<p>_x000D_nAinsi, vous l&rsquo;aurez compris, seule l&rsquo;\u00e9paisseur m\u00e9rite d&rsquo;\u00eatre v\u00e9rifi\u00e9 mais ceux ci s&rsquo;ins\u00e8rent partout et rapidement.<\/p>\n","protected":false},"excerpt":{"rendered":"<p>Ce sur-porte de 2 pat\u00e8res mod\u00e8le <strong>BUDDY HOOKS noir mat<\/strong>\u00a0de la marque <em><strong>UMBRA<\/strong> <\/em>est \u00e0 poser dans la cuisine au dessus des portes pour ne plus voir trainer ses torchons. Chaque pat\u00e8re personnage en noir est en plastique dur au toucher doux. Chaque personnage permet de supporter un poids de 0,6 kg. Cette pat\u00e8re sur-porte est originale et de belle qualit\u00e9 et peut se poser sur une porte de placard de cuisine pour poser ses torchons.\u00a0<span style=\"line-height: 1.5\">Elles permettent une touche de modernit\u00e9 dans votre cuisine tout en restant tr\u00e8s pratiques.<\/span><\/p>\n","protected":false},"featured_media":2213,"comment_status":"closed","ping_status":"open","template":"","meta":[],"product_cat":[20],"product_tag":[27],"class_list":["post-587","product","type-product","status-publish","has-post-thumbnail","hentry","product_cat-cuisine","product_tag-crochet-patere-patere-design-patere-murale-patere-porte-pateres-porte-serviette-porte-torchon-vestiaire","description-off"],"_links":{"self":[{"href":"https:\/\/roulettes.vaniseo.top\/index.php\/wp-json\/wp\/v2\/product\/587","targetHints":{"allow":["GET"]}}],"collection":[{"href":"https:\/\/roulettes.vaniseo.top\/index.php\/wp-json\/wp\/v2\/product"}],"about":[{"href":"https:\/\/roulettes.vaniseo.top\/index.php\/wp-json\/wp\/v2\/types\/product"}],"replies":[{"embeddable":true,"href":"https:\/\/roulettes.vaniseo.top\/index.php\/wp-json\/wp\/v2\/comments?post=587"}],"version-history":[{"count":0,"href":"https:\/\/roulettes.vaniseo.top\/index.php\/wp-json\/wp\/v2\/product\/587\/revisions"}],"wp:featuredmedia":[{"embeddable":true,"href":"https:\/\/roulettes.vaniseo.top\/index.php\/wp-json\/wp\/v2\/media\/2213"}],"wp:attachment":[{"href":"https:\/\/roulettes.vaniseo.top\/index.php\/wp-json\/wp\/v2\/media?parent=587"}],"wp:term":[{"taxonomy":"product_cat","embeddable":true,"href":"https:\/\/roulettes.vaniseo.top\/index.php\/wp-json\/wp\/v2\/product_cat?post=587"},{"taxonomy":"product_tag","embeddable":true,"href":"https:\/\/roulettes.vaniseo.top\/index.php\/wp-json\/wp\/v2\/product_tag?post=587"}],"curies":[{"name":"wp","href":"https:\/\/api.w.org\/{rel}","templated":true}]}}